{"id":7202,"date":"2024-04-24T17:24:35","date_gmt":"2024-04-24T17:24:35","guid":{"rendered":"https:\/\/luxuryinportugal.com\/pwinecastes\/product\/rojo-vinha-grande\/"},"modified":"2024-05-25T15:42:00","modified_gmt":"2024-05-25T15:42:00","slug":"rojo-vinha-grande","status":"publish","type":"product","link":"https:\/\/pwinecastes.com\/es\/product\/rojo-vinha-grande\/","title":{"rendered":"Rojo Vinha Grande"},"content":{"rendered":"<p>Rojo Vinha Grande<\/p>\n<ul>\n<li><strong>Regi\u00f3n: <\/strong>Douro.<\/li>\n<li><strong>Capacidad:<\/strong> 75cL<\/li>\n<li><strong>Variedades de uva: <\/strong>Touriga Nacional, Touriga Franca, Tinta Roriz y Tinta Barroca.<\/li>\n<li><strong>Graduaci\u00f3n alcoh\u00f3lica: <\/strong>13,5% vol.<\/li>\n<li><strong>Nota de cata<\/strong>: De color rub\u00ed profundo, este vino revela un aroma intenso y complejo. Destacan los componentes bals\u00e1micos del cedro y la caja de tabaco, los florales del cistus y la resina, y los frutos rojos como la mora y la grosella. Tambi\u00e9n revela frutos negros, sobre todo ciruelas, siempre bien integrados con la discreta madera. En boca tiene buen volumen, acidez viva y taninos firmes. El final es largo y equilibrado.<\/li>\n<li><strong>Informaci\u00f3n adicional:<\/strong> Contiene sulfitos.<\/li>\n<\/ul>\n","protected":false},"excerpt":{"rendered":"<p>Rojo Vinha Grande Regi\u00f3n: Douro. Capacidad: 75cL Variedades de uva: Touriga Nacional, Touriga Franca, Tinta Roriz y Tinta Barroca. Graduaci\u00f3n alcoh\u00f3lica: 13,5% vol. Nota de cata: De color rub\u00ed profundo, este vino revela un aroma intenso y complejo. Destacan los componentes bals\u00e1micos del cedro y la caja de tabaco, los florales del cistus y la [&hellip;]<\/p>\n","protected":false},"featured_media":7481,"template":"","meta":{"_monsterinsights_skip_tracking":false,"_monsterinsights_sitenote_active":false,"_monsterinsights_sitenote_note":"","_monsterinsights_sitenote_category":0},"product_brand":[],"product_cat":[217,209,212,213,262,102],"product_tag":[],"class_list":{"0":"post-7202","1":"product","2":"type-product","3":"status-publish","4":"has-post-thumbnail","6":"product_cat-douro-es","7":"product_cat-pais-es-2","8":"product_cat-portugal-es-2","9":"product_cat-region-es","10":"product_cat-tinto-es-5","11":"product_cat-vinos","13":"first","14":"instock","15":"taxable","16":"shipping-taxable","17":"purchasable","18":"product-type-simple"},"aioseo_notices":[],"_links":{"self":[{"href":"https:\/\/pwinecastes.com\/es\/wp-json\/wp\/v2\/product\/7202","targetHints":{"allow":["GET"]}}],"collection":[{"href":"https:\/\/pwinecastes.com\/es\/wp-json\/wp\/v2\/product"}],"about":[{"href":"https:\/\/pwinecastes.com\/es\/wp-json\/wp\/v2\/types\/product"}],"version-history":[{"count":0,"href":"https:\/\/pwinecastes.com\/es\/wp-json\/wp\/v2\/product\/7202\/revisions"}],"wp:featuredmedia":[{"embeddable":true,"href":"https:\/\/pwinecastes.com\/es\/wp-json\/wp\/v2\/media\/7481"}],"wp:attachment":[{"href":"https:\/\/pwinecastes.com\/es\/wp-json\/wp\/v2\/media?parent=7202"}],"wp:term":[{"taxonomy":"product_brand","embeddable":true,"href":"https:\/\/pwinecastes.com\/es\/wp-json\/wp\/v2\/product_brand?post=7202"},{"taxonomy":"product_cat","embeddable":true,"href":"https:\/\/pwinecastes.com\/es\/wp-json\/wp\/v2\/product_cat?post=7202"},{"taxonomy":"product_tag","embeddable":true,"href":"https:\/\/pwinecastes.com\/es\/wp-json\/wp\/v2\/product_tag?post=7202"}],"curies":[{"name":"wp","href":"https:\/\/api.w.org\/{rel}","templated":true}]}}