{"id":7205,"date":"2024-04-24T17:31:06","date_gmt":"2024-04-24T17:31:06","guid":{"rendered":"https:\/\/luxuryinportugal.com\/pwinecastes\/product\/vinha-dervideira-cosecha-tardia\/"},"modified":"2024-05-25T15:40:28","modified_gmt":"2024-05-25T15:40:28","slug":"vinha-dervideira-cosecha-tardia","status":"publish","type":"product","link":"https:\/\/pwinecastes.com\/es\/product\/vinha-dervideira-cosecha-tardia\/","title":{"rendered":"Vinha D&#8217;Ervideira Cosecha tard\u00eda"},"content":{"rendered":"<p>Vinha D&#8217;Ervideira Cosecha tard\u00eda<\/p>\n<ul>\n<li><strong>Regi\u00f3n: <\/strong>Alentejo.<\/li>\n<li><strong>Capacidad:<\/strong> 75cL<\/li>\n<li><strong>Variedades de uva: <\/strong>Ant\u00e3o Vaz.<\/li>\n<li><strong>Graduaci\u00f3n alcoh\u00f3lica: <\/strong>13,5% vol.<\/li>\n<li><strong>Nota de cata: <\/strong>Notas de licor de pera y pl\u00e1tano en nariz. Tambi\u00e9n higos. La viva acidez levanta el vino, buen cuerpo sin exagerar, perfil ligero y muy sabroso.<\/li>\n<li><strong>Informaci\u00f3n adicional:<\/strong> Contiene sulfitos.<\/li>\n<\/ul>\n","protected":false},"excerpt":{"rendered":"<p>Vinha D&#8217;Ervideira Cosecha tard\u00eda Regi\u00f3n: Alentejo. Capacidad: 75cL Variedades de uva: Ant\u00e3o Vaz. Graduaci\u00f3n alcoh\u00f3lica: 13,5% vol. Nota de cata: Notas de licor de pera y pl\u00e1tano en nariz. Tambi\u00e9n higos. La viva acidez levanta el vino, buen cuerpo sin exagerar, perfil ligero y muy sabroso. Informaci\u00f3n adicional: Contiene sulfitos.<\/p>\n","protected":false},"featured_media":7454,"template":"","meta":{"_monsterinsights_skip_tracking":false,"_monsterinsights_sitenote_active":false,"_monsterinsights_sitenote_note":"","_monsterinsights_sitenote_category":0},"product_brand":[],"product_cat":[214,232,209,212,213,102],"product_tag":[],"class_list":{"0":"post-7205","1":"product","2":"type-product","3":"status-publish","4":"has-post-thumbnail","6":"product_cat-alentejo-es","7":"product_cat-blanco-es","8":"product_cat-pais-es-2","9":"product_cat-portugal-es-2","10":"product_cat-region-es","11":"product_cat-vinos","13":"first","14":"instock","15":"taxable","16":"shipping-taxable","17":"purchasable","18":"product-type-simple"},"aioseo_notices":[],"_links":{"self":[{"href":"https:\/\/pwinecastes.com\/es\/wp-json\/wp\/v2\/product\/7205","targetHints":{"allow":["GET"]}}],"collection":[{"href":"https:\/\/pwinecastes.com\/es\/wp-json\/wp\/v2\/product"}],"about":[{"href":"https:\/\/pwinecastes.com\/es\/wp-json\/wp\/v2\/types\/product"}],"version-history":[{"count":0,"href":"https:\/\/pwinecastes.com\/es\/wp-json\/wp\/v2\/product\/7205\/revisions"}],"wp:featuredmedia":[{"embeddable":true,"href":"https:\/\/pwinecastes.com\/es\/wp-json\/wp\/v2\/media\/7454"}],"wp:attachment":[{"href":"https:\/\/pwinecastes.com\/es\/wp-json\/wp\/v2\/media?parent=7205"}],"wp:term":[{"taxonomy":"product_brand","embeddable":true,"href":"https:\/\/pwinecastes.com\/es\/wp-json\/wp\/v2\/product_brand?post=7205"},{"taxonomy":"product_cat","embeddable":true,"href":"https:\/\/pwinecastes.com\/es\/wp-json\/wp\/v2\/product_cat?post=7205"},{"taxonomy":"product_tag","embeddable":true,"href":"https:\/\/pwinecastes.com\/es\/wp-json\/wp\/v2\/product_tag?post=7205"}],"curies":[{"name":"wp","href":"https:\/\/api.w.org\/{rel}","templated":true}]}}