{"id":7224,"date":"2024-04-26T14:06:13","date_gmt":"2024-04-26T14:06:13","guid":{"rendered":"https:\/\/luxuryinportugal.com\/pwinecastes\/product\/vino-blanco-alentejo-pera-manca-2021\/"},"modified":"2025-12-09T18:31:26","modified_gmt":"2025-12-09T18:31:26","slug":"vino-blanco-alentejo-pera-manca-2021","status":"publish","type":"product","link":"https:\/\/pwinecastes.com\/es\/product\/vino-blanco-alentejo-pera-manca-2021\/","title":{"rendered":"P\u00eara Manca Blanco 2022"},"content":{"rendered":"<p>P\u00eara Manca Blanco 2022<\/p>\n<ul>\n<li><strong>Regi\u00f3n:<\/strong> Alentejo.<\/li>\n<li><strong>Capacidad:<\/strong> 75 cL<\/li>\n<li><strong>Variedades de uva: <\/strong>Arinto y Ant\u00e3o Vaz.<\/li>\n<li><strong>Graduaci\u00f3n alcoh\u00f3lica: <\/strong>13,5% vol.<\/li>\n<li><strong>Nota de cata:<\/strong> Fruta blanca, verduras secas, suaves notas ahumadas, muy elegante y bien proporcionado. Grande pero fresco y cremoso, con acidez viva, cuerpo medio, buena estructura, un final puro y centrado, con ligero amargor.<\/li>\n<li><strong>Informaci\u00f3n adicional:<\/strong> Contiene sulfitos.<\/li>\n<\/ul>\n","protected":false},"excerpt":{"rendered":"<p>P\u00eara Manca Blanco 2022 Regi\u00f3n: Alentejo. Capacidad: 75 cL Variedades de uva: Arinto y Ant\u00e3o Vaz. Graduaci\u00f3n alcoh\u00f3lica: 13,5% vol. Nota de cata: Fruta blanca, verduras secas, suaves notas ahumadas, muy elegante y bien proporcionado. Grande pero fresco y cremoso, con acidez viva, cuerpo medio, buena estructura, un final puro y centrado, con ligero amargor. [&hellip;]<\/p>\n","protected":false},"featured_media":7468,"template":"","meta":{"_monsterinsights_skip_tracking":false,"_monsterinsights_sitenote_active":false,"_monsterinsights_sitenote_note":"","_monsterinsights_sitenote_category":0},"product_brand":[],"product_cat":[214,232,209,212,213,102],"product_tag":[],"class_list":{"0":"post-7224","1":"product","2":"type-product","3":"status-publish","4":"has-post-thumbnail","6":"product_cat-alentejo-es","7":"product_cat-blanco-es","8":"product_cat-pais-es-2","9":"product_cat-portugal-es-2","10":"product_cat-region-es","11":"product_cat-vinos","13":"first","14":"instock","15":"taxable","16":"shipping-taxable","17":"purchasable","18":"product-type-simple"},"aioseo_notices":[],"_links":{"self":[{"href":"https:\/\/pwinecastes.com\/es\/wp-json\/wp\/v2\/product\/7224","targetHints":{"allow":["GET"]}}],"collection":[{"href":"https:\/\/pwinecastes.com\/es\/wp-json\/wp\/v2\/product"}],"about":[{"href":"https:\/\/pwinecastes.com\/es\/wp-json\/wp\/v2\/types\/product"}],"version-history":[{"count":0,"href":"https:\/\/pwinecastes.com\/es\/wp-json\/wp\/v2\/product\/7224\/revisions"}],"wp:featuredmedia":[{"embeddable":true,"href":"https:\/\/pwinecastes.com\/es\/wp-json\/wp\/v2\/media\/7468"}],"wp:attachment":[{"href":"https:\/\/pwinecastes.com\/es\/wp-json\/wp\/v2\/media?parent=7224"}],"wp:term":[{"taxonomy":"product_brand","embeddable":true,"href":"https:\/\/pwinecastes.com\/es\/wp-json\/wp\/v2\/product_brand?post=7224"},{"taxonomy":"product_cat","embeddable":true,"href":"https:\/\/pwinecastes.com\/es\/wp-json\/wp\/v2\/product_cat?post=7224"},{"taxonomy":"product_tag","embeddable":true,"href":"https:\/\/pwinecastes.com\/es\/wp-json\/wp\/v2\/product_tag?post=7224"}],"curies":[{"name":"wp","href":"https:\/\/api.w.org\/{rel}","templated":true}]}}