{"id":7233,"date":"2024-04-26T14:25:11","date_gmt":"2024-04-26T14:25:11","guid":{"rendered":"https:\/\/luxuryinportugal.com\/pwinecastes\/product\/vino-blanco-casa-albuquerque-encruzado-2021\/"},"modified":"2025-03-22T17:45:58","modified_gmt":"2025-03-22T17:45:58","slug":"vino-blanco-casa-albuquerque-encruzado-2021","status":"publish","type":"product","link":"https:\/\/pwinecastes.com\/es\/product\/vino-blanco-casa-albuquerque-encruzado-2021\/","title":{"rendered":"Casa Albuquerque Encruzado 2023"},"content":{"rendered":"<p>Casa Albuquerque Encruzado 2023<\/p>\n<ul>\n<li><strong>Regi\u00f3n: <\/strong>D\u00e3o<\/li>\n<li><strong>Capacidad:<\/strong> 75 cL<\/li>\n<li><strong>Variedades de uva: <\/strong>Encruzado<\/li>\n<li><strong>Graduaci\u00f3n alcoh\u00f3lica: <\/strong>14%<\/li>\n<li><strong>Nota de cata:<\/strong> Tiene un aspecto l\u00edmpido, un color c\u00edtrico, mucha exuberancia y elegancia, con fruta de pulpa blanca y algo tostada. Se encuentra la plenitud y el equilibrio de su acidez.<\/li>\n<li><strong>Informaci\u00f3n adicional:<\/strong> Contiene sulfitos.<\/li>\n<\/ul>\n","protected":false},"excerpt":{"rendered":"<p>Casa Albuquerque Encruzado 2023 Regi\u00f3n: D\u00e3o Capacidad: 75 cL Variedades de uva: Encruzado Graduaci\u00f3n alcoh\u00f3lica: 14% Nota de cata: Tiene un aspecto l\u00edmpido, un color c\u00edtrico, mucha exuberancia y elegancia, con fruta de pulpa blanca y algo tostada. Se encuentra la plenitud y el equilibrio de su acidez. Informaci\u00f3n adicional: Contiene sulfitos.<\/p>\n","protected":false},"featured_media":7505,"template":"","meta":{"_monsterinsights_skip_tracking":false,"_monsterinsights_sitenote_active":false,"_monsterinsights_sitenote_note":"","_monsterinsights_sitenote_category":0},"product_brand":[],"product_cat":[250,216,209,212,213,102],"product_tag":[],"class_list":{"0":"post-7233","1":"product","2":"type-product","3":"status-publish","4":"has-post-thumbnail","6":"product_cat-blanco-es-3","7":"product_cat-dao-es","8":"product_cat-pais-es-2","9":"product_cat-portugal-es-2","10":"product_cat-region-es","11":"product_cat-vinos","13":"first","14":"instock","15":"taxable","16":"shipping-taxable","17":"purchasable","18":"product-type-simple"},"aioseo_notices":[],"_links":{"self":[{"href":"https:\/\/pwinecastes.com\/es\/wp-json\/wp\/v2\/product\/7233","targetHints":{"allow":["GET"]}}],"collection":[{"href":"https:\/\/pwinecastes.com\/es\/wp-json\/wp\/v2\/product"}],"about":[{"href":"https:\/\/pwinecastes.com\/es\/wp-json\/wp\/v2\/types\/product"}],"version-history":[{"count":0,"href":"https:\/\/pwinecastes.com\/es\/wp-json\/wp\/v2\/product\/7233\/revisions"}],"wp:featuredmedia":[{"embeddable":true,"href":"https:\/\/pwinecastes.com\/es\/wp-json\/wp\/v2\/media\/7505"}],"wp:attachment":[{"href":"https:\/\/pwinecastes.com\/es\/wp-json\/wp\/v2\/media?parent=7233"}],"wp:term":[{"taxonomy":"product_brand","embeddable":true,"href":"https:\/\/pwinecastes.com\/es\/wp-json\/wp\/v2\/product_brand?post=7233"},{"taxonomy":"product_cat","embeddable":true,"href":"https:\/\/pwinecastes.com\/es\/wp-json\/wp\/v2\/product_cat?post=7233"},{"taxonomy":"product_tag","embeddable":true,"href":"https:\/\/pwinecastes.com\/es\/wp-json\/wp\/v2\/product_tag?post=7233"}],"curies":[{"name":"wp","href":"https:\/\/api.w.org\/{rel}","templated":true}]}}