{"id":7283,"date":"2024-04-26T16:54:13","date_gmt":"2024-04-26T16:54:13","guid":{"rendered":"https:\/\/luxuryinportugal.com\/pwinecastes\/product\/memorias-de-santar-encruzado-vino-blanco-malvasia-fina\/"},"modified":"2024-05-25T15:09:33","modified_gmt":"2024-05-25T15:09:33","slug":"memorias-de-santar-encruzado-vino-blanco-malvasia-fina","status":"publish","type":"product","link":"https:\/\/pwinecastes.com\/es\/product\/memorias-de-santar-encruzado-vino-blanco-malvasia-fina\/","title":{"rendered":"Mem\u00f3rias de Santar Encruzado\/Malvasia Fina 2022"},"content":{"rendered":"<p>Mem\u00f3rias de Santar Encruzado\/Malvasia Fina 2022<\/p>\n<ul>\n<li><strong>Regi\u00f3n: <\/strong>D\u00e3o y Laf\u00f5es.<\/li>\n<li><strong>Capacidad:<\/strong> 75cL<\/li>\n<li><strong>Variedades de uva:<\/strong> Encruzado y Malvas\u00eda Fina.<\/li>\n<li><strong>Graduaci\u00f3n alcoh\u00f3lica: <\/strong>12,5% vol.<\/li>\n<li><strong>Notas de<\/strong> <strong>cata:<\/strong> Notas c\u00edtricas y de fruta blanca. Muy buen volumen en boca, mineral y muy delicado con fruta madura. Un perfil gastron\u00f3mico moderno pero con clase.<\/li>\n<li><strong>Informaci\u00f3n adicional:<\/strong> Contiene sulfitos.<\/li>\n<\/ul>\n","protected":false},"excerpt":{"rendered":"<p>Mem\u00f3rias de Santar Encruzado\/Malvasia Fina 2022 Regi\u00f3n: D\u00e3o y Laf\u00f5es. Capacidad: 75cL Variedades de uva: Encruzado y Malvas\u00eda Fina. Graduaci\u00f3n alcoh\u00f3lica: 12,5% vol. Notas de cata: Notas c\u00edtricas y de fruta blanca. Muy buen volumen en boca, mineral y muy delicado con fruta madura. Un perfil gastron\u00f3mico moderno pero con clase. Informaci\u00f3n adicional: Contiene sulfitos.<\/p>\n","protected":false},"featured_media":7609,"template":"","meta":{"_monsterinsights_skip_tracking":false,"_monsterinsights_sitenote_active":false,"_monsterinsights_sitenote_note":"","_monsterinsights_sitenote_category":0},"product_brand":[],"product_cat":[250,216,209,212,213,102],"product_tag":[],"class_list":{"0":"post-7283","1":"product","2":"type-product","3":"status-publish","4":"has-post-thumbnail","6":"product_cat-blanco-es-3","7":"product_cat-dao-es","8":"product_cat-pais-es-2","9":"product_cat-portugal-es-2","10":"product_cat-region-es","11":"product_cat-vinos","13":"first","14":"instock","15":"taxable","16":"shipping-taxable","17":"purchasable","18":"product-type-simple"},"aioseo_notices":[],"_links":{"self":[{"href":"https:\/\/pwinecastes.com\/es\/wp-json\/wp\/v2\/product\/7283","targetHints":{"allow":["GET"]}}],"collection":[{"href":"https:\/\/pwinecastes.com\/es\/wp-json\/wp\/v2\/product"}],"about":[{"href":"https:\/\/pwinecastes.com\/es\/wp-json\/wp\/v2\/types\/product"}],"version-history":[{"count":0,"href":"https:\/\/pwinecastes.com\/es\/wp-json\/wp\/v2\/product\/7283\/revisions"}],"wp:featuredmedia":[{"embeddable":true,"href":"https:\/\/pwinecastes.com\/es\/wp-json\/wp\/v2\/media\/7609"}],"wp:attachment":[{"href":"https:\/\/pwinecastes.com\/es\/wp-json\/wp\/v2\/media?parent=7283"}],"wp:term":[{"taxonomy":"product_brand","embeddable":true,"href":"https:\/\/pwinecastes.com\/es\/wp-json\/wp\/v2\/product_brand?post=7283"},{"taxonomy":"product_cat","embeddable":true,"href":"https:\/\/pwinecastes.com\/es\/wp-json\/wp\/v2\/product_cat?post=7283"},{"taxonomy":"product_tag","embeddable":true,"href":"https:\/\/pwinecastes.com\/es\/wp-json\/wp\/v2\/product_tag?post=7283"}],"curies":[{"name":"wp","href":"https:\/\/api.w.org\/{rel}","templated":true}]}}