{"id":7286,"date":"2024-04-26T17:00:40","date_gmt":"2024-04-26T17:00:40","guid":{"rendered":"https:\/\/luxuryinportugal.com\/pwinecastes\/product\/titan-del-duero-vino-blanco-fragmentado\/"},"modified":"2024-05-25T15:18:34","modified_gmt":"2024-05-25T15:18:34","slug":"titan-del-duero-vino-blanco-fragmentado","status":"publish","type":"product","link":"https:\/\/pwinecastes.com\/es\/product\/titan-del-duero-vino-blanco-fragmentado\/","title":{"rendered":"Tit\u00e1n Del Duero Blanco Fragmentado Blend II"},"content":{"rendered":"<p>Tit\u00e1n Del Duero Blanco Fragmentado Blend II<\/p>\n<ul>\n<li><strong>Regi\u00f3n: <\/strong>Douro.<\/li>\n<li><strong>Capacidad:<\/strong> 75cL<\/li>\n<li><strong>Variedades de uva: <\/strong>Arinto, Bical, Cerceal, C\u00f3dega do Larinho, Dona Branca, Donzelinho Branco, Esgana C\u00e3o, Fern\u00e3o Pires, Folgaz\u00e3o, Gouveio, Malvasia Fina, Malvasia Parda, Rabigato, Samarrinho, S\u00edria, Rabo de Ovelha y Vital.<\/li>\n<li><strong>Graduaci\u00f3n alcoh\u00f3lica: <\/strong>13,5% vol.<\/li>\n<li><strong>Nota de cata:<\/strong> Aromas de panader\u00eda, miel, pomelo, flores blancas y piedra mojada. En boca es un vino lleno de capas, muy voluminoso y lleno de energ\u00eda dada su persistente frescura. Color pajizo intenso<\/li>\n<li><strong>Maridaje: <\/strong>Disfr\u00fatalo con platos de sabor complejo y rico, como pescado al horno, marisco y quesos curados.<\/li>\n<li><strong>Informaci\u00f3n adicional:<\/strong> Contiene sulfitos.<\/li>\n<\/ul>\n","protected":false},"excerpt":{"rendered":"<p>Tit\u00e1n Del Duero Blanco Fragmentado Blend II Regi\u00f3n: Douro. Capacidad: 75cL Variedades de uva: Arinto, Bical, Cerceal, C\u00f3dega do Larinho, Dona Branca, Donzelinho Branco, Esgana C\u00e3o, Fern\u00e3o Pires, Folgaz\u00e3o, Gouveio, Malvasia Fina, Malvasia Parda, Rabigato, Samarrinho, S\u00edria, Rabo de Ovelha y Vital. Graduaci\u00f3n alcoh\u00f3lica: 13,5% vol. Nota de cata: Aromas de panader\u00eda, miel, pomelo, flores [&hellip;]<\/p>\n","protected":false},"featured_media":7624,"template":"","meta":{"_monsterinsights_skip_tracking":false,"_monsterinsights_sitenote_active":false,"_monsterinsights_sitenote_note":"","_monsterinsights_sitenote_category":0},"product_brand":[],"product_cat":[261,217,209,212,213,102],"product_tag":[],"class_list":{"0":"post-7286","1":"product","2":"type-product","3":"status-publish","4":"has-post-thumbnail","6":"product_cat-blanco-es-4","7":"product_cat-douro-es","8":"product_cat-pais-es-2","9":"product_cat-portugal-es-2","10":"product_cat-region-es","11":"product_cat-vinos","13":"first","14":"instock","15":"taxable","16":"shipping-taxable","17":"purchasable","18":"product-type-simple"},"aioseo_notices":[],"_links":{"self":[{"href":"https:\/\/pwinecastes.com\/es\/wp-json\/wp\/v2\/product\/7286","targetHints":{"allow":["GET"]}}],"collection":[{"href":"https:\/\/pwinecastes.com\/es\/wp-json\/wp\/v2\/product"}],"about":[{"href":"https:\/\/pwinecastes.com\/es\/wp-json\/wp\/v2\/types\/product"}],"version-history":[{"count":0,"href":"https:\/\/pwinecastes.com\/es\/wp-json\/wp\/v2\/product\/7286\/revisions"}],"wp:featuredmedia":[{"embeddable":true,"href":"https:\/\/pwinecastes.com\/es\/wp-json\/wp\/v2\/media\/7624"}],"wp:attachment":[{"href":"https:\/\/pwinecastes.com\/es\/wp-json\/wp\/v2\/media?parent=7286"}],"wp:term":[{"taxonomy":"product_brand","embeddable":true,"href":"https:\/\/pwinecastes.com\/es\/wp-json\/wp\/v2\/product_brand?post=7286"},{"taxonomy":"product_cat","embeddable":true,"href":"https:\/\/pwinecastes.com\/es\/wp-json\/wp\/v2\/product_cat?post=7286"},{"taxonomy":"product_tag","embeddable":true,"href":"https:\/\/pwinecastes.com\/es\/wp-json\/wp\/v2\/product_tag?post=7286"}],"curies":[{"name":"wp","href":"https:\/\/api.w.org\/{rel}","templated":true}]}}