{"id":7289,"date":"2024-04-26T17:09:19","date_gmt":"2024-04-26T17:09:19","guid":{"rendered":"https:\/\/luxuryinportugal.com\/pwinecastes\/product\/clarete-proibido-vino-rosado-duero-2020\/"},"modified":"2024-05-25T15:07:11","modified_gmt":"2024-05-25T15:07:11","slug":"clarete-proibido-vino-rosado-duero-2020","status":"publish","type":"product","link":"https:\/\/pwinecastes.com\/es\/product\/clarete-proibido-vino-rosado-duero-2020\/","title":{"rendered":"Clarete Proibido Rosado 2020"},"content":{"rendered":"<p>Clarete Proibido Rosado 2020<\/p>\n<ul>\n<li><strong>Regi\u00f3n: <\/strong>Douro.<\/li>\n<li><strong>Capacidad:<\/strong> 75cL<\/li>\n<li><strong>Variedades de uva: <\/strong>Rufete, Tinta Amarela, Tinta da Barca, Tinta Francisca, Vinhas Velhas.<\/li>\n<li><strong>Graduaci\u00f3n alcoh\u00f3lica: <\/strong>12,5% vol.<\/li>\n<li><strong>Nota de cata:<\/strong> Este vino tiene aroma a frutos rojos. Un vino fresco, ligero y apetitoso.<\/li>\n<li><strong>Informaci\u00f3n adicional:<\/strong> Contiene sulfitos.<\/li>\n<\/ul>\n","protected":false},"excerpt":{"rendered":"<p>Clarete Proibido Rosado 2020 Regi\u00f3n: Douro. Capacidad: 75cL Variedades de uva: Rufete, Tinta Amarela, Tinta da Barca, Tinta Francisca, Vinhas Velhas. Graduaci\u00f3n alcoh\u00f3lica: 12,5% vol. Nota de cata: Este vino tiene aroma a frutos rojos. Un vino fresco, ligero y apetitoso. Informaci\u00f3n adicional: Contiene sulfitos.<\/p>\n","protected":false},"featured_media":7630,"template":"","meta":{"_monsterinsights_skip_tracking":false,"_monsterinsights_sitenote_active":false,"_monsterinsights_sitenote_note":"","_monsterinsights_sitenote_category":0},"product_brand":[],"product_cat":[217,209,212,213,263,102],"product_tag":[],"class_list":{"0":"post-7289","1":"product","2":"type-product","3":"status-publish","4":"has-post-thumbnail","6":"product_cat-douro-es","7":"product_cat-pais-es-2","8":"product_cat-portugal-es-2","9":"product_cat-region-es","10":"product_cat-rosado-es-4","11":"product_cat-vinos","13":"first","14":"instock","15":"taxable","16":"shipping-taxable","17":"purchasable","18":"product-type-simple"},"aioseo_notices":[],"_links":{"self":[{"href":"https:\/\/pwinecastes.com\/es\/wp-json\/wp\/v2\/product\/7289","targetHints":{"allow":["GET"]}}],"collection":[{"href":"https:\/\/pwinecastes.com\/es\/wp-json\/wp\/v2\/product"}],"about":[{"href":"https:\/\/pwinecastes.com\/es\/wp-json\/wp\/v2\/types\/product"}],"version-history":[{"count":0,"href":"https:\/\/pwinecastes.com\/es\/wp-json\/wp\/v2\/product\/7289\/revisions"}],"wp:featuredmedia":[{"embeddable":true,"href":"https:\/\/pwinecastes.com\/es\/wp-json\/wp\/v2\/media\/7630"}],"wp:attachment":[{"href":"https:\/\/pwinecastes.com\/es\/wp-json\/wp\/v2\/media?parent=7289"}],"wp:term":[{"taxonomy":"product_brand","embeddable":true,"href":"https:\/\/pwinecastes.com\/es\/wp-json\/wp\/v2\/product_brand?post=7289"},{"taxonomy":"product_cat","embeddable":true,"href":"https:\/\/pwinecastes.com\/es\/wp-json\/wp\/v2\/product_cat?post=7289"},{"taxonomy":"product_tag","embeddable":true,"href":"https:\/\/pwinecastes.com\/es\/wp-json\/wp\/v2\/product_tag?post=7289"}],"curies":[{"name":"wp","href":"https:\/\/api.w.org\/{rel}","templated":true}]}}