{"id":7300,"date":"2024-04-27T09:19:04","date_gmt":"2024-04-27T09:19:04","guid":{"rendered":"https:\/\/luxuryinportugal.com\/pwinecastes\/product\/brites-aguiar-etiqueta-negra-vino-tinto\/"},"modified":"2024-05-02T09:58:25","modified_gmt":"2024-05-02T09:58:25","slug":"brites-aguiar-etiqueta-negra-vino-tinto","status":"publish","type":"product","link":"https:\/\/pwinecastes.com\/es\/product\/brites-aguiar-etiqueta-negra-vino-tinto\/","title":{"rendered":"Brites Aguiar Black Label"},"content":{"rendered":"<p>Brites Aguiar Black Label<\/p>\n<ul>\n<li><strong>Regi\u00f3n: <\/strong>Douro, S\u00e3o Jo\u00e3o da Pesqueira.<\/li>\n<li><strong>Capacidad:<\/strong> 75cL<\/li>\n<li><strong>Graduaci\u00f3n alcoh\u00f3lica: <\/strong>15% vol.<\/li>\n<li><strong>Nota de cata:<\/strong> Color intenso y pleno con un aroma de excelente complejidad, con fruta negra, mineralidad, flores, especias y madera bien integrada. En boca es intenso y elegante, con una frescura notable y taninos aterciopelados. Final persistente y armonioso.<\/li>\n<li><strong>Informaci\u00f3n adicional:<\/strong> Contiene sulfitos.<\/li>\n<\/ul>\n","protected":false},"excerpt":{"rendered":"<p>Brites Aguiar Black Label Regi\u00f3n: Douro, S\u00e3o Jo\u00e3o da Pesqueira. Capacidad: 75cL Graduaci\u00f3n alcoh\u00f3lica: 15% vol. Nota de cata: Color intenso y pleno con un aroma de excelente complejidad, con fruta negra, mineralidad, flores, especias y madera bien integrada. En boca es intenso y elegante, con una frescura notable y taninos aterciopelados. Final persistente y [&hellip;]<\/p>\n","protected":false},"featured_media":7662,"template":"","meta":{"_monsterinsights_skip_tracking":false,"_monsterinsights_sitenote_active":false,"_monsterinsights_sitenote_note":"","_monsterinsights_sitenote_category":0},"product_brand":[],"product_cat":[217,209,212,213,262,102],"product_tag":[],"class_list":{"0":"post-7300","1":"product","2":"type-product","3":"status-publish","4":"has-post-thumbnail","6":"product_cat-douro-es","7":"product_cat-pais-es-2","8":"product_cat-portugal-es-2","9":"product_cat-region-es","10":"product_cat-tinto-es-5","11":"product_cat-vinos","13":"first","14":"instock","15":"taxable","16":"shipping-taxable","17":"purchasable","18":"product-type-simple"},"aioseo_notices":[],"_links":{"self":[{"href":"https:\/\/pwinecastes.com\/es\/wp-json\/wp\/v2\/product\/7300","targetHints":{"allow":["GET"]}}],"collection":[{"href":"https:\/\/pwinecastes.com\/es\/wp-json\/wp\/v2\/product"}],"about":[{"href":"https:\/\/pwinecastes.com\/es\/wp-json\/wp\/v2\/types\/product"}],"version-history":[{"count":0,"href":"https:\/\/pwinecastes.com\/es\/wp-json\/wp\/v2\/product\/7300\/revisions"}],"wp:featuredmedia":[{"embeddable":true,"href":"https:\/\/pwinecastes.com\/es\/wp-json\/wp\/v2\/media\/7662"}],"wp:attachment":[{"href":"https:\/\/pwinecastes.com\/es\/wp-json\/wp\/v2\/media?parent=7300"}],"wp:term":[{"taxonomy":"product_brand","embeddable":true,"href":"https:\/\/pwinecastes.com\/es\/wp-json\/wp\/v2\/product_brand?post=7300"},{"taxonomy":"product_cat","embeddable":true,"href":"https:\/\/pwinecastes.com\/es\/wp-json\/wp\/v2\/product_cat?post=7300"},{"taxonomy":"product_tag","embeddable":true,"href":"https:\/\/pwinecastes.com\/es\/wp-json\/wp\/v2\/product_tag?post=7300"}],"curies":[{"name":"wp","href":"https:\/\/api.w.org\/{rel}","templated":true}]}}