{"id":7303,"date":"2024-04-27T09:27:57","date_gmt":"2024-04-27T09:27:57","guid":{"rendered":"https:\/\/luxuryinportugal.com\/pwinecastes\/product\/casa-da-passarella-o-fugitivo-bastardo-dao-vino-tinto-2019\/"},"modified":"2024-05-25T14:18:18","modified_gmt":"2024-05-25T14:18:18","slug":"casa-da-passarella-o-fugitivo-bastardo-dao-vino-tinto-2019","status":"publish","type":"product","link":"https:\/\/pwinecastes.com\/es\/product\/casa-da-passarella-o-fugitivo-bastardo-dao-vino-tinto-2019\/","title":{"rendered":"Casa da Passarella O Fugitivo Bastardo 2019"},"content":{"rendered":"<p>Casa da Passarella O Fugitivo Bastardo 2019<\/p>\n<ul>\n<li><strong>Regi\u00f3n: <\/strong>D\u00e3o.<\/li>\n<li><strong>Capacidad:<\/strong> 75cL<\/li>\n<li><strong>Variedades de uva: <\/strong>Bastardo.<\/li>\n<li><strong>Graduaci\u00f3n alcoh\u00f3lica: <\/strong>13,5% vol.<\/li>\n<li><strong>Nota de cata<\/strong>: Con aromas de fruta roja y notas vegetales, es elegante en boca, mostrando un vino delicado de gran complejidad, con un final largo. Este vino representa una vuelta a la vinificaci\u00f3n ancestral de las variedades de uva presentes en las parcelas hist\u00f3ricas de los vi\u00f1edos viejos.<\/li>\n<li><strong>Maridaje:<\/strong> Perfecto con platos de pescado graso, carnes blancas y carnes rojas magras.<\/li>\n<li><strong>Informaci\u00f3n adicional:<\/strong> Contiene sulfitos.<\/li>\n<\/ul>\n","protected":false},"excerpt":{"rendered":"<p>Casa da Passarella O Fugitivo Bastardo 2019 Regi\u00f3n: D\u00e3o. Capacidad: 75cL Variedades de uva: Bastardo. Graduaci\u00f3n alcoh\u00f3lica: 13,5% vol. Nota de cata: Con aromas de fruta roja y notas vegetales, es elegante en boca, mostrando un vino delicado de gran complejidad, con un final largo. Este vino representa una vuelta a la vinificaci\u00f3n ancestral de [&hellip;]<\/p>\n","protected":false},"featured_media":7674,"template":"","meta":{"_monsterinsights_skip_tracking":false,"_monsterinsights_sitenote_active":false,"_monsterinsights_sitenote_note":"","_monsterinsights_sitenote_category":0},"product_brand":[],"product_cat":[216,209,212,213,249,102],"product_tag":[],"class_list":{"0":"post-7303","1":"product","2":"type-product","3":"status-publish","4":"has-post-thumbnail","6":"product_cat-dao-es","7":"product_cat-pais-es-2","8":"product_cat-portugal-es-2","9":"product_cat-region-es","10":"product_cat-tinto-es-4","11":"product_cat-vinos","13":"first","14":"instock","15":"taxable","16":"shipping-taxable","17":"purchasable","18":"product-type-simple"},"aioseo_notices":[],"_links":{"self":[{"href":"https:\/\/pwinecastes.com\/es\/wp-json\/wp\/v2\/product\/7303","targetHints":{"allow":["GET"]}}],"collection":[{"href":"https:\/\/pwinecastes.com\/es\/wp-json\/wp\/v2\/product"}],"about":[{"href":"https:\/\/pwinecastes.com\/es\/wp-json\/wp\/v2\/types\/product"}],"version-history":[{"count":0,"href":"https:\/\/pwinecastes.com\/es\/wp-json\/wp\/v2\/product\/7303\/revisions"}],"wp:featuredmedia":[{"embeddable":true,"href":"https:\/\/pwinecastes.com\/es\/wp-json\/wp\/v2\/media\/7674"}],"wp:attachment":[{"href":"https:\/\/pwinecastes.com\/es\/wp-json\/wp\/v2\/media?parent=7303"}],"wp:term":[{"taxonomy":"product_brand","embeddable":true,"href":"https:\/\/pwinecastes.com\/es\/wp-json\/wp\/v2\/product_brand?post=7303"},{"taxonomy":"product_cat","embeddable":true,"href":"https:\/\/pwinecastes.com\/es\/wp-json\/wp\/v2\/product_cat?post=7303"},{"taxonomy":"product_tag","embeddable":true,"href":"https:\/\/pwinecastes.com\/es\/wp-json\/wp\/v2\/product_tag?post=7303"}],"curies":[{"name":"wp","href":"https:\/\/api.w.org\/{rel}","templated":true}]}}