{"id":7542,"date":"2024-04-29T16:40:49","date_gmt":"2024-04-29T16:40:49","guid":{"rendered":"https:\/\/luxuryinportugal.com\/pwinecastes\/product\/100-hectares-vinhas-velhas-2017\/"},"modified":"2024-05-25T15:24:36","modified_gmt":"2024-05-25T15:24:36","slug":"100-hectares-vinhas-velhas-2017","status":"publish","type":"product","link":"https:\/\/pwinecastes.com\/es\/product\/100-hectares-vinhas-velhas-2017\/","title":{"rendered":"100 Hectares Vinhas Velhas 2017"},"content":{"rendered":"<p>100 Hectares Vinhas Velhas 2017<\/p>\n<ul>\n<li><strong>Regi\u00f3n: <\/strong>Douro.<\/li>\n<li><strong>Capacidad:<\/strong> 75cL<\/li>\n<li><strong>Cepas: <\/strong>Touriga Nacional y Touriga Franca.<\/li>\n<li><strong>Graduaci\u00f3n alcoh\u00f3lica: <\/strong>14,5% vol.<\/li>\n<li><strong>Nota de cata:<\/strong> Aromas de fruta madura, ciruela negra y mora, con notas florales propias de Touriga Nacional<strong>.<\/strong> En boca es con cuerpo, suave y con taninos finos y elegantes.<\/li>\n<li><strong>Informaci\u00f3n adicional:<\/strong> Contiene sulfitos.<\/li>\n<\/ul>\n","protected":false},"excerpt":{"rendered":"<p>100 Hectares Vinhas Velhas 2017 Regi\u00f3n: Douro. Capacidad: 75cL Cepas: Touriga Nacional y Touriga Franca. Graduaci\u00f3n alcoh\u00f3lica: 14,5% vol. Nota de cata: Aromas de fruta madura, ciruela negra y mora, con notas florales propias de Touriga Nacional. En boca es con cuerpo, suave y con taninos finos y elegantes. Informaci\u00f3n adicional: Contiene sulfitos.<\/p>\n","protected":false},"featured_media":7781,"template":"","meta":{"_monsterinsights_skip_tracking":false,"_monsterinsights_sitenote_active":false,"_monsterinsights_sitenote_note":"","_monsterinsights_sitenote_category":0},"product_brand":[],"product_cat":[217,209,212,213,262,102],"product_tag":[],"class_list":{"0":"post-7542","1":"product","2":"type-product","3":"status-publish","4":"has-post-thumbnail","6":"product_cat-douro-es","7":"product_cat-pais-es-2","8":"product_cat-portugal-es-2","9":"product_cat-region-es","10":"product_cat-tinto-es-5","11":"product_cat-vinos","13":"first","14":"outofstock","15":"taxable","16":"shipping-taxable","17":"purchasable","18":"product-type-simple"},"aioseo_notices":[],"_links":{"self":[{"href":"https:\/\/pwinecastes.com\/es\/wp-json\/wp\/v2\/product\/7542","targetHints":{"allow":["GET"]}}],"collection":[{"href":"https:\/\/pwinecastes.com\/es\/wp-json\/wp\/v2\/product"}],"about":[{"href":"https:\/\/pwinecastes.com\/es\/wp-json\/wp\/v2\/types\/product"}],"version-history":[{"count":0,"href":"https:\/\/pwinecastes.com\/es\/wp-json\/wp\/v2\/product\/7542\/revisions"}],"wp:featuredmedia":[{"embeddable":true,"href":"https:\/\/pwinecastes.com\/es\/wp-json\/wp\/v2\/media\/7781"}],"wp:attachment":[{"href":"https:\/\/pwinecastes.com\/es\/wp-json\/wp\/v2\/media?parent=7542"}],"wp:term":[{"taxonomy":"product_brand","embeddable":true,"href":"https:\/\/pwinecastes.com\/es\/wp-json\/wp\/v2\/product_brand?post=7542"},{"taxonomy":"product_cat","embeddable":true,"href":"https:\/\/pwinecastes.com\/es\/wp-json\/wp\/v2\/product_cat?post=7542"},{"taxonomy":"product_tag","embeddable":true,"href":"https:\/\/pwinecastes.com\/es\/wp-json\/wp\/v2\/product_tag?post=7542"}],"curies":[{"name":"wp","href":"https:\/\/api.w.org\/{rel}","templated":true}]}}