{"id":7549,"date":"2024-04-29T17:49:33","date_gmt":"2024-04-29T17:49:33","guid":{"rendered":"https:\/\/luxuryinportugal.com\/pwinecastes\/product\/charme-tinto-2017\/"},"modified":"2024-05-18T14:07:40","modified_gmt":"2024-05-18T14:07:40","slug":"charme-tinto-2017","status":"publish","type":"product","link":"https:\/\/pwinecastes.com\/es\/product\/charme-tinto-2017\/","title":{"rendered":"Charme Tinto 2017"},"content":{"rendered":"<p>Charme Tinto 2017<\/p>\n<ul>\n<li><strong>Regi\u00f3n: <\/strong>Douro<\/li>\n<li><strong>Capacidad:<\/strong> 75cL<\/li>\n<li><strong>Cepas: <\/strong>Tinta Roriz, Touriga Franca e outras.<\/li>\n<li><strong>Graduaci\u00f3n alcoh\u00f3lica: <\/strong>13,5%<\/li>\n<li><strong>Nota de cata:<\/strong> Un tono granate claro acompa\u00f1a delicados aromas de cerezas y fresas con un sutil aroma a barricas viejas que le aportan un soberbio car\u00e1cter r\u00fastico. En boca destacan aromas de frutas primarias, especialmente cerezas, de textura sedosa que se complementan con notas r\u00fasticas de las barricas viejas, aportando al vino estructura y un final largo y refrescante.<\/li>\n<li><strong>Armonizaci\u00f3n: <\/strong>Platos como la perdiz o el fais\u00e1n.<\/li>\n<li><strong>Informaci\u00f3n adicional:<\/strong> Contiene sulfitos.<\/li>\n<\/ul>\n","protected":false},"excerpt":{"rendered":"<p>Charme Tinto 2017 Regi\u00f3n: Douro Capacidad: 75cL Cepas: Tinta Roriz, Touriga Franca e outras. Graduaci\u00f3n alcoh\u00f3lica: 13,5% Nota de cata: Un tono granate claro acompa\u00f1a delicados aromas de cerezas y fresas con un sutil aroma a barricas viejas que le aportan un soberbio car\u00e1cter r\u00fastico. En boca destacan aromas de frutas primarias, especialmente cerezas, de [&hellip;]<\/p>\n","protected":false},"featured_media":7807,"template":"","meta":{"_monsterinsights_skip_tracking":false,"_monsterinsights_sitenote_active":false,"_monsterinsights_sitenote_note":"","_monsterinsights_sitenote_category":0},"product_brand":[],"product_cat":[217,209,212,213,262,102],"product_tag":[],"class_list":{"0":"post-7549","1":"product","2":"type-product","3":"status-publish","4":"has-post-thumbnail","6":"product_cat-douro-es","7":"product_cat-pais-es-2","8":"product_cat-portugal-es-2","9":"product_cat-region-es","10":"product_cat-tinto-es-5","11":"product_cat-vinos","13":"first","14":"instock","15":"taxable","16":"shipping-taxable","17":"purchasable","18":"product-type-simple"},"aioseo_notices":[],"_links":{"self":[{"href":"https:\/\/pwinecastes.com\/es\/wp-json\/wp\/v2\/product\/7549","targetHints":{"allow":["GET"]}}],"collection":[{"href":"https:\/\/pwinecastes.com\/es\/wp-json\/wp\/v2\/product"}],"about":[{"href":"https:\/\/pwinecastes.com\/es\/wp-json\/wp\/v2\/types\/product"}],"version-history":[{"count":0,"href":"https:\/\/pwinecastes.com\/es\/wp-json\/wp\/v2\/product\/7549\/revisions"}],"wp:featuredmedia":[{"embeddable":true,"href":"https:\/\/pwinecastes.com\/es\/wp-json\/wp\/v2\/media\/7807"}],"wp:attachment":[{"href":"https:\/\/pwinecastes.com\/es\/wp-json\/wp\/v2\/media?parent=7549"}],"wp:term":[{"taxonomy":"product_brand","embeddable":true,"href":"https:\/\/pwinecastes.com\/es\/wp-json\/wp\/v2\/product_brand?post=7549"},{"taxonomy":"product_cat","embeddable":true,"href":"https:\/\/pwinecastes.com\/es\/wp-json\/wp\/v2\/product_cat?post=7549"},{"taxonomy":"product_tag","embeddable":true,"href":"https:\/\/pwinecastes.com\/es\/wp-json\/wp\/v2\/product_tag?post=7549"}],"curies":[{"name":"wp","href":"https:\/\/api.w.org\/{rel}","templated":true}]}}