{"id":7615,"date":"2024-04-30T14:54:43","date_gmt":"2024-04-30T14:54:43","guid":{"rendered":"https:\/\/luxuryinportugal.com\/pwinecastes\/product\/flor-do-tua-superior-tinto-17\/"},"modified":"2024-04-30T14:54:43","modified_gmt":"2024-04-30T14:54:43","slug":"flor-do-tua-superior-tinto-17","status":"publish","type":"product","link":"https:\/\/pwinecastes.com\/es\/product\/flor-do-tua-superior-tinto-17\/","title":{"rendered":"Flor do Tua Superior Tinto 17"},"content":{"rendered":"<p>Flor do Tua Superior Tinto 17<\/p>\n<ul>\n<li><strong>Regi\u00f3n: <\/strong>Douro<\/li>\n<li><strong>Capacidad:<\/strong> 75cL<\/li>\n<li><strong>Cepas: <\/strong>Touriga Nacional, Tinta Roriz e Touriga Franca.<\/li>\n<li><strong>Graduaci\u00f3n alcoh\u00f3lica: <\/strong>17<\/li>\n<li><strong>Nota de cata:<\/strong> Vino intenso con 17 grados, fuerte, equilibrado, con notas de frutos rojos. Taninos nobles y presentes. Un vino con mucha presencia, rico y con un final envolvente y largo.<\/li>\n<li><strong>Informaci\u00f3n adicional:<\/strong> Contiene sulfitos.<\/li>\n<\/ul>\n","protected":false},"excerpt":{"rendered":"<p>Flor do Tua Superior Tinto 17 Regi\u00f3n: Douro Capacidad: 75cL Cepas: Touriga Nacional, Tinta Roriz e Touriga Franca. Graduaci\u00f3n alcoh\u00f3lica: 17 Nota de cata: Vino intenso con 17 grados, fuerte, equilibrado, con notas de frutos rojos. Taninos nobles y presentes. Un vino con mucha presencia, rico y con un final envolvente y largo. Informaci\u00f3n adicional: [&hellip;]<\/p>\n","protected":false},"featured_media":7829,"template":"","meta":{"_monsterinsights_skip_tracking":false,"_monsterinsights_sitenote_active":false,"_monsterinsights_sitenote_note":"","_monsterinsights_sitenote_category":0},"product_brand":[],"product_cat":[217,209,212,213,262,102],"product_tag":[],"class_list":{"0":"post-7615","1":"product","2":"type-product","3":"status-publish","4":"has-post-thumbnail","6":"product_cat-douro-es","7":"product_cat-pais-es-2","8":"product_cat-portugal-es-2","9":"product_cat-region-es","10":"product_cat-tinto-es-5","11":"product_cat-vinos","13":"first","14":"instock","15":"taxable","16":"shipping-taxable","17":"purchasable","18":"product-type-simple"},"aioseo_notices":[],"_links":{"self":[{"href":"https:\/\/pwinecastes.com\/es\/wp-json\/wp\/v2\/product\/7615","targetHints":{"allow":["GET"]}}],"collection":[{"href":"https:\/\/pwinecastes.com\/es\/wp-json\/wp\/v2\/product"}],"about":[{"href":"https:\/\/pwinecastes.com\/es\/wp-json\/wp\/v2\/types\/product"}],"version-history":[{"count":0,"href":"https:\/\/pwinecastes.com\/es\/wp-json\/wp\/v2\/product\/7615\/revisions"}],"wp:featuredmedia":[{"embeddable":true,"href":"https:\/\/pwinecastes.com\/es\/wp-json\/wp\/v2\/media\/7829"}],"wp:attachment":[{"href":"https:\/\/pwinecastes.com\/es\/wp-json\/wp\/v2\/media?parent=7615"}],"wp:term":[{"taxonomy":"product_brand","embeddable":true,"href":"https:\/\/pwinecastes.com\/es\/wp-json\/wp\/v2\/product_brand?post=7615"},{"taxonomy":"product_cat","embeddable":true,"href":"https:\/\/pwinecastes.com\/es\/wp-json\/wp\/v2\/product_cat?post=7615"},{"taxonomy":"product_tag","embeddable":true,"href":"https:\/\/pwinecastes.com\/es\/wp-json\/wp\/v2\/product_tag?post=7615"}],"curies":[{"name":"wp","href":"https:\/\/api.w.org\/{rel}","templated":true}]}}