{"id":7618,"date":"2024-04-30T17:00:01","date_gmt":"2024-04-30T17:00:01","guid":{"rendered":"https:\/\/luxuryinportugal.com\/pwinecastes\/product\/palacio-dos-tavoras-bastardo-tinto-2018\/"},"modified":"2024-05-23T11:15:34","modified_gmt":"2024-05-23T11:15:34","slug":"palacio-dos-tavoras-bastardo-tinto-2018","status":"publish","type":"product","link":"https:\/\/pwinecastes.com\/es\/product\/palacio-dos-tavoras-bastardo-tinto-2018\/","title":{"rendered":"Pal\u00e1cio dos T\u00e1voras Bastardo Tinto 2018"},"content":{"rendered":"<p>Pal\u00e1cio dos T\u00e1voras Bastardo Tinto 2018<\/p>\n<ul>\n<li><strong>Regi\u00f3n: <\/strong>Douro<\/li>\n<li><strong>Capacidad:<\/strong> 75cL<\/li>\n<li><strong>Cepas: <\/strong>Bastardo<\/li>\n<li><strong>Graduaci\u00f3n alcoh\u00f3lica: <\/strong>13%<\/li>\n<li><strong>Nota de cata:<\/strong> Aromas de frutos rojos frescos equilibrados con aromas de hierbas secas. En boca es elegante, fresco y con una acidez que presenta un posgusto largo.<\/li>\n<li><strong>Armonizaci\u00f3n:<\/strong> Bueno con platos asados, carnes blancas y rojas y quesos.<\/li>\n<li><strong>Informaci\u00f3n adicional:<\/strong> Contiene sulfitos.<\/li>\n<\/ul>\n","protected":false},"excerpt":{"rendered":"<p>Pal\u00e1cio dos T\u00e1voras Bastardo Tinto 2018 Regi\u00f3n: Douro Capacidad: 75cL Cepas: Bastardo Graduaci\u00f3n alcoh\u00f3lica: 13% Nota de cata: Aromas de frutos rojos frescos equilibrados con aromas de hierbas secas. En boca es elegante, fresco y con una acidez que presenta un posgusto largo. Armonizaci\u00f3n: Bueno con platos asados, carnes blancas y rojas y quesos. Informaci\u00f3n [&hellip;]<\/p>\n","protected":false},"featured_media":7842,"template":"","meta":{"_monsterinsights_skip_tracking":false,"_monsterinsights_sitenote_active":false,"_monsterinsights_sitenote_note":"","_monsterinsights_sitenote_category":0},"product_brand":[],"product_cat":[217,209,212,213,262,376,102],"product_tag":[],"class_list":{"0":"post-7618","1":"product","2":"type-product","3":"status-publish","4":"has-post-thumbnail","6":"product_cat-douro-es","7":"product_cat-pais-es-2","8":"product_cat-portugal-es-2","9":"product_cat-region-es","10":"product_cat-tinto-es-5","11":"product_cat-tras-os-montes-es","12":"product_cat-vinos","14":"first","15":"instock","16":"taxable","17":"shipping-taxable","18":"purchasable","19":"product-type-simple"},"aioseo_notices":[],"_links":{"self":[{"href":"https:\/\/pwinecastes.com\/es\/wp-json\/wp\/v2\/product\/7618","targetHints":{"allow":["GET"]}}],"collection":[{"href":"https:\/\/pwinecastes.com\/es\/wp-json\/wp\/v2\/product"}],"about":[{"href":"https:\/\/pwinecastes.com\/es\/wp-json\/wp\/v2\/types\/product"}],"version-history":[{"count":0,"href":"https:\/\/pwinecastes.com\/es\/wp-json\/wp\/v2\/product\/7618\/revisions"}],"wp:featuredmedia":[{"embeddable":true,"href":"https:\/\/pwinecastes.com\/es\/wp-json\/wp\/v2\/media\/7842"}],"wp:attachment":[{"href":"https:\/\/pwinecastes.com\/es\/wp-json\/wp\/v2\/media?parent=7618"}],"wp:term":[{"taxonomy":"product_brand","embeddable":true,"href":"https:\/\/pwinecastes.com\/es\/wp-json\/wp\/v2\/product_brand?post=7618"},{"taxonomy":"product_cat","embeddable":true,"href":"https:\/\/pwinecastes.com\/es\/wp-json\/wp\/v2\/product_cat?post=7618"},{"taxonomy":"product_tag","embeddable":true,"href":"https:\/\/pwinecastes.com\/es\/wp-json\/wp\/v2\/product_tag?post=7618"}],"curies":[{"name":"wp","href":"https:\/\/api.w.org\/{rel}","templated":true}]}}