{"id":7671,"date":"2024-05-02T10:16:26","date_gmt":"2024-05-02T10:16:26","guid":{"rendered":"https:\/\/luxuryinportugal.com\/pwinecastes\/product\/passadouro-reserva-tinto-2016\/"},"modified":"2024-05-25T16:25:45","modified_gmt":"2024-05-25T16:25:45","slug":"passadouro-reserva-tinto-2016","status":"publish","type":"product","link":"https:\/\/pwinecastes.com\/es\/product\/passadouro-reserva-tinto-2016\/","title":{"rendered":"Passadouro Reserva Tinto 2016"},"content":{"rendered":"<p>Passadouro Reserva Tinto 2016<\/p>\n<ul>\n<li><strong>Regi\u00f3n: <\/strong>Douro.<\/li>\n<li><strong>Capacidad:<\/strong> 75cL<\/li>\n<li><strong>Cepas: <\/strong>Tinta Roriz, Tinta Amarela, Touriga Franca, Touriga Nacional y Sous\u00e3o.<\/li>\n<li><strong>Graduaci\u00f3n alcoh\u00f3lica: <\/strong>13,5% vol.<\/li>\n<li><strong>Nota de cata:<\/strong> M\u00e1s accesible en boca, amplio y con tanino maduro y sabroso, especiado (incluso picante), termina con una gracia inmensa, pero crecer\u00e1 mucho en botella. De aroma muy joven, casi cerrado, fruta madura y algo de floral fresco, muy bals\u00e1mico, discreto barrica.<\/li>\n<li><strong>Maridaje: <\/strong>Platos picantes, filete a la pimienta, carne roja, caza.<\/li>\n<li><strong>Informaci\u00f3n adicional:<\/strong> Contiene sulfitos.<\/li>\n<\/ul>\n","protected":false},"excerpt":{"rendered":"<p>Passadouro Reserva Tinto 2016 Regi\u00f3n: Douro. Capacidad: 75cL Cepas: Tinta Roriz, Tinta Amarela, Touriga Franca, Touriga Nacional y Sous\u00e3o. Graduaci\u00f3n alcoh\u00f3lica: 13,5% vol. Nota de cata: M\u00e1s accesible en boca, amplio y con tanino maduro y sabroso, especiado (incluso picante), termina con una gracia inmensa, pero crecer\u00e1 mucho en botella. De aroma muy joven, casi [&hellip;]<\/p>\n","protected":false},"featured_media":7847,"template":"","meta":{"_monsterinsights_skip_tracking":false,"_monsterinsights_sitenote_active":false,"_monsterinsights_sitenote_note":"","_monsterinsights_sitenote_category":0},"product_brand":[],"product_cat":[217,209,212,213,262,102],"product_tag":[],"class_list":{"0":"post-7671","1":"product","2":"type-product","3":"status-publish","4":"has-post-thumbnail","6":"product_cat-douro-es","7":"product_cat-pais-es-2","8":"product_cat-portugal-es-2","9":"product_cat-region-es","10":"product_cat-tinto-es-5","11":"product_cat-vinos","13":"first","14":"instock","15":"taxable","16":"shipping-taxable","17":"purchasable","18":"product-type-simple"},"aioseo_notices":[],"_links":{"self":[{"href":"https:\/\/pwinecastes.com\/es\/wp-json\/wp\/v2\/product\/7671","targetHints":{"allow":["GET"]}}],"collection":[{"href":"https:\/\/pwinecastes.com\/es\/wp-json\/wp\/v2\/product"}],"about":[{"href":"https:\/\/pwinecastes.com\/es\/wp-json\/wp\/v2\/types\/product"}],"version-history":[{"count":0,"href":"https:\/\/pwinecastes.com\/es\/wp-json\/wp\/v2\/product\/7671\/revisions"}],"wp:featuredmedia":[{"embeddable":true,"href":"https:\/\/pwinecastes.com\/es\/wp-json\/wp\/v2\/media\/7847"}],"wp:attachment":[{"href":"https:\/\/pwinecastes.com\/es\/wp-json\/wp\/v2\/media?parent=7671"}],"wp:term":[{"taxonomy":"product_brand","embeddable":true,"href":"https:\/\/pwinecastes.com\/es\/wp-json\/wp\/v2\/product_brand?post=7671"},{"taxonomy":"product_cat","embeddable":true,"href":"https:\/\/pwinecastes.com\/es\/wp-json\/wp\/v2\/product_cat?post=7671"},{"taxonomy":"product_tag","embeddable":true,"href":"https:\/\/pwinecastes.com\/es\/wp-json\/wp\/v2\/product_tag?post=7671"}],"curies":[{"name":"wp","href":"https:\/\/api.w.org\/{rel}","templated":true}]}}