{"id":7711,"date":"2024-05-02T11:13:31","date_gmt":"2024-05-02T11:13:31","guid":{"rendered":"https:\/\/luxuryinportugal.com\/pwinecastes\/product\/proibido-marufo-tinto-2019\/"},"modified":"2024-05-23T11:09:28","modified_gmt":"2024-05-23T11:09:28","slug":"proibido-marufo-tinto-2019","status":"publish","type":"product","link":"https:\/\/pwinecastes.com\/es\/product\/proibido-marufo-tinto-2019\/","title":{"rendered":"Proibido Marufo Tinto 2019"},"content":{"rendered":"<p>Proibido Marufo Tinto 2019<\/p>\n<ul>\n<li><strong>Regi\u00f3n: <\/strong>Douro<\/li>\n<li><strong>Capacidad:<\/strong> 75cL<\/li>\n<li><strong><strong>Cepas: <\/strong><\/strong>Mourisco<\/li>\n<li><strong>Graduaci\u00f3n alcoh\u00f3lica: <\/strong>13%<\/li>\n<li><strong>Notas de cata: <\/strong>Es un vino tinto de la regi\u00f3n vin\u00edcola del Duero elegante, potente y afrutado.<\/li>\n<li><strong>Informaci\u00f3n adicional:<\/strong> Contiene sulfitos.<\/li>\n<\/ul>\n","protected":false},"excerpt":{"rendered":"<p>Proibido Marufo Tinto 2019 Regi\u00f3n: Douro Capacidad: 75cL Cepas: Mourisco Graduaci\u00f3n alcoh\u00f3lica: 13% Notas de cata: Es un vino tinto de la regi\u00f3n vin\u00edcola del Duero elegante, potente y afrutado. Informaci\u00f3n adicional: Contiene sulfitos.<\/p>\n","protected":false},"featured_media":7882,"template":"","meta":{"_monsterinsights_skip_tracking":false,"_monsterinsights_sitenote_active":false,"_monsterinsights_sitenote_note":"","_monsterinsights_sitenote_category":0},"product_brand":[],"product_cat":[217,209,212,213,262,102],"product_tag":[],"class_list":{"0":"post-7711","1":"product","2":"type-product","3":"status-publish","4":"has-post-thumbnail","6":"product_cat-douro-es","7":"product_cat-pais-es-2","8":"product_cat-portugal-es-2","9":"product_cat-region-es","10":"product_cat-tinto-es-5","11":"product_cat-vinos","13":"first","14":"instock","15":"taxable","16":"shipping-taxable","17":"purchasable","18":"product-type-simple"},"aioseo_notices":[],"_links":{"self":[{"href":"https:\/\/pwinecastes.com\/es\/wp-json\/wp\/v2\/product\/7711","targetHints":{"allow":["GET"]}}],"collection":[{"href":"https:\/\/pwinecastes.com\/es\/wp-json\/wp\/v2\/product"}],"about":[{"href":"https:\/\/pwinecastes.com\/es\/wp-json\/wp\/v2\/types\/product"}],"version-history":[{"count":0,"href":"https:\/\/pwinecastes.com\/es\/wp-json\/wp\/v2\/product\/7711\/revisions"}],"wp:featuredmedia":[{"embeddable":true,"href":"https:\/\/pwinecastes.com\/es\/wp-json\/wp\/v2\/media\/7882"}],"wp:attachment":[{"href":"https:\/\/pwinecastes.com\/es\/wp-json\/wp\/v2\/media?parent=7711"}],"wp:term":[{"taxonomy":"product_brand","embeddable":true,"href":"https:\/\/pwinecastes.com\/es\/wp-json\/wp\/v2\/product_brand?post=7711"},{"taxonomy":"product_cat","embeddable":true,"href":"https:\/\/pwinecastes.com\/es\/wp-json\/wp\/v2\/product_cat?post=7711"},{"taxonomy":"product_tag","embeddable":true,"href":"https:\/\/pwinecastes.com\/es\/wp-json\/wp\/v2\/product_tag?post=7711"}],"curies":[{"name":"wp","href":"https:\/\/api.w.org\/{rel}","templated":true}]}}