{"id":7727,"date":"2024-05-02T13:18:57","date_gmt":"2024-05-02T13:18:57","guid":{"rendered":"https:\/\/luxuryinportugal.com\/pwinecastes\/product\/proibido-vinha-pombal-tinto-2017\/"},"modified":"2024-05-23T11:07:37","modified_gmt":"2024-05-23T11:07:37","slug":"proibido-vinha-pombal-tinto-2017","status":"publish","type":"product","link":"https:\/\/pwinecastes.com\/es\/product\/proibido-vinha-pombal-tinto-2017\/","title":{"rendered":"Proibido Vinha Pombal Tinto 2017"},"content":{"rendered":"<p>Proibido Vinha Pombal Tinto 2017<\/p>\n<ul>\n<li><strong>Regi\u00f3n: <\/strong>Douro<\/li>\n<li><strong>Capacidad:<\/strong> 75cL<\/li>\n<li><strong>Cepas: <\/strong>Vinhas Velhas.<\/li>\n<li><strong>Graduaci\u00f3n alcoh\u00f3lica: <\/strong>14%<\/li>\n<li><strong>Cata de prova: <\/strong>Este vino presenta en nariz una fruta negra bien marcada y de gran intensidad, notas tostadas, vegetales y especias.<\/li>\n<li><strong>Informaci\u00f3n adicional:<\/strong> Contiene sulfitos.<\/li>\n<\/ul>\n","protected":false},"excerpt":{"rendered":"<p>Proibido Vinha Pombal Tinto 2017 Regi\u00f3n: Douro Capacidad: 75cL Cepas: Vinhas Velhas. Graduaci\u00f3n alcoh\u00f3lica: 14% Cata de prova: Este vino presenta en nariz una fruta negra bien marcada y de gran intensidad, notas tostadas, vegetales y especias. Informaci\u00f3n adicional: Contiene sulfitos.<\/p>\n","protected":false},"featured_media":7890,"template":"","meta":{"_monsterinsights_skip_tracking":false,"_monsterinsights_sitenote_active":false,"_monsterinsights_sitenote_note":"","_monsterinsights_sitenote_category":0},"product_brand":[],"product_cat":[217,209,212,213,262,102],"product_tag":[],"class_list":{"0":"post-7727","1":"product","2":"type-product","3":"status-publish","4":"has-post-thumbnail","6":"product_cat-douro-es","7":"product_cat-pais-es-2","8":"product_cat-portugal-es-2","9":"product_cat-region-es","10":"product_cat-tinto-es-5","11":"product_cat-vinos","13":"first","14":"instock","15":"taxable","16":"shipping-taxable","17":"purchasable","18":"product-type-simple"},"aioseo_notices":[],"_links":{"self":[{"href":"https:\/\/pwinecastes.com\/es\/wp-json\/wp\/v2\/product\/7727","targetHints":{"allow":["GET"]}}],"collection":[{"href":"https:\/\/pwinecastes.com\/es\/wp-json\/wp\/v2\/product"}],"about":[{"href":"https:\/\/pwinecastes.com\/es\/wp-json\/wp\/v2\/types\/product"}],"version-history":[{"count":0,"href":"https:\/\/pwinecastes.com\/es\/wp-json\/wp\/v2\/product\/7727\/revisions"}],"wp:featuredmedia":[{"embeddable":true,"href":"https:\/\/pwinecastes.com\/es\/wp-json\/wp\/v2\/media\/7890"}],"wp:attachment":[{"href":"https:\/\/pwinecastes.com\/es\/wp-json\/wp\/v2\/media?parent=7727"}],"wp:term":[{"taxonomy":"product_brand","embeddable":true,"href":"https:\/\/pwinecastes.com\/es\/wp-json\/wp\/v2\/product_brand?post=7727"},{"taxonomy":"product_cat","embeddable":true,"href":"https:\/\/pwinecastes.com\/es\/wp-json\/wp\/v2\/product_cat?post=7727"},{"taxonomy":"product_tag","embeddable":true,"href":"https:\/\/pwinecastes.com\/es\/wp-json\/wp\/v2\/product_tag?post=7727"}],"curies":[{"name":"wp","href":"https:\/\/api.w.org\/{rel}","templated":true}]}}