{"id":7848,"date":"2024-05-02T14:57:33","date_gmt":"2024-05-02T14:57:33","guid":{"rendered":"https:\/\/luxuryinportugal.com\/pwinecastes\/product\/titan-of-douro-vale-dos-mil-tinto-2018\/"},"modified":"2024-05-02T14:57:33","modified_gmt":"2024-05-02T14:57:33","slug":"titan-of-douro-vale-dos-mil-tinto-2018","status":"publish","type":"product","link":"https:\/\/pwinecastes.com\/es\/product\/titan-of-douro-vale-dos-mil-tinto-2018\/","title":{"rendered":"Titan of Douro Vale dos Mil Tinto 2018"},"content":{"rendered":"<p>Titan of Douro Vale dos Mil Tinto 2018<\/p>\n<ul>\n<li><strong>Regi\u00f3n: <\/strong>Douro<\/li>\n<li><strong>Capacidad:<\/strong> 75cL<\/li>\n<li><strong>Variedades de uva: <\/strong>cepas viejas<\/li>\n<li><strong>Graduaci\u00f3n alcoh\u00f3lica: <\/strong>14%<\/li>\n<li><strong>Notas de cata:<\/strong> Color rub\u00ed intenso. Aroma complejo, rico e intenso: notas de jara, resina, eucalipto, clavo y frutos rojos frescos (grosella y cereza). En boca gran textura y volumen, rodeado de una acidez fresca y mineral.<\/li>\n<li><strong>Armonizaci\u00f3n:<\/strong> Disfruta de platos de sabor intenso como carnes rojas, caza, asados \u200b\u200bal horno de le\u00f1a y quesos.<\/li>\n<li><strong>Informaci\u00f3n adicional:<\/strong> Contiene sulfitos.<\/li>\n<\/ul>\n","protected":false},"excerpt":{"rendered":"<p>Titan of Douro Vale dos Mil Tinto 2018 Regi\u00f3n: Douro Capacidad: 75cL Variedades de uva: cepas viejas Graduaci\u00f3n alcoh\u00f3lica: 14% Notas de cata: Color rub\u00ed intenso. Aroma complejo, rico e intenso: notas de jara, resina, eucalipto, clavo y frutos rojos frescos (grosella y cereza). En boca gran textura y volumen, rodeado de una acidez fresca [&hellip;]<\/p>\n","protected":false},"featured_media":8114,"template":"","meta":{"_monsterinsights_skip_tracking":false,"_monsterinsights_sitenote_active":false,"_monsterinsights_sitenote_note":"","_monsterinsights_sitenote_category":0},"product_brand":[],"product_cat":[217,209,212,213,262,102],"product_tag":[],"class_list":{"0":"post-7848","1":"product","2":"type-product","3":"status-publish","4":"has-post-thumbnail","6":"product_cat-douro-es","7":"product_cat-pais-es-2","8":"product_cat-portugal-es-2","9":"product_cat-region-es","10":"product_cat-tinto-es-5","11":"product_cat-vinos","13":"first","14":"instock","15":"taxable","16":"shipping-taxable","17":"purchasable","18":"product-type-simple"},"aioseo_notices":[],"_links":{"self":[{"href":"https:\/\/pwinecastes.com\/es\/wp-json\/wp\/v2\/product\/7848","targetHints":{"allow":["GET"]}}],"collection":[{"href":"https:\/\/pwinecastes.com\/es\/wp-json\/wp\/v2\/product"}],"about":[{"href":"https:\/\/pwinecastes.com\/es\/wp-json\/wp\/v2\/types\/product"}],"version-history":[{"count":0,"href":"https:\/\/pwinecastes.com\/es\/wp-json\/wp\/v2\/product\/7848\/revisions"}],"wp:featuredmedia":[{"embeddable":true,"href":"https:\/\/pwinecastes.com\/es\/wp-json\/wp\/v2\/media\/8114"}],"wp:attachment":[{"href":"https:\/\/pwinecastes.com\/es\/wp-json\/wp\/v2\/media?parent=7848"}],"wp:term":[{"taxonomy":"product_brand","embeddable":true,"href":"https:\/\/pwinecastes.com\/es\/wp-json\/wp\/v2\/product_brand?post=7848"},{"taxonomy":"product_cat","embeddable":true,"href":"https:\/\/pwinecastes.com\/es\/wp-json\/wp\/v2\/product_cat?post=7848"},{"taxonomy":"product_tag","embeddable":true,"href":"https:\/\/pwinecastes.com\/es\/wp-json\/wp\/v2\/product_tag?post=7848"}],"curies":[{"name":"wp","href":"https:\/\/api.w.org\/{rel}","templated":true}]}}