{"id":8028,"date":"2024-05-02T17:41:54","date_gmt":"2024-05-02T17:41:54","guid":{"rendered":"https:\/\/luxuryinportugal.com\/pwinecastes\/product\/champagne-laurent-perrier-brut\/"},"modified":"2024-05-21T17:01:15","modified_gmt":"2024-05-21T17:01:15","slug":"champagne-laurent-perrier-brut","status":"publish","type":"product","link":"https:\/\/pwinecastes.com\/es\/product\/champagne-laurent-perrier-brut\/","title":{"rendered":"Champagne Laurent Perrier Brut"},"content":{"rendered":"<p>Champagne Laurent Perrier Brut<\/p>\n<ul>\n<li><strong>Region<\/strong>: Fran\u00e7a<\/li>\n<li><strong>Capacidad:<\/strong> 75cL<\/li>\n<li><strong>Cepas: <\/strong>Chardonnay.<\/li>\n<li><strong>Contenido de alcohol: <\/strong>12% vol.<\/li>\n<li><strong>Notas de cata: <\/strong>Este vino procede del mosto m\u00e1s puro, lo que por s\u00ed solo permite a Laurent-Perrier producir \u201cLa Cuv\u00e9e\u201d, un champagne de excelencia y hermosa frescura obtenido despu\u00e9s de un largo proceso de envejecimiento en nuestras bodegas.<\/li>\n<li><strong>Informaci\u00f3n adicional:<\/strong> Contiene sulfitos.<\/li>\n<\/ul>\n","protected":false},"excerpt":{"rendered":"<p>Champagne Laurent Perrier Brut Region: Fran\u00e7a Capacidad: 75cL Cepas: Chardonnay. Contenido de alcohol: 12% vol. Notas de cata: Este vino procede del mosto m\u00e1s puro, lo que por s\u00ed solo permite a Laurent-Perrier producir \u201cLa Cuv\u00e9e\u201d, un champagne de excelencia y hermosa frescura obtenido despu\u00e9s de un largo proceso de envejecimiento en nuestras bodegas. Informaci\u00f3n [&hellip;]<\/p>\n","protected":false},"featured_media":11311,"template":"","meta":{"_monsterinsights_skip_tracking":false,"_monsterinsights_sitenote_active":false,"_monsterinsights_sitenote_note":"","_monsterinsights_sitenote_category":0},"product_brand":[],"product_cat":[182,185],"product_tag":[],"class_list":{"0":"post-8028","1":"product","2":"type-product","3":"status-publish","4":"has-post-thumbnail","6":"product_cat-champagne-espumoso","7":"product_cat-francia","9":"first","10":"instock","11":"taxable","12":"shipping-taxable","13":"purchasable","14":"product-type-simple"},"aioseo_notices":[],"_links":{"self":[{"href":"https:\/\/pwinecastes.com\/es\/wp-json\/wp\/v2\/product\/8028","targetHints":{"allow":["GET"]}}],"collection":[{"href":"https:\/\/pwinecastes.com\/es\/wp-json\/wp\/v2\/product"}],"about":[{"href":"https:\/\/pwinecastes.com\/es\/wp-json\/wp\/v2\/types\/product"}],"version-history":[{"count":0,"href":"https:\/\/pwinecastes.com\/es\/wp-json\/wp\/v2\/product\/8028\/revisions"}],"wp:featuredmedia":[{"embeddable":true,"href":"https:\/\/pwinecastes.com\/es\/wp-json\/wp\/v2\/media\/11311"}],"wp:attachment":[{"href":"https:\/\/pwinecastes.com\/es\/wp-json\/wp\/v2\/media?parent=8028"}],"wp:term":[{"taxonomy":"product_brand","embeddable":true,"href":"https:\/\/pwinecastes.com\/es\/wp-json\/wp\/v2\/product_brand?post=8028"},{"taxonomy":"product_cat","embeddable":true,"href":"https:\/\/pwinecastes.com\/es\/wp-json\/wp\/v2\/product_cat?post=8028"},{"taxonomy":"product_tag","embeddable":true,"href":"https:\/\/pwinecastes.com\/es\/wp-json\/wp\/v2\/product_tag?post=8028"}],"curies":[{"name":"wp","href":"https:\/\/api.w.org\/{rel}","templated":true}]}}