{"id":8033,"date":"2024-05-03T09:13:05","date_gmt":"2024-05-03T09:13:05","guid":{"rendered":"https:\/\/luxuryinportugal.com\/pwinecastes\/product\/champagne-vranken-demoiselle-tete-de-cuvee-brut\/"},"modified":"2024-05-18T14:29:51","modified_gmt":"2024-05-18T14:29:51","slug":"champagne-vranken-demoiselle-tete-de-cuvee-brut","status":"publish","type":"product","link":"https:\/\/pwinecastes.com\/es\/product\/champagne-vranken-demoiselle-tete-de-cuvee-brut\/","title":{"rendered":"Champagne Vranken Demoiselle T\u00eate de Cuv\u00e9e Brut"},"content":{"rendered":"<p>Champagne Vranken Demoiselle T\u00eate de Cuv\u00e9e Brut<\/p>\n<ul>\n<li><strong>Region: <\/strong>Fran\u00e7a<\/li>\n<li><strong>Capacidad:<\/strong> 75cL<\/li>\n<li><strong>Cepas: <\/strong>Chardonnay.<\/li>\n<li><strong>Graduaci\u00f3n alcoh\u00f3lica: <\/strong>12,5% vol.<\/li>\n<li><strong>Informaci\u00f3n adicional:<\/strong> Contiene sulfitos.<\/li>\n<\/ul>\n","protected":false},"excerpt":{"rendered":"<p>Champagne Vranken Demoiselle T\u00eate de Cuv\u00e9e Brut Region: Fran\u00e7a Capacidad: 75cL Cepas: Chardonnay. Graduaci\u00f3n alcoh\u00f3lica: 12,5% vol. Informaci\u00f3n adicional: Contiene sulfitos.<\/p>\n","protected":false},"featured_media":11318,"template":"","meta":{"_monsterinsights_skip_tracking":false,"_monsterinsights_sitenote_active":false,"_monsterinsights_sitenote_note":"","_monsterinsights_sitenote_category":0},"product_brand":[],"product_cat":[182,185],"product_tag":[],"class_list":{"0":"post-8033","1":"product","2":"type-product","3":"status-publish","4":"has-post-thumbnail","6":"product_cat-champagne-espumoso","7":"product_cat-francia","9":"first","10":"instock","11":"taxable","12":"shipping-taxable","13":"purchasable","14":"product-type-simple"},"aioseo_notices":[],"_links":{"self":[{"href":"https:\/\/pwinecastes.com\/es\/wp-json\/wp\/v2\/product\/8033","targetHints":{"allow":["GET"]}}],"collection":[{"href":"https:\/\/pwinecastes.com\/es\/wp-json\/wp\/v2\/product"}],"about":[{"href":"https:\/\/pwinecastes.com\/es\/wp-json\/wp\/v2\/types\/product"}],"version-history":[{"count":0,"href":"https:\/\/pwinecastes.com\/es\/wp-json\/wp\/v2\/product\/8033\/revisions"}],"wp:featuredmedia":[{"embeddable":true,"href":"https:\/\/pwinecastes.com\/es\/wp-json\/wp\/v2\/media\/11318"}],"wp:attachment":[{"href":"https:\/\/pwinecastes.com\/es\/wp-json\/wp\/v2\/media?parent=8033"}],"wp:term":[{"taxonomy":"product_brand","embeddable":true,"href":"https:\/\/pwinecastes.com\/es\/wp-json\/wp\/v2\/product_brand?post=8033"},{"taxonomy":"product_cat","embeddable":true,"href":"https:\/\/pwinecastes.com\/es\/wp-json\/wp\/v2\/product_cat?post=8033"},{"taxonomy":"product_tag","embeddable":true,"href":"https:\/\/pwinecastes.com\/es\/wp-json\/wp\/v2\/product_tag?post=8033"}],"curies":[{"name":"wp","href":"https:\/\/api.w.org\/{rel}","templated":true}]}}