{"id":8054,"date":"2024-05-03T11:21:02","date_gmt":"2024-05-03T11:21:02","guid":{"rendered":"https:\/\/luxuryinportugal.com\/pwinecastes\/product\/herdade-dos-grous-tinto-2019\/"},"modified":"2025-01-16T16:41:24","modified_gmt":"2025-01-16T16:41:24","slug":"herdade-dos-grous-tinto-2019","status":"publish","type":"product","link":"https:\/\/pwinecastes.com\/es\/product\/herdade-dos-grous-tinto-2019\/","title":{"rendered":"Herdade dos Grous Tinto 2014"},"content":{"rendered":"<p>Herdade dos Grous Tinto 2014<\/p>\n<ul>\n<li><strong>Regi\u00f3n:<\/strong> Alentejo<\/li>\n<li><strong>Capacidad:<\/strong> 75 cL<\/li>\n<li><strong>Variedades de uva: <\/strong>Alicante Bouschet, Syrah, Touriga Nacional y Aragon\u00eas.<\/li>\n<li><strong>Graduaci\u00f3n alcoh\u00f3lica: <\/strong>14% vol.<\/li>\n<li><strong>Nota de cata: <\/strong>Color granate intenso. Aroma complejo de fruta madura y menta. Rico sabor a fruta, concentrado, final largo.<\/li>\n<li><strong>Maridaje: <\/strong>Combina bien con pasta, carnes a la parrilla, embutidos y quesos.<\/li>\n<li><strong>Informaci\u00f3n adicional:<\/strong> Contiene sulfitos.<\/li>\n<\/ul>\n","protected":false},"excerpt":{"rendered":"<p>Herdade dos Grous Tinto 2014 Regi\u00f3n: Alentejo Capacidad: 75 cL Variedades de uva: Alicante Bouschet, Syrah, Touriga Nacional y Aragon\u00eas. Graduaci\u00f3n alcoh\u00f3lica: 14% vol. Nota de cata: Color granate intenso. Aroma complejo de fruta madura y menta. Rico sabor a fruta, concentrado, final largo. Maridaje: Combina bien con pasta, carnes a la parrilla, embutidos y [&hellip;]<\/p>\n","protected":false},"featured_media":8291,"template":"","meta":{"_monsterinsights_skip_tracking":false,"_monsterinsights_sitenote_active":false,"_monsterinsights_sitenote_note":"","_monsterinsights_sitenote_category":0},"product_brand":[],"product_cat":[214,209,212,213,233,102],"product_tag":[],"class_list":{"0":"post-8054","1":"product","2":"type-product","3":"status-publish","4":"has-post-thumbnail","6":"product_cat-alentejo-es","7":"product_cat-pais-es-2","8":"product_cat-portugal-es-2","9":"product_cat-region-es","10":"product_cat-tinto-es-2","11":"product_cat-vinos","13":"first","14":"outofstock","15":"taxable","16":"shipping-taxable","17":"purchasable","18":"product-type-simple"},"aioseo_notices":[],"_links":{"self":[{"href":"https:\/\/pwinecastes.com\/es\/wp-json\/wp\/v2\/product\/8054","targetHints":{"allow":["GET"]}}],"collection":[{"href":"https:\/\/pwinecastes.com\/es\/wp-json\/wp\/v2\/product"}],"about":[{"href":"https:\/\/pwinecastes.com\/es\/wp-json\/wp\/v2\/types\/product"}],"version-history":[{"count":0,"href":"https:\/\/pwinecastes.com\/es\/wp-json\/wp\/v2\/product\/8054\/revisions"}],"wp:featuredmedia":[{"embeddable":true,"href":"https:\/\/pwinecastes.com\/es\/wp-json\/wp\/v2\/media\/8291"}],"wp:attachment":[{"href":"https:\/\/pwinecastes.com\/es\/wp-json\/wp\/v2\/media?parent=8054"}],"wp:term":[{"taxonomy":"product_brand","embeddable":true,"href":"https:\/\/pwinecastes.com\/es\/wp-json\/wp\/v2\/product_brand?post=8054"},{"taxonomy":"product_cat","embeddable":true,"href":"https:\/\/pwinecastes.com\/es\/wp-json\/wp\/v2\/product_cat?post=8054"},{"taxonomy":"product_tag","embeddable":true,"href":"https:\/\/pwinecastes.com\/es\/wp-json\/wp\/v2\/product_tag?post=8054"}],"curies":[{"name":"wp","href":"https:\/\/api.w.org\/{rel}","templated":true}]}}