{"id":8164,"date":"2024-05-03T13:55:23","date_gmt":"2024-05-03T13:55:23","guid":{"rendered":"https:\/\/luxuryinportugal.com\/pwinecastes\/product\/champan-moet-chandon-brut-rose-imperial\/"},"modified":"2024-05-21T16:43:03","modified_gmt":"2024-05-21T16:43:03","slug":"champan-moet-chandon-brut-rose-imperial","status":"publish","type":"product","link":"https:\/\/pwinecastes.com\/es\/product\/champan-moet-chandon-brut-rose-imperial\/","title":{"rendered":"Champ\u00e1n Mo\u00ebt &amp; Chandon Brut Ros\u00e9 Imp\u00e9rial"},"content":{"rendered":"<p>Champ\u00e1n Mo\u00ebt &amp; Chandon Brut Ros\u00e9 Imp\u00e9rial<\/p>\n<ul>\n<li><strong><strong>Regi\u00f3n: <\/strong><\/strong>Champa\u00f1a, Francia<\/li>\n<li><strong>Capacidad:<\/strong> 75cL<\/li>\n<li><strong>Cepas: <\/strong>Pinot Noir, Meunier, Chardonnay<\/li>\n<li><strong>Contenido de alcohol: <\/strong>12% vol.<\/li>\n<li><strong>Nota de cata: <\/strong>Mo\u00ebt et Chandon Ros\u00e9 Imp\u00e9rial es una expresi\u00f3n radiante, espont\u00e1nea y rom\u00e1ntica del estilo Mo\u00ebt et Chandon, que se distingue por su brillante aroma afrutado, su paladar seductor y su elegante madurez.<\/li>\n<li><strong>Informaci\u00f3n adicional:<\/strong> Contiene sulfitos.<\/li>\n<\/ul>\n","protected":false},"excerpt":{"rendered":"<p>Champ\u00e1n Mo\u00ebt &amp; Chandon Brut Ros\u00e9 Imp\u00e9rial Regi\u00f3n: Champa\u00f1a, Francia Capacidad: 75cL Cepas: Pinot Noir, Meunier, Chardonnay Contenido de alcohol: 12% vol. Nota de cata: Mo\u00ebt et Chandon Ros\u00e9 Imp\u00e9rial es una expresi\u00f3n radiante, espont\u00e1nea y rom\u00e1ntica del estilo Mo\u00ebt et Chandon, que se distingue por su brillante aroma afrutado, su paladar seductor y su [&hellip;]<\/p>\n","protected":false},"featured_media":11496,"template":"","meta":{"_monsterinsights_skip_tracking":false,"_monsterinsights_sitenote_active":false,"_monsterinsights_sitenote_note":"","_monsterinsights_sitenote_category":0},"product_brand":[],"product_cat":[182,185],"product_tag":[],"class_list":{"0":"post-8164","1":"product","2":"type-product","3":"status-publish","4":"has-post-thumbnail","6":"product_cat-champagne-espumoso","7":"product_cat-francia","9":"first","10":"instock","11":"taxable","12":"shipping-taxable","13":"purchasable","14":"product-type-simple"},"aioseo_notices":[],"_links":{"self":[{"href":"https:\/\/pwinecastes.com\/es\/wp-json\/wp\/v2\/product\/8164","targetHints":{"allow":["GET"]}}],"collection":[{"href":"https:\/\/pwinecastes.com\/es\/wp-json\/wp\/v2\/product"}],"about":[{"href":"https:\/\/pwinecastes.com\/es\/wp-json\/wp\/v2\/types\/product"}],"version-history":[{"count":0,"href":"https:\/\/pwinecastes.com\/es\/wp-json\/wp\/v2\/product\/8164\/revisions"}],"wp:featuredmedia":[{"embeddable":true,"href":"https:\/\/pwinecastes.com\/es\/wp-json\/wp\/v2\/media\/11496"}],"wp:attachment":[{"href":"https:\/\/pwinecastes.com\/es\/wp-json\/wp\/v2\/media?parent=8164"}],"wp:term":[{"taxonomy":"product_brand","embeddable":true,"href":"https:\/\/pwinecastes.com\/es\/wp-json\/wp\/v2\/product_brand?post=8164"},{"taxonomy":"product_cat","embeddable":true,"href":"https:\/\/pwinecastes.com\/es\/wp-json\/wp\/v2\/product_cat?post=8164"},{"taxonomy":"product_tag","embeddable":true,"href":"https:\/\/pwinecastes.com\/es\/wp-json\/wp\/v2\/product_tag?post=8164"}],"curies":[{"name":"wp","href":"https:\/\/api.w.org\/{rel}","templated":true}]}}