{"id":8318,"date":"2024-05-03T15:44:03","date_gmt":"2024-05-03T15:44:03","guid":{"rendered":"https:\/\/luxuryinportugal.com\/pwinecastes\/product\/vino-espumoso-murganheira-super-reserva-brut\/"},"modified":"2024-12-19T00:08:35","modified_gmt":"2024-12-19T00:08:35","slug":"vino-espumoso-murganheira-super-reserva-brut","status":"publish","type":"product","link":"https:\/\/pwinecastes.com\/es\/product\/vino-espumoso-murganheira-super-reserva-brut\/","title":{"rendered":"Vino Espumoso Murganheira Super Reserva Brut"},"content":{"rendered":"<p>Vino Espumoso Murganheira Super Reserva Brut<\/p>\n<ul>\n<li><strong>Regi\u00f3n: <\/strong>T\u00e1vora Varosa, Portugal<\/li>\n<li><strong>Capacidad:<\/strong> 75cL<\/li>\n<li><strong>Variedades de uva: <\/strong>Malvas\u00eda Fina, Cerceal y Tinta Roriz.<\/li>\n<li><strong>Graduaci\u00f3n alcoh\u00f3lica: <\/strong>12,5% vol.<\/li>\n<li><strong>Nota de cata: <\/strong>Aroma muy armonioso con notas de vainilla. Un sabor delicado y elegante con un final persistente que es el sello distintivo de su equilibrio.<\/li>\n<li><strong>Maridaje:<\/strong> Combina perfectamente con pescados y mariscos asados.<\/li>\n<li><strong>Informaci\u00f3n adicional:<\/strong> Contiene sulfitos.<\/li>\n<\/ul>\n","protected":false},"excerpt":{"rendered":"<p>Vino Espumoso Murganheira Super Reserva Brut Regi\u00f3n: T\u00e1vora Varosa, Portugal Capacidad: 75cL Variedades de uva: Malvas\u00eda Fina, Cerceal y Tinta Roriz. Graduaci\u00f3n alcoh\u00f3lica: 12,5% vol. Nota de cata: Aroma muy armonioso con notas de vainilla. Un sabor delicado y elegante con un final persistente que es el sello distintivo de su equilibrio. Maridaje: Combina perfectamente [&hellip;]<\/p>\n","protected":false},"featured_media":10055,"template":"","meta":{"_monsterinsights_skip_tracking":false,"_monsterinsights_sitenote_active":false,"_monsterinsights_sitenote_note":"","_monsterinsights_sitenote_category":0},"product_brand":[],"product_cat":[182,186],"product_tag":[],"class_list":{"0":"post-8318","1":"product","2":"type-product","3":"status-publish","4":"has-post-thumbnail","6":"product_cat-champagne-espumoso","7":"product_cat-portugal-es","9":"first","10":"instock","11":"taxable","12":"shipping-taxable","13":"purchasable","14":"product-type-simple"},"aioseo_notices":[],"_links":{"self":[{"href":"https:\/\/pwinecastes.com\/es\/wp-json\/wp\/v2\/product\/8318","targetHints":{"allow":["GET"]}}],"collection":[{"href":"https:\/\/pwinecastes.com\/es\/wp-json\/wp\/v2\/product"}],"about":[{"href":"https:\/\/pwinecastes.com\/es\/wp-json\/wp\/v2\/types\/product"}],"version-history":[{"count":0,"href":"https:\/\/pwinecastes.com\/es\/wp-json\/wp\/v2\/product\/8318\/revisions"}],"wp:featuredmedia":[{"embeddable":true,"href":"https:\/\/pwinecastes.com\/es\/wp-json\/wp\/v2\/media\/10055"}],"wp:attachment":[{"href":"https:\/\/pwinecastes.com\/es\/wp-json\/wp\/v2\/media?parent=8318"}],"wp:term":[{"taxonomy":"product_brand","embeddable":true,"href":"https:\/\/pwinecastes.com\/es\/wp-json\/wp\/v2\/product_brand?post=8318"},{"taxonomy":"product_cat","embeddable":true,"href":"https:\/\/pwinecastes.com\/es\/wp-json\/wp\/v2\/product_cat?post=8318"},{"taxonomy":"product_tag","embeddable":true,"href":"https:\/\/pwinecastes.com\/es\/wp-json\/wp\/v2\/product_tag?post=8318"}],"curies":[{"name":"wp","href":"https:\/\/api.w.org\/{rel}","templated":true}]}}