{"id":8322,"date":"2024-05-03T16:06:48","date_gmt":"2024-05-03T16:06:48","guid":{"rendered":"https:\/\/luxuryinportugal.com\/pwinecastes\/product\/champan-ruinart-brut\/"},"modified":"2024-05-03T16:06:48","modified_gmt":"2024-05-03T16:06:48","slug":"champan-ruinart-brut","status":"publish","type":"product","link":"https:\/\/pwinecastes.com\/es\/product\/champan-ruinart-brut\/","title":{"rendered":"Champ\u00e1n Ruinart Brut"},"content":{"rendered":"<p>Champ\u00e1n Ruinart Brut<\/p>\n<ul>\n<li><strong>Regi\u00f3n: <\/strong>Champa\u00f1a, Portugal<\/li>\n<li><strong>Capacidad:<\/strong> 75cL<\/li>\n<li><strong>Variedades de uva: <\/strong>Chardonnay, Pinot Noir y Pinot Meunier.<\/li>\n<li><strong>Teor Alco\u00f3lico: <\/strong>12% vol.<\/li>\n<li><strong>Nota de cata: <\/strong>Color amarillo claro y brillante. La primera nariz es fina y fresca, afrutada, llena de notas de fruta blanca (pera, manzana cuajada), albaricoque y avellana y almendras frescas. Algunas notas florales y especiadas a\u00f1aden complejidad. La segunda nariz revela una gran intensidad olfativa sobre una base de galleta y brioche. Ataque bucal muy franco. Un vino equilibrado, lo bastante redondo y carnoso para atacar con fruta madura. El final largo y bien integrado da paso a la frescura caracter\u00edstica del Chardonnay.<\/li>\n<li><strong>Maridaje:<\/strong> Perfecto para c\u00f3cteles en cualquier circunstancia, tambi\u00e9n puede utilizarse como entrante de platos ligeros y finos, como las ostras. Tambi\u00e9n combina bien con quesos locales de corta maduraci\u00f3n.<\/li>\n<li><strong>Informaci\u00f3n adicional:<\/strong> Contiene sulfitos.<\/li>\n<\/ul>\n","protected":false},"excerpt":{"rendered":"<p>Champ\u00e1n Ruinart Brut Regi\u00f3n: Champa\u00f1a, Portugal Capacidad: 75cL Variedades de uva: Chardonnay, Pinot Noir y Pinot Meunier. Teor Alco\u00f3lico: 12% vol. Nota de cata: Color amarillo claro y brillante. La primera nariz es fina y fresca, afrutada, llena de notas de fruta blanca (pera, manzana cuajada), albaricoque y avellana y almendras frescas. Algunas notas florales [&hellip;]<\/p>\n","protected":false},"featured_media":10367,"template":"","meta":{"_monsterinsights_skip_tracking":false,"_monsterinsights_sitenote_active":false,"_monsterinsights_sitenote_note":"","_monsterinsights_sitenote_category":0},"product_brand":[],"product_cat":[182,185],"product_tag":[],"class_list":{"0":"post-8322","1":"product","2":"type-product","3":"status-publish","4":"has-post-thumbnail","6":"product_cat-champagne-espumoso","7":"product_cat-francia","9":"first","10":"instock","11":"taxable","12":"shipping-taxable","13":"purchasable","14":"product-type-simple"},"aioseo_notices":[],"_links":{"self":[{"href":"https:\/\/pwinecastes.com\/es\/wp-json\/wp\/v2\/product\/8322","targetHints":{"allow":["GET"]}}],"collection":[{"href":"https:\/\/pwinecastes.com\/es\/wp-json\/wp\/v2\/product"}],"about":[{"href":"https:\/\/pwinecastes.com\/es\/wp-json\/wp\/v2\/types\/product"}],"version-history":[{"count":0,"href":"https:\/\/pwinecastes.com\/es\/wp-json\/wp\/v2\/product\/8322\/revisions"}],"wp:featuredmedia":[{"embeddable":true,"href":"https:\/\/pwinecastes.com\/es\/wp-json\/wp\/v2\/media\/10367"}],"wp:attachment":[{"href":"https:\/\/pwinecastes.com\/es\/wp-json\/wp\/v2\/media?parent=8322"}],"wp:term":[{"taxonomy":"product_brand","embeddable":true,"href":"https:\/\/pwinecastes.com\/es\/wp-json\/wp\/v2\/product_brand?post=8322"},{"taxonomy":"product_cat","embeddable":true,"href":"https:\/\/pwinecastes.com\/es\/wp-json\/wp\/v2\/product_cat?post=8322"},{"taxonomy":"product_tag","embeddable":true,"href":"https:\/\/pwinecastes.com\/es\/wp-json\/wp\/v2\/product_tag?post=8322"}],"curies":[{"name":"wp","href":"https:\/\/api.w.org\/{rel}","templated":true}]}}