{"id":8327,"date":"2024-05-03T16:12:42","date_gmt":"2024-05-03T16:12:42","guid":{"rendered":"https:\/\/luxuryinportugal.com\/pwinecastes\/product\/champan-ruinart-blanc-de-blanc-segunda-piel\/"},"modified":"2024-05-03T16:12:42","modified_gmt":"2024-05-03T16:12:42","slug":"champan-ruinart-blanc-de-blanc-segunda-piel","status":"publish","type":"product","link":"https:\/\/pwinecastes.com\/es\/product\/champan-ruinart-blanc-de-blanc-segunda-piel\/","title":{"rendered":"Champ\u00e1n Ruinart Blanc de Blanc Segunda Piel"},"content":{"rendered":"<p>Champ\u00e1n Ruinart Blanc de Blanc Segunda Piel<\/p>\n<ul>\n<li><strong>Regi\u00f3n:<\/strong> Champa\u00f1a, Francia<\/li>\n<li><strong>Capacidad:<\/strong> 75cL<\/li>\n<li><strong>Variedades: <\/strong>Ruinart Blanc de Blancs incluye entre 25 y 30 crus diferentes de chardonnay, predominantemente de la C\u00f4te des Blancs, Montagne de Reims, S\u00e9zannais y La Vall\u00e9e de la Vesle. Reflejan la rica diversidad del terru\u00f1o de Champa\u00f1a.<\/li>\n<li><strong>Graduaci\u00f3n alcoh\u00f3lica: <\/strong>12,5% vol.<\/li>\n<li><strong>Nota de cata:<\/strong> Visualmente, Ruinart Blanc de Blancs tiene una t\u00fanica brillante con un bonito color amarillo p\u00e1lido y ligeros toques de verde almendra y verde jade. La primera nariz revela aromas intensos de fruta fresca: lim\u00f3n maduro, pera jugosa o melocot\u00f3n reci\u00e9n recogido. Los aromas secundarios son m\u00e1s florales, con notas de flores blancas, acompa\u00f1adas de un toque picante que combina jengibre y pimienta rosa. Equilibrando la tensi\u00f3n con la redondez, la estructura envolvente se ve realzada por aromas frescos de c\u00edtricos maduros y fruta tropical. Con un final largo y delicado.<\/li>\n<li><strong>Maridaje:<\/strong> La chef residente Val\u00e9rie Radou y el maestro bodeguero Fr\u00e9d\u00e9ric Pana\u00efotis recomiendan maridar este champ\u00e1n con marisco o pescado.<\/li>\n<li><strong>Informaci\u00f3n adicional:<\/strong> Contiene sulfitos.<\/li>\n<\/ul>\n","protected":false},"excerpt":{"rendered":"<p>Champ\u00e1n Ruinart Blanc de Blanc Segunda Piel Regi\u00f3n: Champa\u00f1a, Francia Capacidad: 75cL Variedades: Ruinart Blanc de Blancs incluye entre 25 y 30 crus diferentes de chardonnay, predominantemente de la C\u00f4te des Blancs, Montagne de Reims, S\u00e9zannais y La Vall\u00e9e de la Vesle. Reflejan la rica diversidad del terru\u00f1o de Champa\u00f1a. Graduaci\u00f3n alcoh\u00f3lica: 12,5% vol. Nota [&hellip;]<\/p>\n","protected":false},"featured_media":10385,"template":"","meta":{"_monsterinsights_skip_tracking":false,"_monsterinsights_sitenote_active":false,"_monsterinsights_sitenote_note":"","_monsterinsights_sitenote_category":0},"product_brand":[],"product_cat":[182,185],"product_tag":[],"class_list":{"0":"post-8327","1":"product","2":"type-product","3":"status-publish","4":"has-post-thumbnail","6":"product_cat-champagne-espumoso","7":"product_cat-francia","9":"first","10":"instock","11":"taxable","12":"shipping-taxable","13":"purchasable","14":"product-type-simple"},"aioseo_notices":[],"_links":{"self":[{"href":"https:\/\/pwinecastes.com\/es\/wp-json\/wp\/v2\/product\/8327","targetHints":{"allow":["GET"]}}],"collection":[{"href":"https:\/\/pwinecastes.com\/es\/wp-json\/wp\/v2\/product"}],"about":[{"href":"https:\/\/pwinecastes.com\/es\/wp-json\/wp\/v2\/types\/product"}],"version-history":[{"count":0,"href":"https:\/\/pwinecastes.com\/es\/wp-json\/wp\/v2\/product\/8327\/revisions"}],"wp:featuredmedia":[{"embeddable":true,"href":"https:\/\/pwinecastes.com\/es\/wp-json\/wp\/v2\/media\/10385"}],"wp:attachment":[{"href":"https:\/\/pwinecastes.com\/es\/wp-json\/wp\/v2\/media?parent=8327"}],"wp:term":[{"taxonomy":"product_brand","embeddable":true,"href":"https:\/\/pwinecastes.com\/es\/wp-json\/wp\/v2\/product_brand?post=8327"},{"taxonomy":"product_cat","embeddable":true,"href":"https:\/\/pwinecastes.com\/es\/wp-json\/wp\/v2\/product_cat?post=8327"},{"taxonomy":"product_tag","embeddable":true,"href":"https:\/\/pwinecastes.com\/es\/wp-json\/wp\/v2\/product_tag?post=8327"}],"curies":[{"name":"wp","href":"https:\/\/api.w.org\/{rel}","templated":true}]}}