{"id":8339,"date":"2024-05-03T17:04:34","date_gmt":"2024-05-03T17:04:34","guid":{"rendered":"https:\/\/luxuryinportugal.com\/pwinecastes\/product\/vino-espumoso-terras-do-demo-pata-de-lebre-reserva-bruto\/"},"modified":"2025-06-27T17:22:33","modified_gmt":"2025-06-27T17:22:33","slug":"vino-espumoso-terras-do-demo-pata-de-lebre-reserva-bruto","status":"publish","type":"product","link":"https:\/\/pwinecastes.com\/es\/product\/vino-espumoso-terras-do-demo-pata-de-lebre-reserva-bruto\/","title":{"rendered":"Vino espumoso Terras do Demo Pata de Lebre Reserva Bruto"},"content":{"rendered":"<p>Vino espumoso Terras do Demo Pata de Lebre Reserva Bruto<\/p>\n<ul>\n<li><strong>Regi\u00f3n: <\/strong>T\u00e1vora Varosa, Portugal<\/li>\n<li><strong>Capacidad:<\/strong> 75 cL<\/li>\n<li><strong>Variedades de uva: <\/strong>Malvas\u00eda y Verdelho<strong>.<\/strong><\/li>\n<li><strong>Graduaci\u00f3n alcoh\u00f3lica: <\/strong>12% vol.<\/li>\n<li><strong>Maridaje:<\/strong> Ideal con marisco, ostras, pescado, aves, carnes blancas y como aperitivo.<\/li>\n<li><strong>Informaci\u00f3n adicional:<\/strong> Contiene sulfitos.<\/li>\n<\/ul>\n","protected":false},"excerpt":{"rendered":"<p>Vino espumoso Terras do Demo Pata de Lebre Reserva Bruto Regi\u00f3n: T\u00e1vora Varosa, Portugal Capacidad: 75 cL Variedades de uva: Malvas\u00eda y Verdelho. Graduaci\u00f3n alcoh\u00f3lica: 12% vol. Maridaje: Ideal con marisco, ostras, pescado, aves, carnes blancas y como aperitivo. Informaci\u00f3n adicional: Contiene sulfitos.<\/p>\n","protected":false},"featured_media":9289,"template":"","meta":{"_monsterinsights_skip_tracking":false,"_monsterinsights_sitenote_active":false,"_monsterinsights_sitenote_note":"","_monsterinsights_sitenote_category":0},"product_brand":[],"product_cat":[182,186],"product_tag":[],"class_list":{"0":"post-8339","1":"product","2":"type-product","3":"status-publish","4":"has-post-thumbnail","6":"product_cat-champagne-espumoso","7":"product_cat-portugal-es","9":"first","10":"instock","11":"taxable","12":"shipping-taxable","13":"purchasable","14":"product-type-simple"},"aioseo_notices":[],"_links":{"self":[{"href":"https:\/\/pwinecastes.com\/es\/wp-json\/wp\/v2\/product\/8339","targetHints":{"allow":["GET"]}}],"collection":[{"href":"https:\/\/pwinecastes.com\/es\/wp-json\/wp\/v2\/product"}],"about":[{"href":"https:\/\/pwinecastes.com\/es\/wp-json\/wp\/v2\/types\/product"}],"version-history":[{"count":0,"href":"https:\/\/pwinecastes.com\/es\/wp-json\/wp\/v2\/product\/8339\/revisions"}],"wp:featuredmedia":[{"embeddable":true,"href":"https:\/\/pwinecastes.com\/es\/wp-json\/wp\/v2\/media\/9289"}],"wp:attachment":[{"href":"https:\/\/pwinecastes.com\/es\/wp-json\/wp\/v2\/media?parent=8339"}],"wp:term":[{"taxonomy":"product_brand","embeddable":true,"href":"https:\/\/pwinecastes.com\/es\/wp-json\/wp\/v2\/product_brand?post=8339"},{"taxonomy":"product_cat","embeddable":true,"href":"https:\/\/pwinecastes.com\/es\/wp-json\/wp\/v2\/product_cat?post=8339"},{"taxonomy":"product_tag","embeddable":true,"href":"https:\/\/pwinecastes.com\/es\/wp-json\/wp\/v2\/product_tag?post=8339"}],"curies":[{"name":"wp","href":"https:\/\/api.w.org\/{rel}","templated":true}]}}