{"id":8343,"date":"2024-05-03T17:09:48","date_gmt":"2024-05-03T17:09:48","guid":{"rendered":"https:\/\/luxuryinportugal.com\/pwinecastes\/product\/vino-espumoso-tinto-terras-do-demo\/"},"modified":"2024-12-19T00:08:35","modified_gmt":"2024-12-19T00:08:35","slug":"vino-espumoso-tinto-terras-do-demo","status":"publish","type":"product","link":"https:\/\/pwinecastes.com\/es\/product\/vino-espumoso-tinto-terras-do-demo\/","title":{"rendered":"Vino espumoso tinto Terras do Demo"},"content":{"rendered":"<p>Vino espumoso tinto Terras do Demo<\/p>\n<ul>\n<li><strong>Regi\u00f3n: <\/strong>T\u00e1vora Varosa, Portugal<\/li>\n<li><strong>Capacidad:<\/strong> 75cL<\/li>\n<li><strong>Variedades de uva: <\/strong>Touriga Franca.<\/li>\n<li><strong>Teor Alco\u00f3lico: <\/strong>12% vol.<\/li>\n<li><strong>Nota de cata: <\/strong>Aroma intenso y exquisito a flores de malvas\u00eda. Es un vino espumoso fresco, muy afrutado y largo al final.<\/li>\n<li><strong>Maridaje: <\/strong>Con marisco, ostras, pescado blanco y aves.<\/li>\n<li><strong>Informaci\u00f3n adicional:<\/strong> Contiene sulfitos.<\/li>\n<\/ul>\n","protected":false},"excerpt":{"rendered":"<p>Vino espumoso tinto Terras do Demo Regi\u00f3n: T\u00e1vora Varosa, Portugal Capacidad: 75cL Variedades de uva: Touriga Franca. Teor Alco\u00f3lico: 12% vol. Nota de cata: Aroma intenso y exquisito a flores de malvas\u00eda. Es un vino espumoso fresco, muy afrutado y largo al final. Maridaje: Con marisco, ostras, pescado blanco y aves. Informaci\u00f3n adicional: Contiene sulfitos.<\/p>\n","protected":false},"featured_media":9301,"template":"","meta":{"_monsterinsights_skip_tracking":false,"_monsterinsights_sitenote_active":false,"_monsterinsights_sitenote_note":"","_monsterinsights_sitenote_category":0},"product_brand":[],"product_cat":[182,186],"product_tag":[],"class_list":{"0":"post-8343","1":"product","2":"type-product","3":"status-publish","4":"has-post-thumbnail","6":"product_cat-champagne-espumoso","7":"product_cat-portugal-es","9":"first","10":"instock","11":"taxable","12":"shipping-taxable","13":"purchasable","14":"product-type-simple"},"aioseo_notices":[],"_links":{"self":[{"href":"https:\/\/pwinecastes.com\/es\/wp-json\/wp\/v2\/product\/8343","targetHints":{"allow":["GET"]}}],"collection":[{"href":"https:\/\/pwinecastes.com\/es\/wp-json\/wp\/v2\/product"}],"about":[{"href":"https:\/\/pwinecastes.com\/es\/wp-json\/wp\/v2\/types\/product"}],"version-history":[{"count":0,"href":"https:\/\/pwinecastes.com\/es\/wp-json\/wp\/v2\/product\/8343\/revisions"}],"wp:featuredmedia":[{"embeddable":true,"href":"https:\/\/pwinecastes.com\/es\/wp-json\/wp\/v2\/media\/9301"}],"wp:attachment":[{"href":"https:\/\/pwinecastes.com\/es\/wp-json\/wp\/v2\/media?parent=8343"}],"wp:term":[{"taxonomy":"product_brand","embeddable":true,"href":"https:\/\/pwinecastes.com\/es\/wp-json\/wp\/v2\/product_brand?post=8343"},{"taxonomy":"product_cat","embeddable":true,"href":"https:\/\/pwinecastes.com\/es\/wp-json\/wp\/v2\/product_cat?post=8343"},{"taxonomy":"product_tag","embeddable":true,"href":"https:\/\/pwinecastes.com\/es\/wp-json\/wp\/v2\/product_tag?post=8343"}],"curies":[{"name":"wp","href":"https:\/\/api.w.org\/{rel}","templated":true}]}}