{"id":8347,"date":"2024-05-03T17:15:49","date_gmt":"2024-05-03T17:15:49","guid":{"rendered":"https:\/\/luxuryinportugal.com\/pwinecastes\/product\/vino-espumoso-vertice-brut\/"},"modified":"2024-05-03T17:15:49","modified_gmt":"2024-05-03T17:15:49","slug":"vino-espumoso-vertice-brut","status":"publish","type":"product","link":"https:\/\/pwinecastes.com\/es\/product\/vino-espumoso-vertice-brut\/","title":{"rendered":"Vino espumoso V\u00e9rtice Brut"},"content":{"rendered":"<p>Vino espumoso V\u00e9rtice Brut<\/p>\n<ul>\n<li><strong>Regi\u00f3n: <\/strong>Douro<\/li>\n<li><strong>Capacidad:<\/strong> 75cL<\/li>\n<li><strong>Variedades de <\/strong>uva<strong>: <\/strong>Gouveio, Malvasia Fina, Rabigato, Viosinho, Arinto, C\u00f3dega y Touriga Franca.<\/li>\n<li><strong>Teor Alco\u00f3lico: <\/strong>12% vol.<\/li>\n<li><strong>Nota de cata: <\/strong>Color c\u00edtrico. Tiene una burbuja muy fina y persistente, que desprende un aroma fresco y delicado. El paladar revela sabores frutales ligeros y complejos y un agradable toque de acidez vivificante, que deja en la boca un sabor delicado y persistente.<\/li>\n<li><strong>Maridaje:<\/strong> Como aperitivo con foie gras y pat\u00e9s, o para acompa\u00f1ar platos de pescado y marisco.<\/li>\n<li><strong>Informaci\u00f3n adicional:<\/strong> Contiene sulfitos.<\/li>\n<\/ul>\n","protected":false},"excerpt":{"rendered":"<p>Vino espumoso V\u00e9rtice Brut Regi\u00f3n: Douro Capacidad: 75cL Variedades de uva: Gouveio, Malvasia Fina, Rabigato, Viosinho, Arinto, C\u00f3dega y Touriga Franca. Teor Alco\u00f3lico: 12% vol. Nota de cata: Color c\u00edtrico. Tiene una burbuja muy fina y persistente, que desprende un aroma fresco y delicado. El paladar revela sabores frutales ligeros y complejos y un agradable [&hellip;]<\/p>\n","protected":false},"featured_media":9449,"template":"","meta":{"_monsterinsights_skip_tracking":false,"_monsterinsights_sitenote_active":false,"_monsterinsights_sitenote_note":"","_monsterinsights_sitenote_category":0},"product_brand":[],"product_cat":[182,186],"product_tag":[],"class_list":{"0":"post-8347","1":"product","2":"type-product","3":"status-publish","4":"has-post-thumbnail","6":"product_cat-champagne-espumoso","7":"product_cat-portugal-es","9":"first","10":"instock","11":"taxable","12":"shipping-taxable","13":"purchasable","14":"product-type-simple"},"aioseo_notices":[],"_links":{"self":[{"href":"https:\/\/pwinecastes.com\/es\/wp-json\/wp\/v2\/product\/8347","targetHints":{"allow":["GET"]}}],"collection":[{"href":"https:\/\/pwinecastes.com\/es\/wp-json\/wp\/v2\/product"}],"about":[{"href":"https:\/\/pwinecastes.com\/es\/wp-json\/wp\/v2\/types\/product"}],"version-history":[{"count":0,"href":"https:\/\/pwinecastes.com\/es\/wp-json\/wp\/v2\/product\/8347\/revisions"}],"wp:featuredmedia":[{"embeddable":true,"href":"https:\/\/pwinecastes.com\/es\/wp-json\/wp\/v2\/media\/9449"}],"wp:attachment":[{"href":"https:\/\/pwinecastes.com\/es\/wp-json\/wp\/v2\/media?parent=8347"}],"wp:term":[{"taxonomy":"product_brand","embeddable":true,"href":"https:\/\/pwinecastes.com\/es\/wp-json\/wp\/v2\/product_brand?post=8347"},{"taxonomy":"product_cat","embeddable":true,"href":"https:\/\/pwinecastes.com\/es\/wp-json\/wp\/v2\/product_cat?post=8347"},{"taxonomy":"product_tag","embeddable":true,"href":"https:\/\/pwinecastes.com\/es\/wp-json\/wp\/v2\/product_tag?post=8347"}],"curies":[{"name":"wp","href":"https:\/\/api.w.org\/{rel}","templated":true}]}}