{"id":8351,"date":"2024-05-03T17:20:09","date_gmt":"2024-05-03T17:20:09","guid":{"rendered":"https:\/\/luxuryinportugal.com\/pwinecastes\/product\/vino-espumoso-vertice-millesime-brut\/"},"modified":"2024-05-03T17:20:09","modified_gmt":"2024-05-03T17:20:09","slug":"vino-espumoso-vertice-millesime-brut","status":"publish","type":"product","link":"https:\/\/pwinecastes.com\/es\/product\/vino-espumoso-vertice-millesime-brut\/","title":{"rendered":"Vino espumoso V\u00e9rtice Mill\u00e9sime Brut"},"content":{"rendered":"<p>Vino espumoso V\u00e9rtice Mill\u00e9sime Brut<\/p>\n<ul>\n<li><strong>Regi\u00f3n: <\/strong>Douro<\/li>\n<li><strong>Capacidad:<\/strong> 75cL<\/li>\n<li><strong>Variedades de <\/strong>uva<strong>: <\/strong>C\u00f3dega, Gouveio, Malvasia Fina, Rabigato y Touriga Franca.<\/li>\n<li><strong>Graduaci\u00f3n alcoh\u00f3lica: <\/strong>12,5% vol.<\/li>\n<li><strong>Nota de cata: <\/strong>Color c\u00edtrico, ligeras notas de brioche, muy bien proporcionado en boca, delicado. Gran armon\u00eda y un espumoso muy serio y con clase.<\/li>\n<li><strong>Maridaje:<\/strong> Excelente como aperitivo o con marisco.<\/li>\n<li><strong>Informaci\u00f3n adicional:<\/strong> Contiene sulfitos.<\/li>\n<\/ul>\n","protected":false},"excerpt":{"rendered":"<p>Vino espumoso V\u00e9rtice Mill\u00e9sime Brut Regi\u00f3n: Douro Capacidad: 75cL Variedades de uva: C\u00f3dega, Gouveio, Malvasia Fina, Rabigato y Touriga Franca. Graduaci\u00f3n alcoh\u00f3lica: 12,5% vol. Nota de cata: Color c\u00edtrico, ligeras notas de brioche, muy bien proporcionado en boca, delicado. Gran armon\u00eda y un espumoso muy serio y con clase. Maridaje: Excelente como aperitivo o con [&hellip;]<\/p>\n","protected":false},"featured_media":9464,"template":"","meta":{"_monsterinsights_skip_tracking":false,"_monsterinsights_sitenote_active":false,"_monsterinsights_sitenote_note":"","_monsterinsights_sitenote_category":0},"product_brand":[],"product_cat":[182,186],"product_tag":[],"class_list":{"0":"post-8351","1":"product","2":"type-product","3":"status-publish","4":"has-post-thumbnail","6":"product_cat-champagne-espumoso","7":"product_cat-portugal-es","9":"first","10":"instock","11":"taxable","12":"shipping-taxable","13":"purchasable","14":"product-type-simple"},"aioseo_notices":[],"_links":{"self":[{"href":"https:\/\/pwinecastes.com\/es\/wp-json\/wp\/v2\/product\/8351","targetHints":{"allow":["GET"]}}],"collection":[{"href":"https:\/\/pwinecastes.com\/es\/wp-json\/wp\/v2\/product"}],"about":[{"href":"https:\/\/pwinecastes.com\/es\/wp-json\/wp\/v2\/types\/product"}],"version-history":[{"count":0,"href":"https:\/\/pwinecastes.com\/es\/wp-json\/wp\/v2\/product\/8351\/revisions"}],"wp:featuredmedia":[{"embeddable":true,"href":"https:\/\/pwinecastes.com\/es\/wp-json\/wp\/v2\/media\/9464"}],"wp:attachment":[{"href":"https:\/\/pwinecastes.com\/es\/wp-json\/wp\/v2\/media?parent=8351"}],"wp:term":[{"taxonomy":"product_brand","embeddable":true,"href":"https:\/\/pwinecastes.com\/es\/wp-json\/wp\/v2\/product_brand?post=8351"},{"taxonomy":"product_cat","embeddable":true,"href":"https:\/\/pwinecastes.com\/es\/wp-json\/wp\/v2\/product_cat?post=8351"},{"taxonomy":"product_tag","embeddable":true,"href":"https:\/\/pwinecastes.com\/es\/wp-json\/wp\/v2\/product_tag?post=8351"}],"curies":[{"name":"wp","href":"https:\/\/api.w.org\/{rel}","templated":true}]}}