{"id":8380,"date":"2024-05-04T09:26:54","date_gmt":"2024-05-04T09:26:54","guid":{"rendered":"https:\/\/luxuryinportugal.com\/pwinecastes\/product\/niepoort-cosecha-1934\/"},"modified":"2024-05-25T15:47:59","modified_gmt":"2024-05-25T15:47:59","slug":"niepoort-cosecha-1934","status":"publish","type":"product","link":"https:\/\/pwinecastes.com\/es\/product\/niepoort-cosecha-1934\/","title":{"rendered":"Niepoort Cosecha 1934"},"content":{"rendered":"<p>Niepoort Oporto Cosecha 1934<\/p>\n<ul>\n<li><strong>Regi\u00f3n: <\/strong>Douro.<\/li>\n<li><strong>Capacidad:<\/strong> 75cL<\/li>\n<li><strong>Cepas: <\/strong>Blend.<\/li>\n<li><strong>Graduaci\u00f3n alcoh\u00f3lica: <\/strong>20% vol.<\/li>\n<li><strong><strong>Notas de cata: <\/strong><\/strong>Aspecto rojo ladrillo. Mezcla de aromas de fruta cocida y fruta madura. Buena combinaci\u00f3n de juventud y evoluci\u00f3n. Volumen en boca. Buena intensidad.<\/li>\n<li><strong>Armonizaci\u00f3n:<\/strong> postres a base de chocolate y frutas del bosque. S\u00edrvelo entre 16\u00baC y 18\u00baC.<\/li>\n<li><strong>Informaci\u00f3n adicional:<\/strong> Contiene sulfitos<\/li>\n<\/ul>\n","protected":false},"excerpt":{"rendered":"<p>Niepoort Oporto Cosecha 1934 Regi\u00f3n: Douro. Capacidad: 75cL Cepas: Blend. Graduaci\u00f3n alcoh\u00f3lica: 20% vol. Notas de cata: Aspecto rojo ladrillo. Mezcla de aromas de fruta cocida y fruta madura. Buena combinaci\u00f3n de juventud y evoluci\u00f3n. Volumen en boca. Buena intensidad. Armonizaci\u00f3n: postres a base de chocolate y frutas del bosque. S\u00edrvelo entre 16\u00baC y 18\u00baC. [&hellip;]<\/p>\n","protected":false},"featured_media":9982,"template":"","meta":{"_monsterinsights_skip_tracking":false,"_monsterinsights_sitenote_active":false,"_monsterinsights_sitenote_note":"","_monsterinsights_sitenote_category":0},"product_brand":[],"product_cat":[363,225,209,212],"product_tag":[],"class_list":{"0":"post-8380","1":"product","2":"type-product","3":"status-publish","4":"has-post-thumbnail","6":"product_cat-cosecha","7":"product_cat-oporto","8":"product_cat-pais-es-2","9":"product_cat-portugal-es-2","11":"first","12":"instock","13":"taxable","14":"shipping-taxable","15":"purchasable","16":"product-type-simple"},"aioseo_notices":[],"_links":{"self":[{"href":"https:\/\/pwinecastes.com\/es\/wp-json\/wp\/v2\/product\/8380","targetHints":{"allow":["GET"]}}],"collection":[{"href":"https:\/\/pwinecastes.com\/es\/wp-json\/wp\/v2\/product"}],"about":[{"href":"https:\/\/pwinecastes.com\/es\/wp-json\/wp\/v2\/types\/product"}],"version-history":[{"count":0,"href":"https:\/\/pwinecastes.com\/es\/wp-json\/wp\/v2\/product\/8380\/revisions"}],"wp:featuredmedia":[{"embeddable":true,"href":"https:\/\/pwinecastes.com\/es\/wp-json\/wp\/v2\/media\/9982"}],"wp:attachment":[{"href":"https:\/\/pwinecastes.com\/es\/wp-json\/wp\/v2\/media?parent=8380"}],"wp:term":[{"taxonomy":"product_brand","embeddable":true,"href":"https:\/\/pwinecastes.com\/es\/wp-json\/wp\/v2\/product_brand?post=8380"},{"taxonomy":"product_cat","embeddable":true,"href":"https:\/\/pwinecastes.com\/es\/wp-json\/wp\/v2\/product_cat?post=8380"},{"taxonomy":"product_tag","embeddable":true,"href":"https:\/\/pwinecastes.com\/es\/wp-json\/wp\/v2\/product_tag?post=8380"}],"curies":[{"name":"wp","href":"https:\/\/api.w.org\/{rel}","templated":true}]}}