{"id":8392,"date":"2024-05-04T10:54:33","date_gmt":"2024-05-04T10:54:33","guid":{"rendered":"https:\/\/luxuryinportugal.com\/pwinecastes\/product\/ferreira-vintage-2016\/"},"modified":"2024-05-04T10:54:33","modified_gmt":"2024-05-04T10:54:33","slug":"ferreira-vintage-2016","status":"publish","type":"product","link":"https:\/\/pwinecastes.com\/es\/product\/ferreira-vintage-2016\/","title":{"rendered":"Ferreira Vintage 2016"},"content":{"rendered":"<p>Oporto Vintage Ferreira 2016<\/p>\n<ul>\n<li><strong>Regi\u00f3n: <\/strong>Douro<\/li>\n<li><strong>Capacidad:<\/strong> 75cL<\/li>\n<li><strong>Cepas: <\/strong>Blend<\/li>\n<li><strong>Graduaci\u00f3n alcoh\u00f3lica: <\/strong>20%.<\/li>\n<li><strong>Nota de cata: <\/strong>color rojo rub\u00ed y aroma de moras y grosellas rojas<\/li>\n<li><strong>Armonizaci\u00f3n:<\/strong> quesos intensos, postres a base de chocolate y bayas silvestres. S\u00edrvelo entre 16\u00baC y 18\u00baC. <\/li>\n<li><strong>Informaci\u00f3n adicional<\/strong> Contiene sulfitos<\/li>\n<\/ul>\n","protected":false},"excerpt":{"rendered":"<p>Oporto Vintage Ferreira 2016 Regi\u00f3n: Douro Capacidad: 75cL Cepas: Blend Graduaci\u00f3n alcoh\u00f3lica: 20%. Nota de cata: color rojo rub\u00ed y aroma de moras y grosellas rojas Armonizaci\u00f3n: quesos intensos, postres a base de chocolate y bayas silvestres. S\u00edrvelo entre 16\u00baC y 18\u00baC. Informaci\u00f3n adicional Contiene sulfitos<\/p>\n","protected":false},"featured_media":9792,"template":"","meta":{"_monsterinsights_skip_tracking":false,"_monsterinsights_sitenote_active":false,"_monsterinsights_sitenote_note":"","_monsterinsights_sitenote_category":0},"product_brand":[],"product_cat":[225,209,212,360],"product_tag":[],"class_list":{"0":"post-8392","1":"product","2":"type-product","3":"status-publish","4":"has-post-thumbnail","6":"product_cat-oporto","7":"product_cat-pais-es-2","8":"product_cat-portugal-es-2","9":"product_cat-vintage-es","11":"first","12":"instock","13":"taxable","14":"shipping-taxable","15":"purchasable","16":"product-type-simple"},"aioseo_notices":[],"_links":{"self":[{"href":"https:\/\/pwinecastes.com\/es\/wp-json\/wp\/v2\/product\/8392","targetHints":{"allow":["GET"]}}],"collection":[{"href":"https:\/\/pwinecastes.com\/es\/wp-json\/wp\/v2\/product"}],"about":[{"href":"https:\/\/pwinecastes.com\/es\/wp-json\/wp\/v2\/types\/product"}],"version-history":[{"count":0,"href":"https:\/\/pwinecastes.com\/es\/wp-json\/wp\/v2\/product\/8392\/revisions"}],"wp:featuredmedia":[{"embeddable":true,"href":"https:\/\/pwinecastes.com\/es\/wp-json\/wp\/v2\/media\/9792"}],"wp:attachment":[{"href":"https:\/\/pwinecastes.com\/es\/wp-json\/wp\/v2\/media?parent=8392"}],"wp:term":[{"taxonomy":"product_brand","embeddable":true,"href":"https:\/\/pwinecastes.com\/es\/wp-json\/wp\/v2\/product_brand?post=8392"},{"taxonomy":"product_cat","embeddable":true,"href":"https:\/\/pwinecastes.com\/es\/wp-json\/wp\/v2\/product_cat?post=8392"},{"taxonomy":"product_tag","embeddable":true,"href":"https:\/\/pwinecastes.com\/es\/wp-json\/wp\/v2\/product_tag?post=8392"}],"curies":[{"name":"wp","href":"https:\/\/api.w.org\/{rel}","templated":true}]}}