{"id":8406,"date":"2024-05-04T11:22:51","date_gmt":"2024-05-04T11:22:51","guid":{"rendered":"https:\/\/luxuryinportugal.com\/pwinecastes\/product\/cosecha-kopke-1985\/"},"modified":"2024-05-04T11:22:51","modified_gmt":"2024-05-04T11:22:51","slug":"cosecha-kopke-1985","status":"publish","type":"product","link":"https:\/\/pwinecastes.com\/es\/product\/cosecha-kopke-1985\/","title":{"rendered":"Cosecha Kopke 1985"},"content":{"rendered":"<p>Kopke Cosecha Oporto 1985<\/p>\n<ul>\n<li><strong>Regi\u00f3n: <\/strong>Douro<\/li>\n<li><strong>Capacidad:<\/strong> 75cL<\/li>\n<li><strong>Cepas:<\/strong>25% Touriga Nacional, 25% Tinta Roriz, 25% Touriga Franca, 25% Tinta Barroca<\/li>\n<li><strong>Graduaci\u00f3n alcoh\u00f3lica: <\/strong>20%.<\/li>\n<li><strong>Nota de cata<\/strong>:Color \u00e1mbar vivo. Nariz rica y elegante, dominada por la presencia de frutos secos, bien envueltos por un fino toque de vainilla y chocolate. Un vino intenso, con cuerpo, de gran finura y magn\u00edfica estructura. Un final profundo, persistente y apetitoso.   <\/li>\n<li><strong>Armonizaci\u00f3n:<\/strong> Ideal con pasteles de nueces y almendras. S\u00edrvelo entre 12 y 14\u00baC. <\/li>\n<li><strong>Informaci\u00f3n adicional<\/strong> Contiene sulfitos<\/li>\n<\/ul>\n","protected":false},"excerpt":{"rendered":"<p>Kopke Cosecha Oporto 1985 Regi\u00f3n: Douro Capacidad: 75cL Cepas:25% Touriga Nacional, 25% Tinta Roriz, 25% Touriga Franca, 25% Tinta Barroca Graduaci\u00f3n alcoh\u00f3lica: 20%. Nota de cata:Color \u00e1mbar vivo. Nariz rica y elegante, dominada por la presencia de frutos secos, bien envueltos por un fino toque de vainilla y chocolate. Un vino intenso, con cuerpo, de [&hellip;]<\/p>\n","protected":false},"featured_media":10159,"template":"","meta":{"_monsterinsights_skip_tracking":false,"_monsterinsights_sitenote_active":false,"_monsterinsights_sitenote_note":"","_monsterinsights_sitenote_category":0},"product_brand":[],"product_cat":[363,225,209,212],"product_tag":[],"class_list":{"0":"post-8406","1":"product","2":"type-product","3":"status-publish","4":"has-post-thumbnail","6":"product_cat-cosecha","7":"product_cat-oporto","8":"product_cat-pais-es-2","9":"product_cat-portugal-es-2","11":"first","12":"outofstock","13":"taxable","14":"shipping-taxable","15":"purchasable","16":"product-type-simple"},"aioseo_notices":[],"_links":{"self":[{"href":"https:\/\/pwinecastes.com\/es\/wp-json\/wp\/v2\/product\/8406","targetHints":{"allow":["GET"]}}],"collection":[{"href":"https:\/\/pwinecastes.com\/es\/wp-json\/wp\/v2\/product"}],"about":[{"href":"https:\/\/pwinecastes.com\/es\/wp-json\/wp\/v2\/types\/product"}],"version-history":[{"count":0,"href":"https:\/\/pwinecastes.com\/es\/wp-json\/wp\/v2\/product\/8406\/revisions"}],"wp:featuredmedia":[{"embeddable":true,"href":"https:\/\/pwinecastes.com\/es\/wp-json\/wp\/v2\/media\/10159"}],"wp:attachment":[{"href":"https:\/\/pwinecastes.com\/es\/wp-json\/wp\/v2\/media?parent=8406"}],"wp:term":[{"taxonomy":"product_brand","embeddable":true,"href":"https:\/\/pwinecastes.com\/es\/wp-json\/wp\/v2\/product_brand?post=8406"},{"taxonomy":"product_cat","embeddable":true,"href":"https:\/\/pwinecastes.com\/es\/wp-json\/wp\/v2\/product_cat?post=8406"},{"taxonomy":"product_tag","embeddable":true,"href":"https:\/\/pwinecastes.com\/es\/wp-json\/wp\/v2\/product_tag?post=8406"}],"curies":[{"name":"wp","href":"https:\/\/api.w.org\/{rel}","templated":true}]}}