{"id":8410,"date":"2024-05-04T13:33:13","date_gmt":"2024-05-04T13:33:13","guid":{"rendered":"https:\/\/luxuryinportugal.com\/pwinecastes\/product\/cosecha-kopke-1987\/"},"modified":"2024-05-04T13:33:13","modified_gmt":"2024-05-04T13:33:13","slug":"cosecha-kopke-1987","status":"publish","type":"product","link":"https:\/\/pwinecastes.com\/es\/product\/cosecha-kopke-1987\/","title":{"rendered":"Cosecha Kopke 1987"},"content":{"rendered":"<p>Kopke Cosecha Oporto 1987<\/p>\n<ul>\n<li><strong>Regi\u00f3n: <\/strong>Douro<\/li>\n<li><strong>Capacidad:<\/strong> 75cL<\/li>\n<li><strong>Cepas: <\/strong>Blend<\/li>\n<li><strong>Graduaci\u00f3n alcoh\u00f3lica: <\/strong>20%.<\/li>\n<li><strong>Nota de cata:<\/strong> color rojo brillante con un halo dorado. Nariz rica y arom\u00e1tica de higos secos, avellanas y nueces, armoniosamente equilibrada por la presencia de especias. En boca, intensos sabores a frutos secos, suaves y deliciosos, bordeados por un toque fresco de naranja confitada. Buena estructura, bello equilibrio y notable acidez. Final agradable y duradero.    <\/li>\n<li><strong>Armonizaci\u00f3n:<\/strong> postres a base de caramelo, frutos secos y especias, como fondant de caramelo con gelatina de manzana y jengibre, tarte tatin, cr\u00e8me brul\u00e9e y quesos de intensidad media. S\u00edrvelo a una temperatura entre 12 y 14\u00baC.\n<\/li>\n<li><strong>Informaci\u00f3n adicional<\/strong> Contiene sulfitos<\/li>\n<\/ul>\n","protected":false},"excerpt":{"rendered":"<p>Kopke Cosecha Oporto 1987 Regi\u00f3n: Douro Capacidad: 75cL Cepas: Blend Graduaci\u00f3n alcoh\u00f3lica: 20%. Nota de cata: color rojo brillante con un halo dorado. Nariz rica y arom\u00e1tica de higos secos, avellanas y nueces, armoniosamente equilibrada por la presencia de especias. En boca, intensos sabores a frutos secos, suaves y deliciosos, bordeados por un toque fresco [&hellip;]<\/p>\n","protected":false},"featured_media":10175,"template":"","meta":{"_monsterinsights_skip_tracking":false,"_monsterinsights_sitenote_active":false,"_monsterinsights_sitenote_note":"","_monsterinsights_sitenote_category":0},"product_brand":[],"product_cat":[363,225,209,212],"product_tag":[],"class_list":{"0":"post-8410","1":"product","2":"type-product","3":"status-publish","4":"has-post-thumbnail","6":"product_cat-cosecha","7":"product_cat-oporto","8":"product_cat-pais-es-2","9":"product_cat-portugal-es-2","11":"first","12":"outofstock","13":"taxable","14":"shipping-taxable","15":"purchasable","16":"product-type-simple"},"aioseo_notices":[],"_links":{"self":[{"href":"https:\/\/pwinecastes.com\/es\/wp-json\/wp\/v2\/product\/8410","targetHints":{"allow":["GET"]}}],"collection":[{"href":"https:\/\/pwinecastes.com\/es\/wp-json\/wp\/v2\/product"}],"about":[{"href":"https:\/\/pwinecastes.com\/es\/wp-json\/wp\/v2\/types\/product"}],"version-history":[{"count":0,"href":"https:\/\/pwinecastes.com\/es\/wp-json\/wp\/v2\/product\/8410\/revisions"}],"wp:featuredmedia":[{"embeddable":true,"href":"https:\/\/pwinecastes.com\/es\/wp-json\/wp\/v2\/media\/10175"}],"wp:attachment":[{"href":"https:\/\/pwinecastes.com\/es\/wp-json\/wp\/v2\/media?parent=8410"}],"wp:term":[{"taxonomy":"product_brand","embeddable":true,"href":"https:\/\/pwinecastes.com\/es\/wp-json\/wp\/v2\/product_brand?post=8410"},{"taxonomy":"product_cat","embeddable":true,"href":"https:\/\/pwinecastes.com\/es\/wp-json\/wp\/v2\/product_cat?post=8410"},{"taxonomy":"product_tag","embeddable":true,"href":"https:\/\/pwinecastes.com\/es\/wp-json\/wp\/v2\/product_tag?post=8410"}],"curies":[{"name":"wp","href":"https:\/\/api.w.org\/{rel}","templated":true}]}}