{"id":8456,"date":"2024-05-06T10:06:26","date_gmt":"2024-05-06T10:06:26","guid":{"rendered":"https:\/\/luxuryinportugal.com\/pwinecastes\/product\/remy-martin-vsop\/"},"modified":"2024-05-06T10:06:26","modified_gmt":"2024-05-06T10:06:26","slug":"remy-martin-vsop","status":"publish","type":"product","link":"https:\/\/pwinecastes.com\/es\/product\/remy-martin-vsop\/","title":{"rendered":"Remy Martin VSOP"},"content":{"rendered":"<p>Remy Martin VSOP<\/p>\n<ul>\n<li><strong>Regi\u00f3n: <\/strong>Francia<\/li>\n<li><strong>Capacidade:<\/strong> 70cL<\/li>\n<li><strong>Graduaci\u00f3n alcoh\u00f3lica: <\/strong>40% Vol.<\/li>\n<li><strong>Nota de cata: <\/strong>Color amarillo dorado, con aromas florales y afrutados. El paladar es suave y rico, con notas de albaricoque y vainilla.<\/li>\n<li><strong>Informaci\u00f3n adicional<\/strong> Contiene sulfitos<\/li>\n<\/ul>\n","protected":false},"excerpt":{"rendered":"<p>Remy Martin VSOP Regi\u00f3n: Francia Capacidade: 70cL Graduaci\u00f3n alcoh\u00f3lica: 40% Vol. Nota de cata: Color amarillo dorado, con aromas florales y afrutados. El paladar es suave y rico, con notas de albaricoque y vainilla. Informaci\u00f3n adicional Contiene sulfitos<\/p>\n","protected":false},"featured_media":10329,"template":"","meta":{"_monsterinsights_skip_tracking":false,"_monsterinsights_sitenote_active":false,"_monsterinsights_sitenote_note":"","_monsterinsights_sitenote_category":0},"product_brand":[],"product_cat":[193,187,188],"product_tag":[],"class_list":{"0":"post-8456","1":"product","2":"type-product","3":"status-publish","4":"has-post-thumbnail","6":"product_cat-cognac-es","7":"product_cat-destilados","8":"product_cat-tipo-es","10":"first","11":"instock","12":"taxable","13":"shipping-taxable","14":"purchasable","15":"product-type-simple"},"aioseo_notices":[],"_links":{"self":[{"href":"https:\/\/pwinecastes.com\/es\/wp-json\/wp\/v2\/product\/8456","targetHints":{"allow":["GET"]}}],"collection":[{"href":"https:\/\/pwinecastes.com\/es\/wp-json\/wp\/v2\/product"}],"about":[{"href":"https:\/\/pwinecastes.com\/es\/wp-json\/wp\/v2\/types\/product"}],"version-history":[{"count":0,"href":"https:\/\/pwinecastes.com\/es\/wp-json\/wp\/v2\/product\/8456\/revisions"}],"wp:featuredmedia":[{"embeddable":true,"href":"https:\/\/pwinecastes.com\/es\/wp-json\/wp\/v2\/media\/10329"}],"wp:attachment":[{"href":"https:\/\/pwinecastes.com\/es\/wp-json\/wp\/v2\/media?parent=8456"}],"wp:term":[{"taxonomy":"product_brand","embeddable":true,"href":"https:\/\/pwinecastes.com\/es\/wp-json\/wp\/v2\/product_brand?post=8456"},{"taxonomy":"product_cat","embeddable":true,"href":"https:\/\/pwinecastes.com\/es\/wp-json\/wp\/v2\/product_cat?post=8456"},{"taxonomy":"product_tag","embeddable":true,"href":"https:\/\/pwinecastes.com\/es\/wp-json\/wp\/v2\/product_tag?post=8456"}],"curies":[{"name":"wp","href":"https:\/\/api.w.org\/{rel}","templated":true}]}}