{"id":8460,"date":"2024-05-06T10:22:18","date_gmt":"2024-05-06T10:22:18","guid":{"rendered":"https:\/\/luxuryinportugal.com\/pwinecastes\/product\/royal-palmeira-loureiro-2019\/"},"modified":"2024-05-23T09:53:42","modified_gmt":"2024-05-23T09:53:42","slug":"royal-palmeira-loureiro-2019","status":"publish","type":"product","link":"https:\/\/pwinecastes.com\/es\/product\/royal-palmeira-loureiro-2019\/","title":{"rendered":"Royal Palmeira Loureiro 2019"},"content":{"rendered":"<p>Real Palmeira Loureiro 2019<\/p>\n<ul>\n<li><strong>Regi\u00f3n: <\/strong>Vinhos Verdes, Portugal<\/li>\n<li><strong>Capacidad:<\/strong> 75 cL<\/li>\n<li><strong>Cepas: <\/strong>Loureiro<\/li>\n<li><strong>Contenido de alcohol: <\/strong>12.5% Vol.<\/li>\n<li><strong>Notas de cata: <\/strong>Tono amarillo verdoso claro.\u00a0Suaves notas de frutas tropicales de pi\u00f1a y lichi, combinadas con un toque de c\u00edtricos, revelan una sensaci\u00f3n en boca elegante y fresca. La acidez y los taninos muy equilibrados le confieren un final largo.<\/li>\n<li><strong>Informaci\u00f3n adicional<\/strong> Contiene sulfitos<\/li>\n<\/ul>\n","protected":false},"excerpt":{"rendered":"<p>Real Palmeira Loureiro 2019 Regi\u00f3n: Vinhos Verdes, Portugal Capacidad: 75 cL Cepas: Loureiro Contenido de alcohol: 12.5% Vol. Notas de cata: Tono amarillo verdoso claro.\u00a0Suaves notas de frutas tropicales de pi\u00f1a y lichi, combinadas con un toque de c\u00edtricos, revelan una sensaci\u00f3n en boca elegante y fresca. La acidez y los taninos muy equilibrados le [&hellip;]<\/p>\n","protected":false},"featured_media":10359,"template":"","meta":{"_monsterinsights_skip_tracking":false,"_monsterinsights_sitenote_active":false,"_monsterinsights_sitenote_note":"","_monsterinsights_sitenote_category":0},"product_brand":[],"product_cat":[288,209,212,213,219,102],"product_tag":[],"class_list":{"0":"post-8460","1":"product","2":"type-product","3":"status-publish","4":"has-post-thumbnail","6":"product_cat-blanco-es-7","7":"product_cat-pais-es-2","8":"product_cat-portugal-es-2","9":"product_cat-region-es","10":"product_cat-vinho-verde-es","11":"product_cat-vinos","13":"first","14":"instock","15":"taxable","16":"shipping-taxable","17":"purchasable","18":"product-type-simple"},"aioseo_notices":[],"_links":{"self":[{"href":"https:\/\/pwinecastes.com\/es\/wp-json\/wp\/v2\/product\/8460","targetHints":{"allow":["GET"]}}],"collection":[{"href":"https:\/\/pwinecastes.com\/es\/wp-json\/wp\/v2\/product"}],"about":[{"href":"https:\/\/pwinecastes.com\/es\/wp-json\/wp\/v2\/types\/product"}],"version-history":[{"count":0,"href":"https:\/\/pwinecastes.com\/es\/wp-json\/wp\/v2\/product\/8460\/revisions"}],"wp:featuredmedia":[{"embeddable":true,"href":"https:\/\/pwinecastes.com\/es\/wp-json\/wp\/v2\/media\/10359"}],"wp:attachment":[{"href":"https:\/\/pwinecastes.com\/es\/wp-json\/wp\/v2\/media?parent=8460"}],"wp:term":[{"taxonomy":"product_brand","embeddable":true,"href":"https:\/\/pwinecastes.com\/es\/wp-json\/wp\/v2\/product_brand?post=8460"},{"taxonomy":"product_cat","embeddable":true,"href":"https:\/\/pwinecastes.com\/es\/wp-json\/wp\/v2\/product_cat?post=8460"},{"taxonomy":"product_tag","embeddable":true,"href":"https:\/\/pwinecastes.com\/es\/wp-json\/wp\/v2\/product_tag?post=8460"}],"curies":[{"name":"wp","href":"https:\/\/api.w.org\/{rel}","templated":true}]}}