{"id":8465,"date":"2024-05-06T10:29:10","date_gmt":"2024-05-06T10:29:10","guid":{"rendered":"https:\/\/luxuryinportugal.com\/pwinecastes\/product\/rum-el-dorado-12-anos\/"},"modified":"2024-05-22T14:22:21","modified_gmt":"2024-05-22T14:22:21","slug":"rum-el-dorado-12-anos","status":"publish","type":"product","link":"https:\/\/pwinecastes.com\/es\/product\/rum-el-dorado-12-anos\/","title":{"rendered":"Rum El Dorado 12 Anos"},"content":{"rendered":"<p>Ron El Dorado 12 a\u00f1os<\/p>\n<ul>\n<li><strong>Regi\u00e3o: <\/strong>Guiana.<\/li>\n<li><strong>Capacidad:<\/strong> 70 cL<\/li>\n<li><strong>Contenido de alcohol: <\/strong>40% Vol<\/li>\n<li><strong>Nota de cata<\/strong>: Ron elegante y multipremiado, El Dorado 12 A\u00f1os tipifica la suave dulzura de los rones Demerara.<\/li>\n<li><strong>Informaci\u00f3n adicional:<\/strong> Contiene sulfitos<\/li>\n<\/ul>\n","protected":false},"excerpt":{"rendered":"<p>Ron El Dorado 12 a\u00f1os Regi\u00e3o: Guiana. Capacidad: 70 cL Contenido de alcohol: 40% Vol Nota de cata: Ron elegante y multipremiado, El Dorado 12 A\u00f1os tipifica la suave dulzura de los rones Demerara. Informaci\u00f3n adicional: Contiene sulfitos<\/p>\n","protected":false},"featured_media":10564,"template":"","meta":{"_monsterinsights_skip_tracking":false,"_monsterinsights_sitenote_active":false,"_monsterinsights_sitenote_note":"","_monsterinsights_sitenote_category":0},"product_brand":[],"product_cat":[187,194,188],"product_tag":[],"class_list":{"0":"post-8465","1":"product","2":"type-product","3":"status-publish","4":"has-post-thumbnail","6":"product_cat-destilados","7":"product_cat-rum-es","8":"product_cat-tipo-es","10":"first","11":"outofstock","12":"taxable","13":"shipping-taxable","14":"purchasable","15":"product-type-simple"},"aioseo_notices":[],"_links":{"self":[{"href":"https:\/\/pwinecastes.com\/es\/wp-json\/wp\/v2\/product\/8465","targetHints":{"allow":["GET"]}}],"collection":[{"href":"https:\/\/pwinecastes.com\/es\/wp-json\/wp\/v2\/product"}],"about":[{"href":"https:\/\/pwinecastes.com\/es\/wp-json\/wp\/v2\/types\/product"}],"version-history":[{"count":0,"href":"https:\/\/pwinecastes.com\/es\/wp-json\/wp\/v2\/product\/8465\/revisions"}],"wp:featuredmedia":[{"embeddable":true,"href":"https:\/\/pwinecastes.com\/es\/wp-json\/wp\/v2\/media\/10564"}],"wp:attachment":[{"href":"https:\/\/pwinecastes.com\/es\/wp-json\/wp\/v2\/media?parent=8465"}],"wp:term":[{"taxonomy":"product_brand","embeddable":true,"href":"https:\/\/pwinecastes.com\/es\/wp-json\/wp\/v2\/product_brand?post=8465"},{"taxonomy":"product_cat","embeddable":true,"href":"https:\/\/pwinecastes.com\/es\/wp-json\/wp\/v2\/product_cat?post=8465"},{"taxonomy":"product_tag","embeddable":true,"href":"https:\/\/pwinecastes.com\/es\/wp-json\/wp\/v2\/product_tag?post=8465"}],"curies":[{"name":"wp","href":"https:\/\/api.w.org\/{rel}","templated":true}]}}