{"id":8469,"date":"2024-05-06T10:36:44","date_gmt":"2024-05-06T10:36:44","guid":{"rendered":"https:\/\/luxuryinportugal.com\/pwinecastes\/product\/rum-pampero-aniversario\/"},"modified":"2024-05-22T13:12:09","modified_gmt":"2024-05-22T13:12:09","slug":"rum-pampero-aniversario","status":"publish","type":"product","link":"https:\/\/pwinecastes.com\/es\/product\/rum-pampero-aniversario\/","title":{"rendered":"Rum Pampero Aniversario"},"content":{"rendered":"<p>Ron Pampero de Cumplea\u00f1os<\/p>\n<ul>\n<li><strong>Regi\u00f3n: <\/strong>Venezuela.<\/li>\n<li><strong>Capacidad:<\/strong> 70cl<\/li>\n<li><strong>Contenido de alcohol: <\/strong>40% Vol.<\/li>\n<li><strong>Nota de cata:<\/strong> Una deliciosa prima dorada de destilaci\u00f3n continua procedente de Venezuela. Con cuerpo y muy afrutado, con un final extremadamente suave y persistente.<\/li>\n<li><strong>Informaci\u00f3n adicional: <\/strong>Contiene sulfitos<\/li>\n<\/ul>\n","protected":false},"excerpt":{"rendered":"<p>Ron Pampero de Cumplea\u00f1os Regi\u00f3n: Venezuela. Capacidad: 70cl Contenido de alcohol: 40% Vol. Nota de cata: Una deliciosa prima dorada de destilaci\u00f3n continua procedente de Venezuela. Con cuerpo y muy afrutado, con un final extremadamente suave y persistente. Informaci\u00f3n adicional: Contiene sulfitos<\/p>\n","protected":false},"featured_media":10580,"template":"","meta":{"_monsterinsights_skip_tracking":false,"_monsterinsights_sitenote_active":false,"_monsterinsights_sitenote_note":"","_monsterinsights_sitenote_category":0},"product_brand":[],"product_cat":[187,194],"product_tag":[],"class_list":{"0":"post-8469","1":"product","2":"type-product","3":"status-publish","4":"has-post-thumbnail","6":"product_cat-destilados","7":"product_cat-rum-es","9":"first","10":"instock","11":"taxable","12":"shipping-taxable","13":"purchasable","14":"product-type-simple"},"aioseo_notices":[],"_links":{"self":[{"href":"https:\/\/pwinecastes.com\/es\/wp-json\/wp\/v2\/product\/8469","targetHints":{"allow":["GET"]}}],"collection":[{"href":"https:\/\/pwinecastes.com\/es\/wp-json\/wp\/v2\/product"}],"about":[{"href":"https:\/\/pwinecastes.com\/es\/wp-json\/wp\/v2\/types\/product"}],"version-history":[{"count":0,"href":"https:\/\/pwinecastes.com\/es\/wp-json\/wp\/v2\/product\/8469\/revisions"}],"wp:featuredmedia":[{"embeddable":true,"href":"https:\/\/pwinecastes.com\/es\/wp-json\/wp\/v2\/media\/10580"}],"wp:attachment":[{"href":"https:\/\/pwinecastes.com\/es\/wp-json\/wp\/v2\/media?parent=8469"}],"wp:term":[{"taxonomy":"product_brand","embeddable":true,"href":"https:\/\/pwinecastes.com\/es\/wp-json\/wp\/v2\/product_brand?post=8469"},{"taxonomy":"product_cat","embeddable":true,"href":"https:\/\/pwinecastes.com\/es\/wp-json\/wp\/v2\/product_cat?post=8469"},{"taxonomy":"product_tag","embeddable":true,"href":"https:\/\/pwinecastes.com\/es\/wp-json\/wp\/v2\/product_tag?post=8469"}],"curies":[{"name":"wp","href":"https:\/\/api.w.org\/{rel}","templated":true}]}}