{"id":8476,"date":"2024-05-06T13:09:39","date_gmt":"2024-05-06T13:09:39","guid":{"rendered":"https:\/\/luxuryinportugal.com\/pwinecastes\/product\/rum-varadero-grande-reserva-15-anos\/"},"modified":"2024-05-22T13:07:54","modified_gmt":"2024-05-22T13:07:54","slug":"rum-varadero-grande-reserva-15-anos","status":"publish","type":"product","link":"https:\/\/pwinecastes.com\/es\/product\/rum-varadero-grande-reserva-15-anos\/","title":{"rendered":"Rum Varadero Grande Reserva 15 Anos"},"content":{"rendered":"<p>Ron Varadero Grande Reserva 15 a\u00f1os<\/p>\n<ul>\n<li><strong>Regi\u00f3n: <\/strong>Cuba.<\/li>\n<li><strong>Capacidad:<\/strong> 0.70L<\/li>\n<li><strong>Contenido de alcohol: <\/strong>38% Vol<\/li>\n<li><strong>Notas de cata:<\/strong> El Ron Varadero 15 A\u00f1os fue destilado, a\u00f1ejado y embotellado en Santiago de Cuba, cuna del ron \u201cmoderno\u201d. Fundada en 1862, fue la primera marca y destiler\u00eda en producir un vino, al estilo que tiene hoy esta bebida. Creado en la destiler\u00eda m\u00e1s antigua de Cuba, \u201cNave Don Pancho\u201d, y a partir de la fermentaci\u00f3n y destilaci\u00f3n de la ca\u00f1a de az\u00facar, con posterior envejecimiento en barricas de roble.<\/li>\n<li><strong>Informaci\u00f3n adicional: <\/strong>Contiene sulfitos<\/li>\n<\/ul>\n","protected":false},"excerpt":{"rendered":"<p>Ron Varadero Grande Reserva 15 a\u00f1os Regi\u00f3n: Cuba. Capacidad: 0.70L Contenido de alcohol: 38% Vol Notas de cata: El Ron Varadero 15 A\u00f1os fue destilado, a\u00f1ejado y embotellado en Santiago de Cuba, cuna del ron \u201cmoderno\u201d. Fundada en 1862, fue la primera marca y destiler\u00eda en producir un vino, al estilo que tiene hoy esta [&hellip;]<\/p>\n","protected":false},"featured_media":10586,"template":"","meta":{"_monsterinsights_skip_tracking":false,"_monsterinsights_sitenote_active":false,"_monsterinsights_sitenote_note":"","_monsterinsights_sitenote_category":0},"product_brand":[],"product_cat":[187,194,188],"product_tag":[],"class_list":{"0":"post-8476","1":"product","2":"type-product","3":"status-publish","4":"has-post-thumbnail","6":"product_cat-destilados","7":"product_cat-rum-es","8":"product_cat-tipo-es","10":"first","11":"instock","12":"taxable","13":"shipping-taxable","14":"purchasable","15":"product-type-simple"},"aioseo_notices":[],"_links":{"self":[{"href":"https:\/\/pwinecastes.com\/es\/wp-json\/wp\/v2\/product\/8476","targetHints":{"allow":["GET"]}}],"collection":[{"href":"https:\/\/pwinecastes.com\/es\/wp-json\/wp\/v2\/product"}],"about":[{"href":"https:\/\/pwinecastes.com\/es\/wp-json\/wp\/v2\/types\/product"}],"version-history":[{"count":0,"href":"https:\/\/pwinecastes.com\/es\/wp-json\/wp\/v2\/product\/8476\/revisions"}],"wp:featuredmedia":[{"embeddable":true,"href":"https:\/\/pwinecastes.com\/es\/wp-json\/wp\/v2\/media\/10586"}],"wp:attachment":[{"href":"https:\/\/pwinecastes.com\/es\/wp-json\/wp\/v2\/media?parent=8476"}],"wp:term":[{"taxonomy":"product_brand","embeddable":true,"href":"https:\/\/pwinecastes.com\/es\/wp-json\/wp\/v2\/product_brand?post=8476"},{"taxonomy":"product_cat","embeddable":true,"href":"https:\/\/pwinecastes.com\/es\/wp-json\/wp\/v2\/product_cat?post=8476"},{"taxonomy":"product_tag","embeddable":true,"href":"https:\/\/pwinecastes.com\/es\/wp-json\/wp\/v2\/product_tag?post=8476"}],"curies":[{"name":"wp","href":"https:\/\/api.w.org\/{rel}","templated":true}]}}