{"id":8480,"date":"2024-05-06T13:28:39","date_gmt":"2024-05-06T13:28:39","guid":{"rendered":"https:\/\/luxuryinportugal.com\/pwinecastes\/product\/sierra\/"},"modified":"2024-05-22T11:05:46","modified_gmt":"2024-05-22T11:05:46","slug":"sierra","status":"publish","type":"product","link":"https:\/\/pwinecastes.com\/es\/product\/sierra\/","title":{"rendered":"Sierra"},"content":{"rendered":"<p>Sierra<\/p>\n<ul>\n<li><strong>Regi\u00f3n: <\/strong>M\u00e9xico.<\/li>\n<li><strong>Capacidad:<\/strong> 0.70L.<\/li>\n<li><strong>Contenido de alcohol: <\/strong>38% Vol.<\/li>\n<li><strong>Informaci\u00f3n adicional: <\/strong>Contiene sulfitos<\/li>\n<\/ul>\n","protected":false},"excerpt":{"rendered":"<p>Sierra Regi\u00f3n: M\u00e9xico. Capacidad: 0.70L. Contenido de alcohol: 38% Vol. Informaci\u00f3n adicional: Contiene sulfitos<\/p>\n","protected":false},"featured_media":10599,"template":"","meta":{"_monsterinsights_skip_tracking":false,"_monsterinsights_sitenote_active":false,"_monsterinsights_sitenote_note":"","_monsterinsights_sitenote_category":0},"product_brand":[],"product_cat":[187],"product_tag":[],"class_list":{"0":"post-8480","1":"product","2":"type-product","3":"status-publish","4":"has-post-thumbnail","6":"product_cat-destilados","8":"first","9":"instock","10":"taxable","11":"shipping-taxable","12":"purchasable","13":"product-type-simple"},"aioseo_notices":[],"_links":{"self":[{"href":"https:\/\/pwinecastes.com\/es\/wp-json\/wp\/v2\/product\/8480","targetHints":{"allow":["GET"]}}],"collection":[{"href":"https:\/\/pwinecastes.com\/es\/wp-json\/wp\/v2\/product"}],"about":[{"href":"https:\/\/pwinecastes.com\/es\/wp-json\/wp\/v2\/types\/product"}],"version-history":[{"count":0,"href":"https:\/\/pwinecastes.com\/es\/wp-json\/wp\/v2\/product\/8480\/revisions"}],"wp:featuredmedia":[{"embeddable":true,"href":"https:\/\/pwinecastes.com\/es\/wp-json\/wp\/v2\/media\/10599"}],"wp:attachment":[{"href":"https:\/\/pwinecastes.com\/es\/wp-json\/wp\/v2\/media?parent=8480"}],"wp:term":[{"taxonomy":"product_brand","embeddable":true,"href":"https:\/\/pwinecastes.com\/es\/wp-json\/wp\/v2\/product_brand?post=8480"},{"taxonomy":"product_cat","embeddable":true,"href":"https:\/\/pwinecastes.com\/es\/wp-json\/wp\/v2\/product_cat?post=8480"},{"taxonomy":"product_tag","embeddable":true,"href":"https:\/\/pwinecastes.com\/es\/wp-json\/wp\/v2\/product_tag?post=8480"}],"curies":[{"name":"wp","href":"https:\/\/api.w.org\/{rel}","templated":true}]}}