{"id":8495,"date":"2024-05-06T14:23:32","date_gmt":"2024-05-06T14:23:32","guid":{"rendered":"https:\/\/luxuryinportugal.com\/pwinecastes\/product\/taylors-fine-white\/"},"modified":"2024-05-06T14:23:32","modified_gmt":"2024-05-06T14:23:32","slug":"taylors-fine-white","status":"publish","type":"product","link":"https:\/\/pwinecastes.com\/es\/product\/taylors-fine-white\/","title":{"rendered":"Taylor&#8217;s Fine White"},"content":{"rendered":"<p>Vinho do Porto Taylor&#8217;s Fine White<\/p>\n<ul>\n<li><strong>Regi\u00f3n: <\/strong>Douro<\/li>\n<li><strong>Capacidad:<\/strong> 75 cL<\/li>\n<li><strong>Graduaci\u00f3n alcoh\u00f3lica: <\/strong>19,5%.<\/li>\n<li><strong>Notas de prova: <\/strong>Nariz rico e perfumado, com aromas a fruta doce e toques de mel e madeira. Encorpado, paladar aveludado, longo e saboroso final.<\/li>\n<li><strong>Harmoniza\u00e7\u00e3o:<\/strong> Tradicionalmente servido fresco, como aperitivo. Tamb\u00e9m pode beber-se num copo de long drink, com gelo, \u00e1gua t\u00f3nica e uma folha de hortel\u00e3. Acompa\u00f1ado de almendras saladas o aceitunas, es el aperitivo perfecto.<\/li>\n<li><strong>Informaci\u00f3n adicional<\/strong> Contiene sulfitos<\/li>\n<\/ul>\n<p>&nbsp;<\/p>\n","protected":false},"excerpt":{"rendered":"<p>Vinho do Porto Taylor&#8217;s Fine White Regi\u00f3n: Douro Capacidad: 75 cL Graduaci\u00f3n alcoh\u00f3lica: 19,5%. Notas de prova: Nariz rico e perfumado, com aromas a fruta doce e toques de mel e madeira. Encorpado, paladar aveludado, longo e saboroso final. Harmoniza\u00e7\u00e3o: Tradicionalmente servido fresco, como aperitivo. Tamb\u00e9m pode beber-se num copo de long drink, com gelo, [&hellip;]<\/p>\n","protected":false},"featured_media":9248,"template":"","meta":{"_monsterinsights_skip_tracking":false,"_monsterinsights_sitenote_active":false,"_monsterinsights_sitenote_note":"","_monsterinsights_sitenote_category":0},"product_brand":[],"product_cat":[362,225,209,212],"product_tag":[],"class_list":{"0":"post-8495","1":"product","2":"type-product","3":"status-publish","4":"has-post-thumbnail","6":"product_cat-blanco-es-8","7":"product_cat-oporto","8":"product_cat-pais-es-2","9":"product_cat-portugal-es-2","11":"first","12":"instock","13":"taxable","14":"shipping-taxable","15":"purchasable","16":"product-type-simple"},"aioseo_notices":[],"_links":{"self":[{"href":"https:\/\/pwinecastes.com\/es\/wp-json\/wp\/v2\/product\/8495","targetHints":{"allow":["GET"]}}],"collection":[{"href":"https:\/\/pwinecastes.com\/es\/wp-json\/wp\/v2\/product"}],"about":[{"href":"https:\/\/pwinecastes.com\/es\/wp-json\/wp\/v2\/types\/product"}],"version-history":[{"count":0,"href":"https:\/\/pwinecastes.com\/es\/wp-json\/wp\/v2\/product\/8495\/revisions"}],"wp:featuredmedia":[{"embeddable":true,"href":"https:\/\/pwinecastes.com\/es\/wp-json\/wp\/v2\/media\/9248"}],"wp:attachment":[{"href":"https:\/\/pwinecastes.com\/es\/wp-json\/wp\/v2\/media?parent=8495"}],"wp:term":[{"taxonomy":"product_brand","embeddable":true,"href":"https:\/\/pwinecastes.com\/es\/wp-json\/wp\/v2\/product_brand?post=8495"},{"taxonomy":"product_cat","embeddable":true,"href":"https:\/\/pwinecastes.com\/es\/wp-json\/wp\/v2\/product_cat?post=8495"},{"taxonomy":"product_tag","embeddable":true,"href":"https:\/\/pwinecastes.com\/es\/wp-json\/wp\/v2\/product_tag?post=8495"}],"curies":[{"name":"wp","href":"https:\/\/api.w.org\/{rel}","templated":true}]}}