{"id":8499,"date":"2024-05-06T14:31:28","date_gmt":"2024-05-06T14:31:28","guid":{"rendered":"https:\/\/luxuryinportugal.com\/pwinecastes\/product\/taylors-vargellas-vinha-velha-vintage-2004\/"},"modified":"2024-05-06T14:31:28","modified_gmt":"2024-05-06T14:31:28","slug":"taylors-vargellas-vinha-velha-vintage-2004","status":"publish","type":"product","link":"https:\/\/pwinecastes.com\/es\/product\/taylors-vargellas-vinha-velha-vintage-2004\/","title":{"rendered":"Taylor&#8217;s Vargellas Vinha Velha Vintage 2004"},"content":{"rendered":"<p>Vinho do Porto Taylor&#8217;s Vargellas Vinha Velha Vintage 2004<\/p>\n<ul>\n<li><strong>Regi\u00f3n: <\/strong>Douro<\/li>\n<li><strong>Capacidad:<\/strong> 75 cL<\/li>\n<li><strong>Teor Alco\u00f3lico: <\/strong>20,5%<\/li>\n<li><strong>Notas de prova: <\/strong>Vinho muito concentrado com aromas de intensa fruta negra e chocolate preto amargo. D\u00e1 a sensa\u00e7\u00e3o de um vinho imenso inquietante \u00e0 espera de se exprimir. Enche completamente a boca \u2013 quase esmagador na sua intensidade. Depois, uma sele\u00e7\u00e3o de sabores golpeia os sentidos \u2013 chocolate preto amargo, ameixa preta madura e rica, cerejas, mirtilos e compota de amora. El vino es masticable, carnoso, lleno de sabor. Aunque tiene una gran estructura, el equilibrio est\u00e1 finamente afinado, por lo que la sensaci\u00f3n es la de un vino con enorme fuerza, pero tambi\u00e9n gran delicadeza y elegancia. Sabores de cassis, moras, regaliz y melaza incitan al paladar, con un final deliciosa y agradablemente largo\u00bb.<\/li>\n<li><strong>Informaci\u00f3n adicional<\/strong> Contiene sulfitos<\/li>\n<\/ul>\n<p>&nbsp;<\/p>\n","protected":false},"excerpt":{"rendered":"<p>Vinho do Porto Taylor&#8217;s Vargellas Vinha Velha Vintage 2004 Regi\u00f3n: Douro Capacidad: 75 cL Teor Alco\u00f3lico: 20,5% Notas de prova: Vinho muito concentrado com aromas de intensa fruta negra e chocolate preto amargo. D\u00e1 a sensa\u00e7\u00e3o de um vinho imenso inquietante \u00e0 espera de se exprimir. Enche completamente a boca \u2013 quase esmagador na sua [&hellip;]<\/p>\n","protected":false},"featured_media":9261,"template":"","meta":{"_monsterinsights_skip_tracking":false,"_monsterinsights_sitenote_active":false,"_monsterinsights_sitenote_note":"","_monsterinsights_sitenote_category":0},"product_brand":[],"product_cat":[225,209,212,360],"product_tag":[],"class_list":{"0":"post-8499","1":"product","2":"type-product","3":"status-publish","4":"has-post-thumbnail","6":"product_cat-oporto","7":"product_cat-pais-es-2","8":"product_cat-portugal-es-2","9":"product_cat-vintage-es","11":"first","12":"instock","13":"taxable","14":"shipping-taxable","15":"purchasable","16":"product-type-simple"},"aioseo_notices":[],"_links":{"self":[{"href":"https:\/\/pwinecastes.com\/es\/wp-json\/wp\/v2\/product\/8499","targetHints":{"allow":["GET"]}}],"collection":[{"href":"https:\/\/pwinecastes.com\/es\/wp-json\/wp\/v2\/product"}],"about":[{"href":"https:\/\/pwinecastes.com\/es\/wp-json\/wp\/v2\/types\/product"}],"version-history":[{"count":0,"href":"https:\/\/pwinecastes.com\/es\/wp-json\/wp\/v2\/product\/8499\/revisions"}],"wp:featuredmedia":[{"embeddable":true,"href":"https:\/\/pwinecastes.com\/es\/wp-json\/wp\/v2\/media\/9261"}],"wp:attachment":[{"href":"https:\/\/pwinecastes.com\/es\/wp-json\/wp\/v2\/media?parent=8499"}],"wp:term":[{"taxonomy":"product_brand","embeddable":true,"href":"https:\/\/pwinecastes.com\/es\/wp-json\/wp\/v2\/product_brand?post=8499"},{"taxonomy":"product_cat","embeddable":true,"href":"https:\/\/pwinecastes.com\/es\/wp-json\/wp\/v2\/product_cat?post=8499"},{"taxonomy":"product_tag","embeddable":true,"href":"https:\/\/pwinecastes.com\/es\/wp-json\/wp\/v2\/product_tag?post=8499"}],"curies":[{"name":"wp","href":"https:\/\/api.w.org\/{rel}","templated":true}]}}