{"id":8511,"date":"2024-05-06T14:57:25","date_gmt":"2024-05-06T14:57:25","guid":{"rendered":"https:\/\/luxuryinportugal.com\/pwinecastes\/product\/vallado-porto-tawny-20-anos\/"},"modified":"2024-05-06T14:57:25","modified_gmt":"2024-05-06T14:57:25","slug":"vallado-porto-tawny-20-anos","status":"publish","type":"product","link":"https:\/\/pwinecastes.com\/es\/product\/vallado-porto-tawny-20-anos\/","title":{"rendered":"Vallado Porto Tawny 20 A\u00f1os"},"content":{"rendered":"<p>Vallado Porto Tawny 20 A\u00f1os<\/p>\n<ul>\n<li><strong>Regi\u00f3n: <\/strong>Douro<\/li>\n<li><strong>Capacidad:<\/strong> 0,50 litros<\/li>\n<li><strong>Variedades de uva: <\/strong>Tinta Roriz, Tinta Amarela, Touriga Franca<\/li>\n<li><strong>Graduaci\u00f3n alcoh\u00f3lica:<\/strong> 19,5%.<\/li>\n<li><strong>Nota de cata: <\/strong>Aroma muy rico, que combina frutos secos y notas de puro. Muy fresco, redondo, licoroso y aterciopelado en el paladar. Tiene un acabado satinado.<\/li>\n<li><strong>Maridaje:<\/strong> Puede disfrutarse como aperitivo o en cualquier otra ocasi\u00f3n. Acompa\u00f1amiento ideal para frutos secos, quesos y postres.<\/li>\n<li><strong>Informaci\u00f3n adicional<\/strong> Contiene sulfitos<\/li>\n<\/ul>\n","protected":false},"excerpt":{"rendered":"<p>Vallado Porto Tawny 20 A\u00f1os Regi\u00f3n: Douro Capacidad: 0,50 litros Variedades de uva: Tinta Roriz, Tinta Amarela, Touriga Franca Graduaci\u00f3n alcoh\u00f3lica: 19,5%. Nota de cata: Aroma muy rico, que combina frutos secos y notas de puro. Muy fresco, redondo, licoroso y aterciopelado en el paladar. Tiene un acabado satinado. Maridaje: Puede disfrutarse como aperitivo o [&hellip;]<\/p>\n","protected":false},"featured_media":9342,"template":"","meta":{"_monsterinsights_skip_tracking":false,"_monsterinsights_sitenote_active":false,"_monsterinsights_sitenote_note":"","_monsterinsights_sitenote_category":0},"product_brand":[],"product_cat":[225,209,212,361],"product_tag":[],"class_list":{"0":"post-8511","1":"product","2":"type-product","3":"status-publish","4":"has-post-thumbnail","6":"product_cat-oporto","7":"product_cat-pais-es-2","8":"product_cat-portugal-es-2","9":"product_cat-tawny-es","11":"first","12":"instock","13":"taxable","14":"shipping-taxable","15":"purchasable","16":"product-type-simple"},"aioseo_notices":[],"_links":{"self":[{"href":"https:\/\/pwinecastes.com\/es\/wp-json\/wp\/v2\/product\/8511","targetHints":{"allow":["GET"]}}],"collection":[{"href":"https:\/\/pwinecastes.com\/es\/wp-json\/wp\/v2\/product"}],"about":[{"href":"https:\/\/pwinecastes.com\/es\/wp-json\/wp\/v2\/types\/product"}],"version-history":[{"count":0,"href":"https:\/\/pwinecastes.com\/es\/wp-json\/wp\/v2\/product\/8511\/revisions"}],"wp:featuredmedia":[{"embeddable":true,"href":"https:\/\/pwinecastes.com\/es\/wp-json\/wp\/v2\/media\/9342"}],"wp:attachment":[{"href":"https:\/\/pwinecastes.com\/es\/wp-json\/wp\/v2\/media?parent=8511"}],"wp:term":[{"taxonomy":"product_brand","embeddable":true,"href":"https:\/\/pwinecastes.com\/es\/wp-json\/wp\/v2\/product_brand?post=8511"},{"taxonomy":"product_cat","embeddable":true,"href":"https:\/\/pwinecastes.com\/es\/wp-json\/wp\/v2\/product_cat?post=8511"},{"taxonomy":"product_tag","embeddable":true,"href":"https:\/\/pwinecastes.com\/es\/wp-json\/wp\/v2\/product_tag?post=8511"}],"curies":[{"name":"wp","href":"https:\/\/api.w.org\/{rel}","templated":true}]}}