{"id":8523,"date":"2024-05-06T16:41:39","date_gmt":"2024-05-06T16:41:39","guid":{"rendered":"https:\/\/luxuryinportugal.com\/pwinecastes\/product\/vasques-de-carvalho-tawny-20-anos\/"},"modified":"2024-05-06T16:41:39","modified_gmt":"2024-05-06T16:41:39","slug":"vasques-de-carvalho-tawny-20-anos","status":"publish","type":"product","link":"https:\/\/pwinecastes.com\/es\/product\/vasques-de-carvalho-tawny-20-anos\/","title":{"rendered":"Vasques de Carvalho Tawny 20 Anos"},"content":{"rendered":"<p>Vasques de Carvalho Tawny 20 A\u00f1os<\/p>\n<ul>\n<li><strong>Regi\u00f3n: <\/strong>Douro<\/li>\n<li><strong>Capacidade:<\/strong> 0.75L<\/li>\n<li><strong><strong>Variedades de uva: <\/strong><\/strong>Touriga Nacional, Tinta Amarela, Tinta Roriz y Tinta Barroca.<\/li>\n<li><strong>Graduaci\u00f3n alcoh\u00f3lica: <\/strong>20% Vol.<\/li>\n<li><strong>Nota de cata: <\/strong>La riqueza y los sabores aterciopelados en el paladar, rodeados de una excelente acidez, son notas de la generosidad de este vino, que hacen de 20 A\u00f1os Vasques de Carvalho un Oporto de elecci\u00f3n.<\/li>\n<li><strong>Maridaje:<\/strong> Servido ligeramente fr\u00edo, es un excelente acompa\u00f1ante de diversos postres, aunque tambi\u00e9n puede disfrutarse en una gran variedad de c\u00f3cteles.<\/li>\n<li><strong>Informaci\u00f3n adicional<\/strong> Contiene sulfitos<\/li>\n<\/ul>\n","protected":false},"excerpt":{"rendered":"<p>Vasques de Carvalho Tawny 20 A\u00f1os Regi\u00f3n: Douro Capacidade: 0.75L Variedades de uva: Touriga Nacional, Tinta Amarela, Tinta Roriz y Tinta Barroca. Graduaci\u00f3n alcoh\u00f3lica: 20% Vol. Nota de cata: La riqueza y los sabores aterciopelados en el paladar, rodeados de una excelente acidez, son notas de la generosidad de este vino, que hacen de 20 [&hellip;]<\/p>\n","protected":false},"featured_media":9403,"template":"","meta":{"_monsterinsights_skip_tracking":false,"_monsterinsights_sitenote_active":false,"_monsterinsights_sitenote_note":"","_monsterinsights_sitenote_category":0},"product_brand":[],"product_cat":[225,209,212,361],"product_tag":[],"class_list":{"0":"post-8523","1":"product","2":"type-product","3":"status-publish","4":"has-post-thumbnail","6":"product_cat-oporto","7":"product_cat-pais-es-2","8":"product_cat-portugal-es-2","9":"product_cat-tawny-es","11":"first","12":"outofstock","13":"taxable","14":"shipping-taxable","15":"purchasable","16":"product-type-simple"},"aioseo_notices":[],"_links":{"self":[{"href":"https:\/\/pwinecastes.com\/es\/wp-json\/wp\/v2\/product\/8523","targetHints":{"allow":["GET"]}}],"collection":[{"href":"https:\/\/pwinecastes.com\/es\/wp-json\/wp\/v2\/product"}],"about":[{"href":"https:\/\/pwinecastes.com\/es\/wp-json\/wp\/v2\/types\/product"}],"version-history":[{"count":0,"href":"https:\/\/pwinecastes.com\/es\/wp-json\/wp\/v2\/product\/8523\/revisions"}],"wp:featuredmedia":[{"embeddable":true,"href":"https:\/\/pwinecastes.com\/es\/wp-json\/wp\/v2\/media\/9403"}],"wp:attachment":[{"href":"https:\/\/pwinecastes.com\/es\/wp-json\/wp\/v2\/media?parent=8523"}],"wp:term":[{"taxonomy":"product_brand","embeddable":true,"href":"https:\/\/pwinecastes.com\/es\/wp-json\/wp\/v2\/product_brand?post=8523"},{"taxonomy":"product_cat","embeddable":true,"href":"https:\/\/pwinecastes.com\/es\/wp-json\/wp\/v2\/product_cat?post=8523"},{"taxonomy":"product_tag","embeddable":true,"href":"https:\/\/pwinecastes.com\/es\/wp-json\/wp\/v2\/product_tag?post=8523"}],"curies":[{"name":"wp","href":"https:\/\/api.w.org\/{rel}","templated":true}]}}