{"id":8527,"date":"2024-05-06T17:46:47","date_gmt":"2024-05-06T17:46:47","guid":{"rendered":"https:\/\/luxuryinportugal.com\/pwinecastes\/product\/vasques-de-carvalho-tawny-30-anos\/"},"modified":"2025-02-21T17:47:34","modified_gmt":"2025-02-21T17:47:34","slug":"vasques-de-carvalho-tawny-30-anos","status":"publish","type":"product","link":"https:\/\/pwinecastes.com\/es\/product\/vasques-de-carvalho-tawny-30-anos\/","title":{"rendered":"Vasques de Carvalho Tawny 30 A\u00f1os"},"content":{"rendered":"<p>Vasques de Carvalho Tawny 30 A\u00f1os<\/p>\n<ul>\n<li><strong>Regi\u00f3n: <\/strong>Douro<\/li>\n<li><strong>Capacidad:<\/strong> 75 cL<\/li>\n<li><strong>Variedades de uva: <\/strong>cepas viejas<\/li>\n<li><strong>Grado alcoh\u00f3lico:<\/strong>20% Vol.<\/li>\n<li><strong>Nota de cata: <\/strong>Color \u00e1mbar intenso, muy brillante, con una nariz m\u00e1s a nuez que el de 20 a\u00f1os, sin perder ni un \u00e1pice de frutos secos, melocotones, higos secos, d\u00e1tiles, mermelada, pastel de miel, mazap\u00e1n y notas de clavo y corteza de casia. Na boca revela-se denso, camadas de um panforte concentrado com figo seco, nozes, especiarias e peles c\u00edtricas, bem como laranja de chocolate de leite e marmelada com peda\u00e7os. Atractivas notas de madera (ese roble refinado, aqu\u00ed con menos sabor a almendra y m\u00e1s a nuez) que est\u00e1n bien integradas, al igual que su esp\u00edritu v\u00ednico, que proporciona un final largo, suave, intenso pero bien equilibrado.<\/li>\n<li><strong>Informaci\u00f3n adicional<\/strong> Contiene sulfitos<\/li>\n<\/ul>\n","protected":false},"excerpt":{"rendered":"<p>Vasques de Carvalho Tawny 30 A\u00f1os Regi\u00f3n: Douro Capacidad: 75 cL Variedades de uva: cepas viejas Grado alcoh\u00f3lico:20% Vol. Nota de cata: Color \u00e1mbar intenso, muy brillante, con una nariz m\u00e1s a nuez que el de 20 a\u00f1os, sin perder ni un \u00e1pice de frutos secos, melocotones, higos secos, d\u00e1tiles, mermelada, pastel de miel, mazap\u00e1n [&hellip;]<\/p>\n","protected":false},"featured_media":9410,"template":"","meta":{"_monsterinsights_skip_tracking":false,"_monsterinsights_sitenote_active":false,"_monsterinsights_sitenote_note":"","_monsterinsights_sitenote_category":0},"product_brand":[],"product_cat":[225,209,212,361],"product_tag":[],"class_list":{"0":"post-8527","1":"product","2":"type-product","3":"status-publish","4":"has-post-thumbnail","6":"product_cat-oporto","7":"product_cat-pais-es-2","8":"product_cat-portugal-es-2","9":"product_cat-tawny-es","11":"first","12":"instock","13":"taxable","14":"shipping-taxable","15":"purchasable","16":"product-type-simple"},"aioseo_notices":[],"_links":{"self":[{"href":"https:\/\/pwinecastes.com\/es\/wp-json\/wp\/v2\/product\/8527","targetHints":{"allow":["GET"]}}],"collection":[{"href":"https:\/\/pwinecastes.com\/es\/wp-json\/wp\/v2\/product"}],"about":[{"href":"https:\/\/pwinecastes.com\/es\/wp-json\/wp\/v2\/types\/product"}],"version-history":[{"count":0,"href":"https:\/\/pwinecastes.com\/es\/wp-json\/wp\/v2\/product\/8527\/revisions"}],"wp:featuredmedia":[{"embeddable":true,"href":"https:\/\/pwinecastes.com\/es\/wp-json\/wp\/v2\/media\/9410"}],"wp:attachment":[{"href":"https:\/\/pwinecastes.com\/es\/wp-json\/wp\/v2\/media?parent=8527"}],"wp:term":[{"taxonomy":"product_brand","embeddable":true,"href":"https:\/\/pwinecastes.com\/es\/wp-json\/wp\/v2\/product_brand?post=8527"},{"taxonomy":"product_cat","embeddable":true,"href":"https:\/\/pwinecastes.com\/es\/wp-json\/wp\/v2\/product_cat?post=8527"},{"taxonomy":"product_tag","embeddable":true,"href":"https:\/\/pwinecastes.com\/es\/wp-json\/wp\/v2\/product_tag?post=8527"}],"curies":[{"name":"wp","href":"https:\/\/api.w.org\/{rel}","templated":true}]}}