{"id":8532,"date":"2024-05-07T09:01:34","date_gmt":"2024-05-07T09:01:34","guid":{"rendered":"https:\/\/luxuryinportugal.com\/pwinecastes\/product\/vasques-carvalho-tawny-40-anos\/"},"modified":"2024-05-25T15:31:41","modified_gmt":"2024-05-25T15:31:41","slug":"vasques-carvalho-tawny-40-anos","status":"publish","type":"product","link":"https:\/\/pwinecastes.com\/es\/product\/vasques-carvalho-tawny-40-anos\/","title":{"rendered":"Vasques Carvalho Tawny 40 Anos"},"content":{"rendered":"<p>Vasques Carvalho Tawny 40 A\u00f1os<\/p>\n<ul>\n<li><strong>Regi\u00f3n: <\/strong>Douro.<\/li>\n<li><strong>Capacidad:<\/strong> 75 cL<\/li>\n<li><strong>Variedades de uva: <\/strong>Vi\u00f1as viejas.<\/li>\n<li><strong>Teor Alco\u00f3lico: <\/strong>20 % vol.<\/li>\n<li><strong>Nota de cata: <\/strong>Sutil, con maderas ex\u00f3ticas, regaliz, frutos secos, caramelo, yodo, vinagrinho. Muy bien definido, perfectamente equilibrado entre dulzor, acidez integrada y rugosidad t\u00e1nica. Armonioso, exuberante, pero siempre comedido y sutil.<\/li>\n<li><strong>Otros datos:<\/strong> Contiene sulfitos.<\/li>\n<\/ul>\n","protected":false},"excerpt":{"rendered":"<p>Vasques Carvalho Tawny 40 A\u00f1os Regi\u00f3n: Douro. Capacidad: 75 cL Variedades de uva: Vi\u00f1as viejas. Teor Alco\u00f3lico: 20 % vol. Nota de cata: Sutil, con maderas ex\u00f3ticas, regaliz, frutos secos, caramelo, yodo, vinagrinho. Muy bien definido, perfectamente equilibrado entre dulzor, acidez integrada y rugosidad t\u00e1nica. Armonioso, exuberante, pero siempre comedido y sutil. Otros datos: Contiene [&hellip;]<\/p>\n","protected":false},"featured_media":9417,"template":"","meta":{"_monsterinsights_skip_tracking":false,"_monsterinsights_sitenote_active":false,"_monsterinsights_sitenote_note":"","_monsterinsights_sitenote_category":0},"product_brand":[],"product_cat":[225,209,212,361],"product_tag":[],"class_list":{"0":"post-8532","1":"product","2":"type-product","3":"status-publish","4":"has-post-thumbnail","6":"product_cat-oporto","7":"product_cat-pais-es-2","8":"product_cat-portugal-es-2","9":"product_cat-tawny-es","11":"first","12":"instock","13":"taxable","14":"shipping-taxable","15":"purchasable","16":"product-type-simple"},"aioseo_notices":[],"_links":{"self":[{"href":"https:\/\/pwinecastes.com\/es\/wp-json\/wp\/v2\/product\/8532","targetHints":{"allow":["GET"]}}],"collection":[{"href":"https:\/\/pwinecastes.com\/es\/wp-json\/wp\/v2\/product"}],"about":[{"href":"https:\/\/pwinecastes.com\/es\/wp-json\/wp\/v2\/types\/product"}],"version-history":[{"count":0,"href":"https:\/\/pwinecastes.com\/es\/wp-json\/wp\/v2\/product\/8532\/revisions"}],"wp:featuredmedia":[{"embeddable":true,"href":"https:\/\/pwinecastes.com\/es\/wp-json\/wp\/v2\/media\/9417"}],"wp:attachment":[{"href":"https:\/\/pwinecastes.com\/es\/wp-json\/wp\/v2\/media?parent=8532"}],"wp:term":[{"taxonomy":"product_brand","embeddable":true,"href":"https:\/\/pwinecastes.com\/es\/wp-json\/wp\/v2\/product_brand?post=8532"},{"taxonomy":"product_cat","embeddable":true,"href":"https:\/\/pwinecastes.com\/es\/wp-json\/wp\/v2\/product_cat?post=8532"},{"taxonomy":"product_tag","embeddable":true,"href":"https:\/\/pwinecastes.com\/es\/wp-json\/wp\/v2\/product_tag?post=8532"}],"curies":[{"name":"wp","href":"https:\/\/api.w.org\/{rel}","templated":true}]}}