{"id":8536,"date":"2024-05-07T09:32:06","date_gmt":"2024-05-07T09:32:06","guid":{"rendered":"https:\/\/luxuryinportugal.com\/pwinecastes\/product\/barao-de-vilar-colheita-2001\/"},"modified":"2024-05-07T09:32:06","modified_gmt":"2024-05-07T09:32:06","slug":"barao-de-vilar-colheita-2001","status":"publish","type":"product","link":"https:\/\/pwinecastes.com\/es\/product\/barao-de-vilar-colheita-2001\/","title":{"rendered":"Bar\u00e3o de Vilar Colheita 2001"},"content":{"rendered":"<p>Oporto Bar\u00e3o de Vilar Cosecha 2001<\/p>\n<ul>\n<li><strong>Regi\u00f3n: <\/strong>Portugal<\/li>\n<li><strong>Capacidad:<\/strong> 75 cL<\/li>\n<li><strong>Variedades de uva: <\/strong>Touriga Nacional, Touriga Franca, Tinta Roriz, Tinta Barroca, Tinto C\u00e3o<\/li>\n<li><strong>Graduaci\u00f3n alcoh\u00f3lica: <\/strong>20%.<\/li>\n<li><strong>Nota de cata:<\/strong> Con cuerpo, suave, con equilibrio y la elegancia \u00fanica de los viejos tawnies. Reflejo de un largo y cuidadoso envejecimiento en barricas de roble.<\/li>\n<li><strong>Maridaje: <\/strong>Va bien con postres, quesos o simplemente como digestivo.<\/li>\n<li><strong>Otros datos:<\/strong> Contiene sulfitos.<\/li>\n<\/ul>\n<p>&nbsp;<\/p>\n","protected":false},"excerpt":{"rendered":"<p>Oporto Bar\u00e3o de Vilar Cosecha 2001 Regi\u00f3n: Portugal Capacidad: 75 cL Variedades de uva: Touriga Nacional, Touriga Franca, Tinta Roriz, Tinta Barroca, Tinto C\u00e3o Graduaci\u00f3n alcoh\u00f3lica: 20%. Nota de cata: Con cuerpo, suave, con equilibrio y la elegancia \u00fanica de los viejos tawnies. Reflejo de un largo y cuidadoso envejecimiento en barricas de roble. Maridaje: [&hellip;]<\/p>\n","protected":false},"featured_media":9480,"template":"","meta":{"_monsterinsights_skip_tracking":false,"_monsterinsights_sitenote_active":false,"_monsterinsights_sitenote_note":"","_monsterinsights_sitenote_category":0},"product_brand":[],"product_cat":[363,225,209,212],"product_tag":[],"class_list":{"0":"post-8536","1":"product","2":"type-product","3":"status-publish","4":"has-post-thumbnail","6":"product_cat-cosecha","7":"product_cat-oporto","8":"product_cat-pais-es-2","9":"product_cat-portugal-es-2","11":"first","12":"instock","13":"taxable","14":"shipping-taxable","15":"purchasable","16":"product-type-simple"},"aioseo_notices":[],"_links":{"self":[{"href":"https:\/\/pwinecastes.com\/es\/wp-json\/wp\/v2\/product\/8536","targetHints":{"allow":["GET"]}}],"collection":[{"href":"https:\/\/pwinecastes.com\/es\/wp-json\/wp\/v2\/product"}],"about":[{"href":"https:\/\/pwinecastes.com\/es\/wp-json\/wp\/v2\/types\/product"}],"version-history":[{"count":0,"href":"https:\/\/pwinecastes.com\/es\/wp-json\/wp\/v2\/product\/8536\/revisions"}],"wp:featuredmedia":[{"embeddable":true,"href":"https:\/\/pwinecastes.com\/es\/wp-json\/wp\/v2\/media\/9480"}],"wp:attachment":[{"href":"https:\/\/pwinecastes.com\/es\/wp-json\/wp\/v2\/media?parent=8536"}],"wp:term":[{"taxonomy":"product_brand","embeddable":true,"href":"https:\/\/pwinecastes.com\/es\/wp-json\/wp\/v2\/product_brand?post=8536"},{"taxonomy":"product_cat","embeddable":true,"href":"https:\/\/pwinecastes.com\/es\/wp-json\/wp\/v2\/product_cat?post=8536"},{"taxonomy":"product_tag","embeddable":true,"href":"https:\/\/pwinecastes.com\/es\/wp-json\/wp\/v2\/product_tag?post=8536"}],"curies":[{"name":"wp","href":"https:\/\/api.w.org\/{rel}","templated":true}]}}