{"id":8540,"date":"2024-05-07T09:50:18","date_gmt":"2024-05-07T09:50:18","guid":{"rendered":"https:\/\/luxuryinportugal.com\/pwinecastes\/product\/burmester-40-anos\/"},"modified":"2024-05-20T16:25:47","modified_gmt":"2024-05-20T16:25:47","slug":"burmester-40-anos","status":"publish","type":"product","link":"https:\/\/pwinecastes.com\/es\/product\/burmester-40-anos\/","title":{"rendered":"Burmester 40 a\u00f1os"},"content":{"rendered":"<p>Oporto Tawny Burmester 40 A\u00f1os<\/p>\n<ul>\n<li><strong>Regi\u00f3n: <\/strong>Portugal<\/li>\n<li><strong>Capacidad:<\/strong> 75 cL<\/li>\n<li><strong>Contenido de alcohol:<\/strong> 20% Vol<\/li>\n<li><strong>Notas de cata:<\/strong> Marr\u00f3n verdoso con notas de frutos secos, especias y miel. El paladar es aterciopelado, envolvente, complejo y con un final potente.<\/li>\n<li><strong>Maridaje: <\/strong>Ideal con dulces de convento, quesos y fruta.<\/li>\n<li><strong>Otros datos:<\/strong> Contiene sulfitos.<\/li>\n<\/ul>\n","protected":false},"excerpt":{"rendered":"<p>Oporto Tawny Burmester 40 A\u00f1os Regi\u00f3n: Portugal Capacidad: 75 cL Contenido de alcohol: 20% Vol Notas de cata: Marr\u00f3n verdoso con notas de frutos secos, especias y miel. El paladar es aterciopelado, envolvente, complejo y con un final potente. Maridaje: Ideal con dulces de convento, quesos y fruta. Otros datos: Contiene sulfitos.<\/p>\n","protected":false},"featured_media":9499,"template":"","meta":{"_monsterinsights_skip_tracking":false,"_monsterinsights_sitenote_active":false,"_monsterinsights_sitenote_note":"","_monsterinsights_sitenote_category":0},"product_brand":[],"product_cat":[225,209,212,361],"product_tag":[],"class_list":{"0":"post-8540","1":"product","2":"type-product","3":"status-publish","4":"has-post-thumbnail","6":"product_cat-oporto","7":"product_cat-pais-es-2","8":"product_cat-portugal-es-2","9":"product_cat-tawny-es","11":"first","12":"outofstock","13":"taxable","14":"shipping-taxable","15":"purchasable","16":"product-type-simple"},"aioseo_notices":[],"_links":{"self":[{"href":"https:\/\/pwinecastes.com\/es\/wp-json\/wp\/v2\/product\/8540","targetHints":{"allow":["GET"]}}],"collection":[{"href":"https:\/\/pwinecastes.com\/es\/wp-json\/wp\/v2\/product"}],"about":[{"href":"https:\/\/pwinecastes.com\/es\/wp-json\/wp\/v2\/types\/product"}],"version-history":[{"count":0,"href":"https:\/\/pwinecastes.com\/es\/wp-json\/wp\/v2\/product\/8540\/revisions"}],"wp:featuredmedia":[{"embeddable":true,"href":"https:\/\/pwinecastes.com\/es\/wp-json\/wp\/v2\/media\/9499"}],"wp:attachment":[{"href":"https:\/\/pwinecastes.com\/es\/wp-json\/wp\/v2\/media?parent=8540"}],"wp:term":[{"taxonomy":"product_brand","embeddable":true,"href":"https:\/\/pwinecastes.com\/es\/wp-json\/wp\/v2\/product_brand?post=8540"},{"taxonomy":"product_cat","embeddable":true,"href":"https:\/\/pwinecastes.com\/es\/wp-json\/wp\/v2\/product_cat?post=8540"},{"taxonomy":"product_tag","embeddable":true,"href":"https:\/\/pwinecastes.com\/es\/wp-json\/wp\/v2\/product_tag?post=8540"}],"curies":[{"name":"wp","href":"https:\/\/api.w.org\/{rel}","templated":true}]}}