{"id":8544,"date":"2024-05-07T09:59:04","date_gmt":"2024-05-07T09:59:04","guid":{"rendered":"https:\/\/luxuryinportugal.com\/pwinecastes\/product\/calem-10-anos\/"},"modified":"2024-05-07T09:59:04","modified_gmt":"2024-05-07T09:59:04","slug":"calem-10-anos","status":"publish","type":"product","link":"https:\/\/pwinecastes.com\/es\/product\/calem-10-anos\/","title":{"rendered":"C\u00e1lem 10 a\u00f1os"},"content":{"rendered":"<p>Vino de Oporto C\u00e1lem 10 a\u00f1os<\/p>\n<ul>\n<li><strong>Regi\u00f3n: <\/strong>Douro, Portugal<\/li>\n<li><strong>Capacidad:<\/strong> 75 cL<\/li>\n<li><strong>Variedades de uva:<\/strong> Vi\u00f1as viejas.<\/li>\n<li><strong><strong><strong>Graduaci\u00f3n alcoh\u00f3lica: <\/strong><\/strong><\/strong>20% Vol<\/li>\n<li><strong>Nota de cata: <\/strong>Tiene un color marr\u00f3n topacio, con aromas de madera, frutos secos y chocolate. En boca es aterciopelado, intenso y de sabor persistente.<\/li>\n<li><strong>Maridaje: <\/strong>Ideal con frutos secos, quesos y postres.<\/li>\n<li><strong>Otros datos:<\/strong> Contiene sulfitos.<\/li>\n<\/ul>\n","protected":false},"excerpt":{"rendered":"<p>Vino de Oporto C\u00e1lem 10 a\u00f1os Regi\u00f3n: Douro, Portugal Capacidad: 75 cL Variedades de uva: Vi\u00f1as viejas. Graduaci\u00f3n alcoh\u00f3lica: 20% Vol Nota de cata: Tiene un color marr\u00f3n topacio, con aromas de madera, frutos secos y chocolate. En boca es aterciopelado, intenso y de sabor persistente. Maridaje: Ideal con frutos secos, quesos y postres. Otros [&hellip;]<\/p>\n","protected":false},"featured_media":9517,"template":"","meta":{"_monsterinsights_skip_tracking":false,"_monsterinsights_sitenote_active":false,"_monsterinsights_sitenote_note":"","_monsterinsights_sitenote_category":0},"product_brand":[],"product_cat":[225,209,212,361],"product_tag":[],"class_list":{"0":"post-8544","1":"product","2":"type-product","3":"status-publish","4":"has-post-thumbnail","6":"product_cat-oporto","7":"product_cat-pais-es-2","8":"product_cat-portugal-es-2","9":"product_cat-tawny-es","11":"first","12":"instock","13":"taxable","14":"shipping-taxable","15":"purchasable","16":"product-type-simple"},"aioseo_notices":[],"_links":{"self":[{"href":"https:\/\/pwinecastes.com\/es\/wp-json\/wp\/v2\/product\/8544","targetHints":{"allow":["GET"]}}],"collection":[{"href":"https:\/\/pwinecastes.com\/es\/wp-json\/wp\/v2\/product"}],"about":[{"href":"https:\/\/pwinecastes.com\/es\/wp-json\/wp\/v2\/types\/product"}],"version-history":[{"count":0,"href":"https:\/\/pwinecastes.com\/es\/wp-json\/wp\/v2\/product\/8544\/revisions"}],"wp:featuredmedia":[{"embeddable":true,"href":"https:\/\/pwinecastes.com\/es\/wp-json\/wp\/v2\/media\/9517"}],"wp:attachment":[{"href":"https:\/\/pwinecastes.com\/es\/wp-json\/wp\/v2\/media?parent=8544"}],"wp:term":[{"taxonomy":"product_brand","embeddable":true,"href":"https:\/\/pwinecastes.com\/es\/wp-json\/wp\/v2\/product_brand?post=8544"},{"taxonomy":"product_cat","embeddable":true,"href":"https:\/\/pwinecastes.com\/es\/wp-json\/wp\/v2\/product_cat?post=8544"},{"taxonomy":"product_tag","embeddable":true,"href":"https:\/\/pwinecastes.com\/es\/wp-json\/wp\/v2\/product_tag?post=8544"}],"curies":[{"name":"wp","href":"https:\/\/api.w.org\/{rel}","templated":true}]}}