{"id":8552,"date":"2024-05-07T10:49:40","date_gmt":"2024-05-07T10:49:40","guid":{"rendered":"https:\/\/luxuryinportugal.com\/pwinecastes\/product\/calem-30-anos\/"},"modified":"2024-05-20T17:02:06","modified_gmt":"2024-05-20T17:02:06","slug":"calem-30-anos","status":"publish","type":"product","link":"https:\/\/pwinecastes.com\/es\/product\/calem-30-anos\/","title":{"rendered":"C\u00e1lem 30 a\u00f1os"},"content":{"rendered":"<p>Vino de Oporto C\u00e1lem 30 A\u00f1os<\/p>\n<ul>\n<li><strong>Regi\u00f3n: <\/strong>Douro, Portugal<\/li>\n<li><strong>Capacidad:<\/strong> 75 cL<\/li>\n<li><strong>Variedades de uva:<\/strong> Tinta Barroca, Tinta Roriz, Touriga Franca, Touriga Nacional<\/li>\n<li><strong>Graduaci\u00f3n alcoh\u00f3lica: <\/strong>20% Vol.<\/li>\n<li><strong>Notas de cata:<\/strong> Color rubio, con reflejos verdosos. Nariz magn\u00edficamente arom\u00e1tica, de gran elegancia, donde destacan notas de madera, especias y frutos secos<strong>.<\/strong>\u00a0Suave y sedoso en el paladar, revela una fuerte personalidad y gran persistencia.<\/li>\n<li><strong>Otros datos:<\/strong> Contiene sulfitos.<\/li>\n<\/ul>\n","protected":false},"excerpt":{"rendered":"<p>Vino de Oporto C\u00e1lem 30 A\u00f1os Regi\u00f3n: Douro, Portugal Capacidad: 75 cL Variedades de uva: Tinta Barroca, Tinta Roriz, Touriga Franca, Touriga Nacional Graduaci\u00f3n alcoh\u00f3lica: 20% Vol. Notas de cata: Color rubio, con reflejos verdosos. Nariz magn\u00edficamente arom\u00e1tica, de gran elegancia, donde destacan notas de madera, especias y frutos secos.\u00a0Suave y sedoso en el paladar, [&hellip;]<\/p>\n","protected":false},"featured_media":9680,"template":"","meta":{"_monsterinsights_skip_tracking":false,"_monsterinsights_sitenote_active":false,"_monsterinsights_sitenote_note":"","_monsterinsights_sitenote_category":0},"product_brand":[],"product_cat":[225,209,212,361],"product_tag":[],"class_list":{"0":"post-8552","1":"product","2":"type-product","3":"status-publish","4":"has-post-thumbnail","6":"product_cat-oporto","7":"product_cat-pais-es-2","8":"product_cat-portugal-es-2","9":"product_cat-tawny-es","11":"first","12":"instock","13":"taxable","14":"shipping-taxable","15":"purchasable","16":"product-type-simple"},"aioseo_notices":[],"_links":{"self":[{"href":"https:\/\/pwinecastes.com\/es\/wp-json\/wp\/v2\/product\/8552","targetHints":{"allow":["GET"]}}],"collection":[{"href":"https:\/\/pwinecastes.com\/es\/wp-json\/wp\/v2\/product"}],"about":[{"href":"https:\/\/pwinecastes.com\/es\/wp-json\/wp\/v2\/types\/product"}],"version-history":[{"count":0,"href":"https:\/\/pwinecastes.com\/es\/wp-json\/wp\/v2\/product\/8552\/revisions"}],"wp:featuredmedia":[{"embeddable":true,"href":"https:\/\/pwinecastes.com\/es\/wp-json\/wp\/v2\/media\/9680"}],"wp:attachment":[{"href":"https:\/\/pwinecastes.com\/es\/wp-json\/wp\/v2\/media?parent=8552"}],"wp:term":[{"taxonomy":"product_brand","embeddable":true,"href":"https:\/\/pwinecastes.com\/es\/wp-json\/wp\/v2\/product_brand?post=8552"},{"taxonomy":"product_cat","embeddable":true,"href":"https:\/\/pwinecastes.com\/es\/wp-json\/wp\/v2\/product_cat?post=8552"},{"taxonomy":"product_tag","embeddable":true,"href":"https:\/\/pwinecastes.com\/es\/wp-json\/wp\/v2\/product_tag?post=8552"}],"curies":[{"name":"wp","href":"https:\/\/api.w.org\/{rel}","templated":true}]}}