{"id":8561,"date":"2024-05-07T11:07:49","date_gmt":"2024-05-07T11:07:49","guid":{"rendered":"https:\/\/luxuryinportugal.com\/pwinecastes\/product\/cockburns-vintage-2017\/"},"modified":"2024-05-07T11:07:49","modified_gmt":"2024-05-07T11:07:49","slug":"cockburns-vintage-2017","status":"publish","type":"product","link":"https:\/\/pwinecastes.com\/es\/product\/cockburns-vintage-2017\/","title":{"rendered":"Cockburn&#8217;s Vintage 2017"},"content":{"rendered":"<p>Oporto Vintage Cockburn&#8217;s 2017<\/p>\n<ul>\n<li><strong>Regi\u00f3n: <\/strong>Cockburn&#8217;s<\/li>\n<li><strong>Capacidad:<\/strong> 75 cL<\/li>\n<li><strong>Variedades de uva:<\/strong> Vi\u00f1as viejas.<\/li>\n<li><strong>Graduaci\u00f3n alcoh\u00f3lica: <\/strong>20% Vol.<\/li>\n<li><strong>Nota de cata: <\/strong>Color opaco, casi negro, aroma extremadamente complejo con notas de rosa y frutos rojos y algo de mineralidad, sabor intenso con excelente fruta, taninos picantes y un agarre que lo mantiene en el paladar en un final interminable.<\/li>\n<li><strong>Maridaje: <\/strong>Combina bien con dulces, postres y quesos.<\/li>\n<li><strong>Otros datos:<\/strong> Contiene sulfitos.<\/li>\n<\/ul>\n","protected":false},"excerpt":{"rendered":"<p>Oporto Vintage Cockburn&#8217;s 2017 Regi\u00f3n: Cockburn&#8217;s Capacidad: 75 cL Variedades de uva: Vi\u00f1as viejas. Graduaci\u00f3n alcoh\u00f3lica: 20% Vol. Nota de cata: Color opaco, casi negro, aroma extremadamente complejo con notas de rosa y frutos rojos y algo de mineralidad, sabor intenso con excelente fruta, taninos picantes y un agarre que lo mantiene en el paladar [&hellip;]<\/p>\n","protected":false},"featured_media":9724,"template":"","meta":{"_monsterinsights_skip_tracking":false,"_monsterinsights_sitenote_active":false,"_monsterinsights_sitenote_note":"","_monsterinsights_sitenote_category":0},"product_brand":[],"product_cat":[225,102,360],"product_tag":[],"class_list":{"0":"post-8561","1":"product","2":"type-product","3":"status-publish","4":"has-post-thumbnail","6":"product_cat-oporto","7":"product_cat-vinos","8":"product_cat-vintage-es","10":"first","11":"instock","12":"taxable","13":"shipping-taxable","14":"purchasable","15":"product-type-simple"},"aioseo_notices":[],"_links":{"self":[{"href":"https:\/\/pwinecastes.com\/es\/wp-json\/wp\/v2\/product\/8561","targetHints":{"allow":["GET"]}}],"collection":[{"href":"https:\/\/pwinecastes.com\/es\/wp-json\/wp\/v2\/product"}],"about":[{"href":"https:\/\/pwinecastes.com\/es\/wp-json\/wp\/v2\/types\/product"}],"version-history":[{"count":0,"href":"https:\/\/pwinecastes.com\/es\/wp-json\/wp\/v2\/product\/8561\/revisions"}],"wp:featuredmedia":[{"embeddable":true,"href":"https:\/\/pwinecastes.com\/es\/wp-json\/wp\/v2\/media\/9724"}],"wp:attachment":[{"href":"https:\/\/pwinecastes.com\/es\/wp-json\/wp\/v2\/media?parent=8561"}],"wp:term":[{"taxonomy":"product_brand","embeddable":true,"href":"https:\/\/pwinecastes.com\/es\/wp-json\/wp\/v2\/product_brand?post=8561"},{"taxonomy":"product_cat","embeddable":true,"href":"https:\/\/pwinecastes.com\/es\/wp-json\/wp\/v2\/product_cat?post=8561"},{"taxonomy":"product_tag","embeddable":true,"href":"https:\/\/pwinecastes.com\/es\/wp-json\/wp\/v2\/product_tag?post=8561"}],"curies":[{"name":"wp","href":"https:\/\/api.w.org\/{rel}","templated":true}]}}