{"id":8566,"date":"2024-05-07T14:03:45","date_gmt":"2024-05-07T14:03:45","guid":{"rendered":"https:\/\/luxuryinportugal.com\/pwinecastes\/product\/dows-quinta-senhora-da-ribeira-vintage-2018\/"},"modified":"2024-05-20T17:28:35","modified_gmt":"2024-05-20T17:28:35","slug":"dows-quinta-senhora-da-ribeira-vintage-2018","status":"publish","type":"product","link":"https:\/\/pwinecastes.com\/es\/product\/dows-quinta-senhora-da-ribeira-vintage-2018\/","title":{"rendered":"Dow&#8217;s Quinta Senhora da Ribeira Vintage 2018"},"content":{"rendered":"<p>Dow&#8217;s Quinta Senhora da Ribeira Oporto Vintage 2018<\/p>\n<ul>\n<li><strong>Regi\u00f3n: <\/strong>Douro, Portugal<\/li>\n<li><strong>Capacidad:<\/strong> 75 cL<\/li>\n<li><strong>Graduaci\u00f3n alcoh\u00f3lica: <\/strong>20% Vol.<\/li>\n<li><strong>Nota de cata: <\/strong>Aromas t\u00edpicos de Senhora da Ribeira de violetas con discretas notas de menta fresca. Potente y voluminoso en boca con opulentos sabores de frutas negras, regaliz y grosella negra.<\/li>\n<li><strong>Armonizaci\u00f3n: <\/strong>Combina bien con dulces y postres.<\/li>\n<li><strong>Otros datos:<\/strong> Contiene sulfitos.<\/li>\n<\/ul>\n<p>&nbsp;<\/p>\n","protected":false},"excerpt":{"rendered":"<p>Dow&#8217;s Quinta Senhora da Ribeira Oporto Vintage 2018 Regi\u00f3n: Douro, Portugal Capacidad: 75 cL Graduaci\u00f3n alcoh\u00f3lica: 20% Vol. Nota de cata: Aromas t\u00edpicos de Senhora da Ribeira de violetas con discretas notas de menta fresca. Potente y voluminoso en boca con opulentos sabores de frutas negras, regaliz y grosella negra. Armonizaci\u00f3n: Combina bien con dulces [&hellip;]<\/p>\n","protected":false},"featured_media":9742,"template":"","meta":{"_monsterinsights_skip_tracking":false,"_monsterinsights_sitenote_active":false,"_monsterinsights_sitenote_note":"","_monsterinsights_sitenote_category":0},"product_brand":[],"product_cat":[225,209,212,360],"product_tag":[],"class_list":{"0":"post-8566","1":"product","2":"type-product","3":"status-publish","4":"has-post-thumbnail","6":"product_cat-oporto","7":"product_cat-pais-es-2","8":"product_cat-portugal-es-2","9":"product_cat-vintage-es","11":"first","12":"instock","13":"taxable","14":"shipping-taxable","15":"purchasable","16":"product-type-simple"},"aioseo_notices":[],"_links":{"self":[{"href":"https:\/\/pwinecastes.com\/es\/wp-json\/wp\/v2\/product\/8566","targetHints":{"allow":["GET"]}}],"collection":[{"href":"https:\/\/pwinecastes.com\/es\/wp-json\/wp\/v2\/product"}],"about":[{"href":"https:\/\/pwinecastes.com\/es\/wp-json\/wp\/v2\/types\/product"}],"version-history":[{"count":0,"href":"https:\/\/pwinecastes.com\/es\/wp-json\/wp\/v2\/product\/8566\/revisions"}],"wp:featuredmedia":[{"embeddable":true,"href":"https:\/\/pwinecastes.com\/es\/wp-json\/wp\/v2\/media\/9742"}],"wp:attachment":[{"href":"https:\/\/pwinecastes.com\/es\/wp-json\/wp\/v2\/media?parent=8566"}],"wp:term":[{"taxonomy":"product_brand","embeddable":true,"href":"https:\/\/pwinecastes.com\/es\/wp-json\/wp\/v2\/product_brand?post=8566"},{"taxonomy":"product_cat","embeddable":true,"href":"https:\/\/pwinecastes.com\/es\/wp-json\/wp\/v2\/product_cat?post=8566"},{"taxonomy":"product_tag","embeddable":true,"href":"https:\/\/pwinecastes.com\/es\/wp-json\/wp\/v2\/product_tag?post=8566"}],"curies":[{"name":"wp","href":"https:\/\/api.w.org\/{rel}","templated":true}]}}